{"id":11010,"date":"2021-06-14T14:49:27","date_gmt":"2021-06-14T14:49:27","guid":{"rendered":"https:\/\/www.sopro.pt\/produto\/kit-psx-tijera-de-cortedesbaste-6-chrom\/"},"modified":"2024-05-09T16:16:20","modified_gmt":"2024-05-09T16:16:20","slug":"kit-psx-tijera-de-cortedesbaste-6-chrom","status":"publish","type":"product","link":"https:\/\/www.sopro.pt\/es\/produto\/kit-psx-tijera-de-cortedesbaste-6-chrom\/","title":{"rendered":"KIT PSX &#8211; TIJERA DE CORTE+DESBASTE 6&#8243; (CHROM)"},"content":{"rendered":"<p><strong>Acero japon\u00e9s de calidad:<\/strong> las hojas de acero japon\u00e9s 440c proporcionan cortes n\u00edtidos y mantienen el filo durante m\u00e1s tiempo, lo que garantiza un rendimiento duradero.<\/p>\n<p><strong>Hoja de l\u00ednea recta:<\/strong> La hoja de l\u00ednea recta es ideal para cortes precisos, mientras que las tijeras de adelgazamiento ofrecen textura y control suaves.<\/p>\n<p><strong>Acabado excepcional:<\/strong> Con un acabado de titanio y pulido mate, este juego no solo ofrece un rendimiento superior sino que tambi\u00e9n es visualmente atractivo.<\/p>\n<p><strong>Forma ergon\u00f3mica:<\/strong> el dise\u00f1o ergon\u00f3mico proporciona comodidad durante largas sesiones de trabajo, reduciendo la fatiga de las manos.<\/p>\n<p><strong>Incluye Pr\u00e1ctico Estuche:<\/strong> El set va acompa\u00f1ado de un estuche que no solo protege las tijeras, sino que tambi\u00e9n facilita su transporte y almacenamiento.<\/p>\n<p>Eleve el arte del corte de cabello com el Kit de Tijeras de Corte y de Desbaste de 6\u201d. Desarrollado para brindar precisi\u00f3n, versatilidad y comodidad, este set es la elecci\u00f3n perfecta para los estilistas que buscan la excelencia en cada corte. \u2702\ufe0f\ud83d\udc87\u200d\u2642\ufe0f<\/p>\n","protected":false},"excerpt":{"rendered":"<h5><strong style=\"font-family: Montserrat; font-size: 36px;\">Kit de Precisi\u00f3n y Confort en cada corte<\/strong><\/h5>\n<p>Este kit de tijeras es la opci\u00f3n ideal para estilistas que buscan una calidad excepcional y un rendimiento superior. Desarrollado con hojas de acero japon\u00e9s 440c, conocidas por su filo y durabilidad, este juego ofrece la versatilidad necesaria para t\u00e9cnicas de corte y rectificado precisos.<\/p>\n","protected":false},"featured_media":10244,"template":"","meta":[],"product_brand":[],"product_cat":[197,160,196,195,158],"product_tag":[],"class_list":{"0":"post-11010","1":"product","2":"type-product","3":"status-publish","4":"has-post-thumbnail","6":"product_cat-barbero","7":"product_cat-peluqueria","8":"product_cat-tijeras-es","9":"product_cat-tijeras","10":"product_cat-todas-las-categorias","12":"first","13":"instock","14":"shipping-taxable","15":"purchasable","16":"product-type-simple","17":"wpzoom-wc-spi-has-enabled"},"yoast_head":"<!-- This site is optimized with the Yoast SEO plugin v27.3 - https:\/\/yoast.com\/product\/yoast-seo-wordpress\/ -->\n<title>KIT PSX - TIJERA DE CORTE+DESBASTE 6&quot; (CHROM) - Sopro - Equipamentos el\u00e9tricos para cabeleireiro<\/title>\n<meta name=\"description\" content=\"Professional - Equipamentos el\u00e9tricos para cabeleireiro. A Sopro \u00e9 uma marca Portuguesa de equipamentos el\u00e9tricos do setor profissional de cabeleireiro.\" \/>\n<meta name=\"robots\" content=\"index, follow, max-snippet:-1, max-image-preview:large, max-video-preview:-1\" \/>\n<link rel=\"canonical\" href=\"https:\/\/www.sopro.pt\/es\/produto\/kit-psx-tijera-de-cortedesbaste-6-chrom\/\" \/>\n<meta property=\"og:locale\" content=\"es_ES\" \/>\n<meta property=\"og:type\" content=\"article\" \/>\n<meta property=\"og:title\" content=\"KIT PSX - TIJERA DE CORTE+DESBASTE 6&quot; (CHROM) - Sopro - Equipamentos el\u00e9tricos para cabeleireiro\" \/>\n<meta property=\"og:description\" content=\"Professional - Equipamentos el\u00e9tricos para cabeleireiro. A Sopro \u00e9 uma marca Portuguesa de equipamentos el\u00e9tricos do setor profissional de cabeleireiro.\" \/>\n<meta property=\"og:url\" content=\"https:\/\/www.sopro.pt\/es\/produto\/kit-psx-tijera-de-cortedesbaste-6-chrom\/\" \/>\n<meta property=\"og:site_name\" content=\"Sopro - Equipamentos el\u00e9tricos para cabeleireiro\" \/>\n<meta property=\"article:publisher\" content=\"https:\/\/www.facebook.com\/soproprofessionals\/\" \/>\n<meta property=\"article:modified_time\" content=\"2024-05-09T16:16:20+00:00\" \/>\n<meta property=\"og:image\" content=\"https:\/\/www.sopro.pt\/wp-content\/uploads\/2021\/06\/SOPRO-KIT-PSX-\u2013-TESOURA-DE-CORTEDESBASTE-6\u2033-CHROM.png\" \/>\n\t<meta property=\"og:image:width\" content=\"1080\" \/>\n\t<meta property=\"og:image:height\" content=\"1080\" \/>\n\t<meta property=\"og:image:type\" content=\"image\/png\" \/>\n<meta name=\"twitter:card\" content=\"summary_large_image\" \/>\n<meta name=\"twitter:label1\" content=\"Tiempo de lectura\" \/>\n\t<meta name=\"twitter:data1\" content=\"1 minuto\" \/>\n<script type=\"application\/ld+json\" class=\"yoast-schema-graph\">{\"@context\":\"https:\\\/\\\/schema.org\",\"@graph\":[{\"@type\":\"WebPage\",\"@id\":\"https:\\\/\\\/www.sopro.pt\\\/es\\\/produto\\\/kit-psx-tijera-de-cortedesbaste-6-chrom\\\/\",\"url\":\"https:\\\/\\\/www.sopro.pt\\\/es\\\/produto\\\/kit-psx-tijera-de-cortedesbaste-6-chrom\\\/\",\"name\":\"KIT PSX - TIJERA DE CORTE+DESBASTE 6\\\" (CHROM) - Sopro - Equipamentos el\u00e9tricos para cabeleireiro\",\"isPartOf\":{\"@id\":\"https:\\\/\\\/www.sopro.pt\\\/es\\\/#website\"},\"primaryImageOfPage\":{\"@id\":\"https:\\\/\\\/www.sopro.pt\\\/es\\\/produto\\\/kit-psx-tijera-de-cortedesbaste-6-chrom\\\/#primaryimage\"},\"image\":{\"@id\":\"https:\\\/\\\/www.sopro.pt\\\/es\\\/produto\\\/kit-psx-tijera-de-cortedesbaste-6-chrom\\\/#primaryimage\"},\"thumbnailUrl\":\"https:\\\/\\\/www.sopro.pt\\\/wp-content\\\/uploads\\\/2021\\\/06\\\/SOPRO-KIT-PSX-\u2013-TESOURA-DE-CORTEDESBASTE-6\u2033-CHROM.png\",\"datePublished\":\"2021-06-14T14:49:27+00:00\",\"dateModified\":\"2024-05-09T16:16:20+00:00\",\"description\":\"Professional - Equipamentos el\u00e9tricos para cabeleireiro. A Sopro \u00e9 uma marca Portuguesa de equipamentos el\u00e9tricos do setor profissional de cabeleireiro.\",\"breadcrumb\":{\"@id\":\"https:\\\/\\\/www.sopro.pt\\\/es\\\/produto\\\/kit-psx-tijera-de-cortedesbaste-6-chrom\\\/#breadcrumb\"},\"inLanguage\":\"es\",\"potentialAction\":[{\"@type\":\"ReadAction\",\"target\":[\"https:\\\/\\\/www.sopro.pt\\\/es\\\/produto\\\/kit-psx-tijera-de-cortedesbaste-6-chrom\\\/\"]}]},{\"@type\":\"ImageObject\",\"inLanguage\":\"es\",\"@id\":\"https:\\\/\\\/www.sopro.pt\\\/es\\\/produto\\\/kit-psx-tijera-de-cortedesbaste-6-chrom\\\/#primaryimage\",\"url\":\"https:\\\/\\\/www.sopro.pt\\\/wp-content\\\/uploads\\\/2021\\\/06\\\/SOPRO-KIT-PSX-\u2013-TESOURA-DE-CORTEDESBASTE-6\u2033-CHROM.png\",\"contentUrl\":\"https:\\\/\\\/www.sopro.pt\\\/wp-content\\\/uploads\\\/2021\\\/06\\\/SOPRO-KIT-PSX-\u2013-TESOURA-DE-CORTEDESBASTE-6\u2033-CHROM.png\",\"width\":1080,\"height\":1080,\"caption\":\"Kit Tesouras - Sopro Professionals\"},{\"@type\":\"BreadcrumbList\",\"@id\":\"https:\\\/\\\/www.sopro.pt\\\/es\\\/produto\\\/kit-psx-tijera-de-cortedesbaste-6-chrom\\\/#breadcrumb\",\"itemListElement\":[{\"@type\":\"ListItem\",\"position\":1,\"name\":\"In\u00edcio\",\"item\":\"https:\\\/\\\/www.sopro.pt\\\/es\\\/home-2\\\/\"},{\"@type\":\"ListItem\",\"position\":2,\"name\":\"Productos\",\"item\":\"https:\\\/\\\/www.sopro.pt\\\/es\\\/shop\\\/\"},{\"@type\":\"ListItem\",\"position\":3,\"name\":\"KIT PSX &#8211; TIJERA DE CORTE+DESBASTE 6&#8243; (CHROM)\"}]},{\"@type\":\"WebSite\",\"@id\":\"https:\\\/\\\/www.sopro.pt\\\/es\\\/#website\",\"url\":\"https:\\\/\\\/www.sopro.pt\\\/es\\\/\",\"name\":\"Sopro Professionals\",\"description\":\"Professional - Equipamentos el\u00e9tricos para cabeleireiro. A Sopro \u00e9 uma marca Portuguesa de equipamentos el\u00e9tricos do setor profissional de cabeleireiro.\",\"publisher\":{\"@id\":\"https:\\\/\\\/www.sopro.pt\\\/es\\\/#organization\"},\"alternateName\":\"Sopro\",\"potentialAction\":[{\"@type\":\"SearchAction\",\"target\":{\"@type\":\"EntryPoint\",\"urlTemplate\":\"https:\\\/\\\/www.sopro.pt\\\/es\\\/?s={search_term_string}\"},\"query-input\":{\"@type\":\"PropertyValueSpecification\",\"valueRequired\":true,\"valueName\":\"search_term_string\"}}],\"inLanguage\":\"es\"},{\"@type\":\"Organization\",\"@id\":\"https:\\\/\\\/www.sopro.pt\\\/es\\\/#organization\",\"name\":\"Sopro Professionals\",\"url\":\"https:\\\/\\\/www.sopro.pt\\\/es\\\/\",\"logo\":{\"@type\":\"ImageObject\",\"inLanguage\":\"es\",\"@id\":\"https:\\\/\\\/www.sopro.pt\\\/es\\\/#\\\/schema\\\/logo\\\/image\\\/\",\"url\":\"https:\\\/\\\/www.sopro.pt\\\/wp-content\\\/uploads\\\/2024\\\/01\\\/SOPRO-PROFESSIONALS-FAVICON-web.svg\",\"contentUrl\":\"https:\\\/\\\/www.sopro.pt\\\/wp-content\\\/uploads\\\/2024\\\/01\\\/SOPRO-PROFESSIONALS-FAVICON-web.svg\",\"width\":512,\"height\":512,\"caption\":\"Sopro Professionals\"},\"image\":{\"@id\":\"https:\\\/\\\/www.sopro.pt\\\/es\\\/#\\\/schema\\\/logo\\\/image\\\/\"},\"sameAs\":[\"https:\\\/\\\/www.facebook.com\\\/soproprofessionals\\\/\",\"https:\\\/\\\/www.instagram.com\\\/sopro_professionals\\\/\"]}]}<\/script>\n<!-- \/ Yoast SEO plugin. -->","yoast_head_json":{"title":"KIT PSX - TIJERA DE CORTE+DESBASTE 6\" (CHROM) - Sopro - Equipamentos el\u00e9tricos para cabeleireiro","description":"Professional - Equipamentos el\u00e9tricos para cabeleireiro. A Sopro \u00e9 uma marca Portuguesa de equipamentos el\u00e9tricos do setor profissional de cabeleireiro.","robots":{"index":"index","follow":"follow","max-snippet":"max-snippet:-1","max-image-preview":"max-image-preview:large","max-video-preview":"max-video-preview:-1"},"canonical":"https:\/\/www.sopro.pt\/es\/produto\/kit-psx-tijera-de-cortedesbaste-6-chrom\/","og_locale":"es_ES","og_type":"article","og_title":"KIT PSX - TIJERA DE CORTE+DESBASTE 6\" (CHROM) - Sopro - Equipamentos el\u00e9tricos para cabeleireiro","og_description":"Professional - Equipamentos el\u00e9tricos para cabeleireiro. A Sopro \u00e9 uma marca Portuguesa de equipamentos el\u00e9tricos do setor profissional de cabeleireiro.","og_url":"https:\/\/www.sopro.pt\/es\/produto\/kit-psx-tijera-de-cortedesbaste-6-chrom\/","og_site_name":"Sopro - Equipamentos el\u00e9tricos para cabeleireiro","article_publisher":"https:\/\/www.facebook.com\/soproprofessionals\/","article_modified_time":"2024-05-09T16:16:20+00:00","og_image":[{"width":1080,"height":1080,"url":"https:\/\/www.sopro.pt\/wp-content\/uploads\/2021\/06\/SOPRO-KIT-PSX-\u2013-TESOURA-DE-CORTEDESBASTE-6\u2033-CHROM.png","type":"image\/png"}],"twitter_card":"summary_large_image","twitter_misc":{"Tiempo de lectura":"1 minuto"},"schema":{"@context":"https:\/\/schema.org","@graph":[{"@type":"WebPage","@id":"https:\/\/www.sopro.pt\/es\/produto\/kit-psx-tijera-de-cortedesbaste-6-chrom\/","url":"https:\/\/www.sopro.pt\/es\/produto\/kit-psx-tijera-de-cortedesbaste-6-chrom\/","name":"KIT PSX - TIJERA DE CORTE+DESBASTE 6\" (CHROM) - Sopro - Equipamentos el\u00e9tricos para cabeleireiro","isPartOf":{"@id":"https:\/\/www.sopro.pt\/es\/#website"},"primaryImageOfPage":{"@id":"https:\/\/www.sopro.pt\/es\/produto\/kit-psx-tijera-de-cortedesbaste-6-chrom\/#primaryimage"},"image":{"@id":"https:\/\/www.sopro.pt\/es\/produto\/kit-psx-tijera-de-cortedesbaste-6-chrom\/#primaryimage"},"thumbnailUrl":"https:\/\/www.sopro.pt\/wp-content\/uploads\/2021\/06\/SOPRO-KIT-PSX-\u2013-TESOURA-DE-CORTEDESBASTE-6\u2033-CHROM.png","datePublished":"2021-06-14T14:49:27+00:00","dateModified":"2024-05-09T16:16:20+00:00","description":"Professional - Equipamentos el\u00e9tricos para cabeleireiro. A Sopro \u00e9 uma marca Portuguesa de equipamentos el\u00e9tricos do setor profissional de cabeleireiro.","breadcrumb":{"@id":"https:\/\/www.sopro.pt\/es\/produto\/kit-psx-tijera-de-cortedesbaste-6-chrom\/#breadcrumb"},"inLanguage":"es","potentialAction":[{"@type":"ReadAction","target":["https:\/\/www.sopro.pt\/es\/produto\/kit-psx-tijera-de-cortedesbaste-6-chrom\/"]}]},{"@type":"ImageObject","inLanguage":"es","@id":"https:\/\/www.sopro.pt\/es\/produto\/kit-psx-tijera-de-cortedesbaste-6-chrom\/#primaryimage","url":"https:\/\/www.sopro.pt\/wp-content\/uploads\/2021\/06\/SOPRO-KIT-PSX-\u2013-TESOURA-DE-CORTEDESBASTE-6\u2033-CHROM.png","contentUrl":"https:\/\/www.sopro.pt\/wp-content\/uploads\/2021\/06\/SOPRO-KIT-PSX-\u2013-TESOURA-DE-CORTEDESBASTE-6\u2033-CHROM.png","width":1080,"height":1080,"caption":"Kit Tesouras - Sopro Professionals"},{"@type":"BreadcrumbList","@id":"https:\/\/www.sopro.pt\/es\/produto\/kit-psx-tijera-de-cortedesbaste-6-chrom\/#breadcrumb","itemListElement":[{"@type":"ListItem","position":1,"name":"In\u00edcio","item":"https:\/\/www.sopro.pt\/es\/home-2\/"},{"@type":"ListItem","position":2,"name":"Productos","item":"https:\/\/www.sopro.pt\/es\/shop\/"},{"@type":"ListItem","position":3,"name":"KIT PSX &#8211; TIJERA DE CORTE+DESBASTE 6&#8243; (CHROM)"}]},{"@type":"WebSite","@id":"https:\/\/www.sopro.pt\/es\/#website","url":"https:\/\/www.sopro.pt\/es\/","name":"Sopro Professionals","description":"Professional - Equipamentos el\u00e9tricos para cabeleireiro. A Sopro \u00e9 uma marca Portuguesa de equipamentos el\u00e9tricos do setor profissional de cabeleireiro.","publisher":{"@id":"https:\/\/www.sopro.pt\/es\/#organization"},"alternateName":"Sopro","potentialAction":[{"@type":"SearchAction","target":{"@type":"EntryPoint","urlTemplate":"https:\/\/www.sopro.pt\/es\/?s={search_term_string}"},"query-input":{"@type":"PropertyValueSpecification","valueRequired":true,"valueName":"search_term_string"}}],"inLanguage":"es"},{"@type":"Organization","@id":"https:\/\/www.sopro.pt\/es\/#organization","name":"Sopro Professionals","url":"https:\/\/www.sopro.pt\/es\/","logo":{"@type":"ImageObject","inLanguage":"es","@id":"https:\/\/www.sopro.pt\/es\/#\/schema\/logo\/image\/","url":"https:\/\/www.sopro.pt\/wp-content\/uploads\/2024\/01\/SOPRO-PROFESSIONALS-FAVICON-web.svg","contentUrl":"https:\/\/www.sopro.pt\/wp-content\/uploads\/2024\/01\/SOPRO-PROFESSIONALS-FAVICON-web.svg","width":512,"height":512,"caption":"Sopro Professionals"},"image":{"@id":"https:\/\/www.sopro.pt\/es\/#\/schema\/logo\/image\/"},"sameAs":["https:\/\/www.facebook.com\/soproprofessionals\/","https:\/\/www.instagram.com\/sopro_professionals\/"]}]}},"_links":{"self":[{"href":"https:\/\/www.sopro.pt\/es\/wp-json\/wp\/v2\/product\/11010","targetHints":{"allow":["GET"]}}],"collection":[{"href":"https:\/\/www.sopro.pt\/es\/wp-json\/wp\/v2\/product"}],"about":[{"href":"https:\/\/www.sopro.pt\/es\/wp-json\/wp\/v2\/types\/product"}],"version-history":[{"count":1,"href":"https:\/\/www.sopro.pt\/es\/wp-json\/wp\/v2\/product\/11010\/revisions"}],"predecessor-version":[{"id":11012,"href":"https:\/\/www.sopro.pt\/es\/wp-json\/wp\/v2\/product\/11010\/revisions\/11012"}],"wp:featuredmedia":[{"embeddable":true,"href":"https:\/\/www.sopro.pt\/es\/wp-json\/wp\/v2\/media\/10244"}],"wp:attachment":[{"href":"https:\/\/www.sopro.pt\/es\/wp-json\/wp\/v2\/media?parent=11010"}],"wp:term":[{"taxonomy":"product_brand","embeddable":true,"href":"https:\/\/www.sopro.pt\/es\/wp-json\/wp\/v2\/product_brand?post=11010"},{"taxonomy":"product_cat","embeddable":true,"href":"https:\/\/www.sopro.pt\/es\/wp-json\/wp\/v2\/product_cat?post=11010"},{"taxonomy":"product_tag","embeddable":true,"href":"https:\/\/www.sopro.pt\/es\/wp-json\/wp\/v2\/product_tag?post=11010"}],"curies":[{"name":"wp","href":"https:\/\/api.w.org\/{rel}","templated":true}]}}