{"id":10959,"date":"2021-09-16T10:29:21","date_gmt":"2021-09-16T10:29:21","guid":{"rendered":"https:\/\/www.sopro.pt\/produto\/maquina-de-corte-profesional-negra-pb8000\/"},"modified":"2024-05-09T12:25:24","modified_gmt":"2024-05-09T12:25:24","slug":"maquina-de-corte-profesional-negra-pb8000","status":"publish","type":"product","link":"https:\/\/www.sopro.pt\/es\/produto\/maquina-de-corte-profesional-negra-pb8000\/","title":{"rendered":"M\u00c1QUINA DE CORTE PROFESIONAL NEGRA PB8000"},"content":{"rendered":"<p><strong>M\u00c1QUINA DE CORTE PROFESIONAL RECARGABLE<\/strong><\/p>\n<p>&#8211; Hoja de cer\u00e1mica<br \/>\n&#8211; Tecnolog\u00eda de bajo ruido<br \/>\n&#8211; Motor DC<br \/>\n&#8211; Bateria de alto rendimiento de 2000 mAh<br \/>\n&#8211; Tiempo de carga: aproximadamente 3 horas<br \/>\n&#8211; Tiempo de trabajo con carga completa: aproximadamente 4 horas<br \/>\n&#8211; Peso: 200g<br \/>\n&#8211; Rotaciones: 6500 RPM\/MIN<br \/>\n&#8211; Pantalla LED con bater\u00eda indicador de nivel y revoluciones por minuto<br \/>\n&#8211; C\u00f3moda y ligera<br \/>\n&#8211; Se suministra con 4 gu\u00edas de corte: 3mm | 6mm | 9mm | 12mm<br \/>\n&#8211; Incluye aceite lubricante, cepillo de limpieza y base de carga<\/p>\n","protected":false},"excerpt":{"rendered":"<p>M\u00c1QUINA DE CORTE PROFESIONAL RECARGABLE &#8211; Hoja de cer\u00e1mica &#8211; Tecnolog\u00eda de bajo ruido &#8211; Motor DC &#8211; Bateria de alto rendimiento de 2000 mAh &#8211; Tiempo de carga: aproximadamente 3 horas &#8211; Tiempo de trabajo con carga completa: aproximadamente 4 horas &#8211; Peso: 200g &#8211; Rotaciones: 6500 RPM\/MIN &#8211; Pantalla LED con bater\u00eda indicador [&hellip;]<\/p>\n","protected":false},"featured_media":10152,"template":"","meta":[],"product_brand":[],"product_cat":[199,198,158],"product_tag":[],"class_list":{"0":"post-10959","1":"product","2":"type-product","3":"status-publish","4":"has-post-thumbnail","6":"product_cat-maquinas-de-corte-y-contornos-es","7":"product_cat-maquinas-de-corte-y-contornos","8":"product_cat-todas-las-categorias","10":"first","11":"instock","12":"shipping-taxable","13":"purchasable","14":"product-type-simple"},"yoast_head":"<!-- This site is optimized with the Yoast SEO plugin v27.3 - https:\/\/yoast.com\/product\/yoast-seo-wordpress\/ -->\n<title>M\u00c1QUINA DE CORTE PROFESIONAL NEGRA PB8000 - Sopro - Equipamentos el\u00e9tricos para cabeleireiro<\/title>\n<meta name=\"description\" content=\"- Hoja de cer\u00e1mica - Tecnolog\u00eda de bajo ruido - Motor DC - Bater\u00eda de alto rendimiento de 2000 mAh - Tiempo de carga: aproximadamente 3 horas - Tiempo de trabajo con carga completa: aproximadamente 4 horas - Peso: 200 g - Rotaciones: 6500 RPM \/MIN- Pantalla LED con bater\u00eda indicador de nivel y revoluciones por minuto- C\u00f3modo y ligero- Se suministra con 4 gu\u00edas de corte: 3mm | 6mm | 9 mm | 12mm- Incluye aceite lubricante, cepillo de limpieza y base de carga\" \/>\n<meta name=\"robots\" content=\"index, follow, max-snippet:-1, max-image-preview:large, max-video-preview:-1\" \/>\n<link rel=\"canonical\" href=\"https:\/\/www.sopro.pt\/es\/produto\/maquina-de-corte-profesional-negra-pb8000\/\" \/>\n<meta property=\"og:locale\" content=\"es_ES\" \/>\n<meta property=\"og:type\" content=\"article\" \/>\n<meta property=\"og:title\" content=\"M\u00c1QUINA DE CORTE PROFESIONAL NEGRA PB8000 - Sopro - Equipamentos el\u00e9tricos para cabeleireiro\" \/>\n<meta property=\"og:description\" content=\"- Hoja de cer\u00e1mica - Tecnolog\u00eda de bajo ruido - Motor DC - Bater\u00eda de alto rendimiento de 2000 mAh - Tiempo de carga: aproximadamente 3 horas - Tiempo de trabajo con carga completa: aproximadamente 4 horas - Peso: 200 g - Rotaciones: 6500 RPM \/MIN- Pantalla LED con bater\u00eda indicador de nivel y revoluciones por minuto- C\u00f3modo y ligero- Se suministra con 4 gu\u00edas de corte: 3mm | 6mm | 9 mm | 12mm- Incluye aceite lubricante, cepillo de limpieza y base de carga\" \/>\n<meta property=\"og:url\" content=\"https:\/\/www.sopro.pt\/es\/produto\/maquina-de-corte-profesional-negra-pb8000\/\" \/>\n<meta property=\"og:site_name\" content=\"Sopro - Equipamentos el\u00e9tricos para cabeleireiro\" \/>\n<meta property=\"article:publisher\" content=\"https:\/\/www.facebook.com\/soproprofessionals\/\" \/>\n<meta property=\"article:modified_time\" content=\"2024-05-09T12:25:24+00:00\" \/>\n<meta property=\"og:image\" content=\"https:\/\/www.sopro.pt\/wp-content\/uploads\/2021\/09\/SOPRO-MAQUINA-DE-CORTE-PROFISSIONAL-PRETA-PB8000.png\" \/>\n\t<meta property=\"og:image:width\" content=\"1080\" \/>\n\t<meta property=\"og:image:height\" content=\"1080\" \/>\n\t<meta property=\"og:image:type\" content=\"image\/png\" \/>\n<meta name=\"twitter:card\" content=\"summary_large_image\" \/>\n<script type=\"application\/ld+json\" class=\"yoast-schema-graph\">{\"@context\":\"https:\\\/\\\/schema.org\",\"@graph\":[{\"@type\":\"WebPage\",\"@id\":\"https:\\\/\\\/www.sopro.pt\\\/es\\\/produto\\\/maquina-de-corte-profesional-negra-pb8000\\\/\",\"url\":\"https:\\\/\\\/www.sopro.pt\\\/es\\\/produto\\\/maquina-de-corte-profesional-negra-pb8000\\\/\",\"name\":\"M\u00c1QUINA DE CORTE PROFESIONAL NEGRA PB8000 - Sopro - Equipamentos el\u00e9tricos para cabeleireiro\",\"isPartOf\":{\"@id\":\"https:\\\/\\\/www.sopro.pt\\\/es\\\/#website\"},\"primaryImageOfPage\":{\"@id\":\"https:\\\/\\\/www.sopro.pt\\\/es\\\/produto\\\/maquina-de-corte-profesional-negra-pb8000\\\/#primaryimage\"},\"image\":{\"@id\":\"https:\\\/\\\/www.sopro.pt\\\/es\\\/produto\\\/maquina-de-corte-profesional-negra-pb8000\\\/#primaryimage\"},\"thumbnailUrl\":\"https:\\\/\\\/www.sopro.pt\\\/wp-content\\\/uploads\\\/2021\\\/09\\\/SOPRO-MAQUINA-DE-CORTE-PROFISSIONAL-PRETA-PB8000.png\",\"datePublished\":\"2021-09-16T10:29:21+00:00\",\"dateModified\":\"2024-05-09T12:25:24+00:00\",\"description\":\"- Hoja de cer\u00e1mica - Tecnolog\u00eda de bajo ruido - Motor DC - Bater\u00eda de alto rendimiento de 2000 mAh - Tiempo de carga: aproximadamente 3 horas - Tiempo de trabajo con carga completa: aproximadamente 4 horas - Peso: 200 g - Rotaciones: 6500 RPM \\\/MIN- Pantalla LED con bater\u00eda indicador de nivel y revoluciones por minuto- C\u00f3modo y ligero- Se suministra con 4 gu\u00edas de corte: 3mm | 6mm | 9 mm | 12mm- Incluye aceite lubricante, cepillo de limpieza y base de carga\",\"breadcrumb\":{\"@id\":\"https:\\\/\\\/www.sopro.pt\\\/es\\\/produto\\\/maquina-de-corte-profesional-negra-pb8000\\\/#breadcrumb\"},\"inLanguage\":\"es\",\"potentialAction\":[{\"@type\":\"ReadAction\",\"target\":[\"https:\\\/\\\/www.sopro.pt\\\/es\\\/produto\\\/maquina-de-corte-profesional-negra-pb8000\\\/\"]}]},{\"@type\":\"ImageObject\",\"inLanguage\":\"es\",\"@id\":\"https:\\\/\\\/www.sopro.pt\\\/es\\\/produto\\\/maquina-de-corte-profesional-negra-pb8000\\\/#primaryimage\",\"url\":\"https:\\\/\\\/www.sopro.pt\\\/wp-content\\\/uploads\\\/2021\\\/09\\\/SOPRO-MAQUINA-DE-CORTE-PROFISSIONAL-PRETA-PB8000.png\",\"contentUrl\":\"https:\\\/\\\/www.sopro.pt\\\/wp-content\\\/uploads\\\/2021\\\/09\\\/SOPRO-MAQUINA-DE-CORTE-PROFISSIONAL-PRETA-PB8000.png\",\"width\":1080,\"height\":1080,\"caption\":\"MAQUINA DE CORTE PROFISSIONAL PRETA\"},{\"@type\":\"BreadcrumbList\",\"@id\":\"https:\\\/\\\/www.sopro.pt\\\/es\\\/produto\\\/maquina-de-corte-profesional-negra-pb8000\\\/#breadcrumb\",\"itemListElement\":[{\"@type\":\"ListItem\",\"position\":1,\"name\":\"In\u00edcio\",\"item\":\"https:\\\/\\\/www.sopro.pt\\\/es\\\/home-2\\\/\"},{\"@type\":\"ListItem\",\"position\":2,\"name\":\"Productos\",\"item\":\"https:\\\/\\\/www.sopro.pt\\\/es\\\/shop\\\/\"},{\"@type\":\"ListItem\",\"position\":3,\"name\":\"M\u00c1QUINA DE CORTE PROFESIONAL NEGRA PB8000\"}]},{\"@type\":\"WebSite\",\"@id\":\"https:\\\/\\\/www.sopro.pt\\\/es\\\/#website\",\"url\":\"https:\\\/\\\/www.sopro.pt\\\/es\\\/\",\"name\":\"Sopro Professionals\",\"description\":\"Professional - Equipamentos el\u00e9tricos para cabeleireiro. A Sopro \u00e9 uma marca Portuguesa de equipamentos el\u00e9tricos do setor profissional de cabeleireiro.\",\"publisher\":{\"@id\":\"https:\\\/\\\/www.sopro.pt\\\/es\\\/#organization\"},\"alternateName\":\"Sopro\",\"potentialAction\":[{\"@type\":\"SearchAction\",\"target\":{\"@type\":\"EntryPoint\",\"urlTemplate\":\"https:\\\/\\\/www.sopro.pt\\\/es\\\/?s={search_term_string}\"},\"query-input\":{\"@type\":\"PropertyValueSpecification\",\"valueRequired\":true,\"valueName\":\"search_term_string\"}}],\"inLanguage\":\"es\"},{\"@type\":\"Organization\",\"@id\":\"https:\\\/\\\/www.sopro.pt\\\/es\\\/#organization\",\"name\":\"Sopro Professionals\",\"url\":\"https:\\\/\\\/www.sopro.pt\\\/es\\\/\",\"logo\":{\"@type\":\"ImageObject\",\"inLanguage\":\"es\",\"@id\":\"https:\\\/\\\/www.sopro.pt\\\/es\\\/#\\\/schema\\\/logo\\\/image\\\/\",\"url\":\"https:\\\/\\\/www.sopro.pt\\\/wp-content\\\/uploads\\\/2024\\\/01\\\/SOPRO-PROFESSIONALS-FAVICON-web.svg\",\"contentUrl\":\"https:\\\/\\\/www.sopro.pt\\\/wp-content\\\/uploads\\\/2024\\\/01\\\/SOPRO-PROFESSIONALS-FAVICON-web.svg\",\"width\":512,\"height\":512,\"caption\":\"Sopro Professionals\"},\"image\":{\"@id\":\"https:\\\/\\\/www.sopro.pt\\\/es\\\/#\\\/schema\\\/logo\\\/image\\\/\"},\"sameAs\":[\"https:\\\/\\\/www.facebook.com\\\/soproprofessionals\\\/\",\"https:\\\/\\\/www.instagram.com\\\/sopro_professionals\\\/\"]}]}<\/script>\n<!-- \/ Yoast SEO plugin. -->","yoast_head_json":{"title":"M\u00c1QUINA DE CORTE PROFESIONAL NEGRA PB8000 - Sopro - Equipamentos el\u00e9tricos para cabeleireiro","description":"- Hoja de cer\u00e1mica - Tecnolog\u00eda de bajo ruido - Motor DC - Bater\u00eda de alto rendimiento de 2000 mAh - Tiempo de carga: aproximadamente 3 horas - Tiempo de trabajo con carga completa: aproximadamente 4 horas - Peso: 200 g - Rotaciones: 6500 RPM \/MIN- Pantalla LED con bater\u00eda indicador de nivel y revoluciones por minuto- C\u00f3modo y ligero- Se suministra con 4 gu\u00edas de corte: 3mm | 6mm | 9 mm | 12mm- Incluye aceite lubricante, cepillo de limpieza y base de carga","robots":{"index":"index","follow":"follow","max-snippet":"max-snippet:-1","max-image-preview":"max-image-preview:large","max-video-preview":"max-video-preview:-1"},"canonical":"https:\/\/www.sopro.pt\/es\/produto\/maquina-de-corte-profesional-negra-pb8000\/","og_locale":"es_ES","og_type":"article","og_title":"M\u00c1QUINA DE CORTE PROFESIONAL NEGRA PB8000 - Sopro - Equipamentos el\u00e9tricos para cabeleireiro","og_description":"- Hoja de cer\u00e1mica - Tecnolog\u00eda de bajo ruido - Motor DC - Bater\u00eda de alto rendimiento de 2000 mAh - Tiempo de carga: aproximadamente 3 horas - Tiempo de trabajo con carga completa: aproximadamente 4 horas - Peso: 200 g - Rotaciones: 6500 RPM \/MIN- Pantalla LED con bater\u00eda indicador de nivel y revoluciones por minuto- C\u00f3modo y ligero- Se suministra con 4 gu\u00edas de corte: 3mm | 6mm | 9 mm | 12mm- Incluye aceite lubricante, cepillo de limpieza y base de carga","og_url":"https:\/\/www.sopro.pt\/es\/produto\/maquina-de-corte-profesional-negra-pb8000\/","og_site_name":"Sopro - Equipamentos el\u00e9tricos para cabeleireiro","article_publisher":"https:\/\/www.facebook.com\/soproprofessionals\/","article_modified_time":"2024-05-09T12:25:24+00:00","og_image":[{"width":1080,"height":1080,"url":"https:\/\/www.sopro.pt\/wp-content\/uploads\/2021\/09\/SOPRO-MAQUINA-DE-CORTE-PROFISSIONAL-PRETA-PB8000.png","type":"image\/png"}],"twitter_card":"summary_large_image","schema":{"@context":"https:\/\/schema.org","@graph":[{"@type":"WebPage","@id":"https:\/\/www.sopro.pt\/es\/produto\/maquina-de-corte-profesional-negra-pb8000\/","url":"https:\/\/www.sopro.pt\/es\/produto\/maquina-de-corte-profesional-negra-pb8000\/","name":"M\u00c1QUINA DE CORTE PROFESIONAL NEGRA PB8000 - Sopro - Equipamentos el\u00e9tricos para cabeleireiro","isPartOf":{"@id":"https:\/\/www.sopro.pt\/es\/#website"},"primaryImageOfPage":{"@id":"https:\/\/www.sopro.pt\/es\/produto\/maquina-de-corte-profesional-negra-pb8000\/#primaryimage"},"image":{"@id":"https:\/\/www.sopro.pt\/es\/produto\/maquina-de-corte-profesional-negra-pb8000\/#primaryimage"},"thumbnailUrl":"https:\/\/www.sopro.pt\/wp-content\/uploads\/2021\/09\/SOPRO-MAQUINA-DE-CORTE-PROFISSIONAL-PRETA-PB8000.png","datePublished":"2021-09-16T10:29:21+00:00","dateModified":"2024-05-09T12:25:24+00:00","description":"- Hoja de cer\u00e1mica - Tecnolog\u00eda de bajo ruido - Motor DC - Bater\u00eda de alto rendimiento de 2000 mAh - Tiempo de carga: aproximadamente 3 horas - Tiempo de trabajo con carga completa: aproximadamente 4 horas - Peso: 200 g - Rotaciones: 6500 RPM \/MIN- Pantalla LED con bater\u00eda indicador de nivel y revoluciones por minuto- C\u00f3modo y ligero- Se suministra con 4 gu\u00edas de corte: 3mm | 6mm | 9 mm | 12mm- Incluye aceite lubricante, cepillo de limpieza y base de carga","breadcrumb":{"@id":"https:\/\/www.sopro.pt\/es\/produto\/maquina-de-corte-profesional-negra-pb8000\/#breadcrumb"},"inLanguage":"es","potentialAction":[{"@type":"ReadAction","target":["https:\/\/www.sopro.pt\/es\/produto\/maquina-de-corte-profesional-negra-pb8000\/"]}]},{"@type":"ImageObject","inLanguage":"es","@id":"https:\/\/www.sopro.pt\/es\/produto\/maquina-de-corte-profesional-negra-pb8000\/#primaryimage","url":"https:\/\/www.sopro.pt\/wp-content\/uploads\/2021\/09\/SOPRO-MAQUINA-DE-CORTE-PROFISSIONAL-PRETA-PB8000.png","contentUrl":"https:\/\/www.sopro.pt\/wp-content\/uploads\/2021\/09\/SOPRO-MAQUINA-DE-CORTE-PROFISSIONAL-PRETA-PB8000.png","width":1080,"height":1080,"caption":"MAQUINA DE CORTE PROFISSIONAL PRETA"},{"@type":"BreadcrumbList","@id":"https:\/\/www.sopro.pt\/es\/produto\/maquina-de-corte-profesional-negra-pb8000\/#breadcrumb","itemListElement":[{"@type":"ListItem","position":1,"name":"In\u00edcio","item":"https:\/\/www.sopro.pt\/es\/home-2\/"},{"@type":"ListItem","position":2,"name":"Productos","item":"https:\/\/www.sopro.pt\/es\/shop\/"},{"@type":"ListItem","position":3,"name":"M\u00c1QUINA DE CORTE PROFESIONAL NEGRA PB8000"}]},{"@type":"WebSite","@id":"https:\/\/www.sopro.pt\/es\/#website","url":"https:\/\/www.sopro.pt\/es\/","name":"Sopro Professionals","description":"Professional - Equipamentos el\u00e9tricos para cabeleireiro. A Sopro \u00e9 uma marca Portuguesa de equipamentos el\u00e9tricos do setor profissional de cabeleireiro.","publisher":{"@id":"https:\/\/www.sopro.pt\/es\/#organization"},"alternateName":"Sopro","potentialAction":[{"@type":"SearchAction","target":{"@type":"EntryPoint","urlTemplate":"https:\/\/www.sopro.pt\/es\/?s={search_term_string}"},"query-input":{"@type":"PropertyValueSpecification","valueRequired":true,"valueName":"search_term_string"}}],"inLanguage":"es"},{"@type":"Organization","@id":"https:\/\/www.sopro.pt\/es\/#organization","name":"Sopro Professionals","url":"https:\/\/www.sopro.pt\/es\/","logo":{"@type":"ImageObject","inLanguage":"es","@id":"https:\/\/www.sopro.pt\/es\/#\/schema\/logo\/image\/","url":"https:\/\/www.sopro.pt\/wp-content\/uploads\/2024\/01\/SOPRO-PROFESSIONALS-FAVICON-web.svg","contentUrl":"https:\/\/www.sopro.pt\/wp-content\/uploads\/2024\/01\/SOPRO-PROFESSIONALS-FAVICON-web.svg","width":512,"height":512,"caption":"Sopro Professionals"},"image":{"@id":"https:\/\/www.sopro.pt\/es\/#\/schema\/logo\/image\/"},"sameAs":["https:\/\/www.facebook.com\/soproprofessionals\/","https:\/\/www.instagram.com\/sopro_professionals\/"]}]}},"_links":{"self":[{"href":"https:\/\/www.sopro.pt\/es\/wp-json\/wp\/v2\/product\/10959","targetHints":{"allow":["GET"]}}],"collection":[{"href":"https:\/\/www.sopro.pt\/es\/wp-json\/wp\/v2\/product"}],"about":[{"href":"https:\/\/www.sopro.pt\/es\/wp-json\/wp\/v2\/types\/product"}],"version-history":[{"count":1,"href":"https:\/\/www.sopro.pt\/es\/wp-json\/wp\/v2\/product\/10959\/revisions"}],"predecessor-version":[{"id":10962,"href":"https:\/\/www.sopro.pt\/es\/wp-json\/wp\/v2\/product\/10959\/revisions\/10962"}],"wp:featuredmedia":[{"embeddable":true,"href":"https:\/\/www.sopro.pt\/es\/wp-json\/wp\/v2\/media\/10152"}],"wp:attachment":[{"href":"https:\/\/www.sopro.pt\/es\/wp-json\/wp\/v2\/media?parent=10959"}],"wp:term":[{"taxonomy":"product_brand","embeddable":true,"href":"https:\/\/www.sopro.pt\/es\/wp-json\/wp\/v2\/product_brand?post=10959"},{"taxonomy":"product_cat","embeddable":true,"href":"https:\/\/www.sopro.pt\/es\/wp-json\/wp\/v2\/product_cat?post=10959"},{"taxonomy":"product_tag","embeddable":true,"href":"https:\/\/www.sopro.pt\/es\/wp-json\/wp\/v2\/product_tag?post=10959"}],"curies":[{"name":"wp","href":"https:\/\/api.w.org\/{rel}","templated":true}]}}