{"id":10798,"date":"2023-06-30T11:03:13","date_gmt":"2023-06-30T11:03:13","guid":{"rendered":"https:\/\/www.sopro.pt\/produto\/modelador-de-rizos-25-mm\/"},"modified":"2024-05-02T14:58:55","modified_gmt":"2024-05-02T14:58:55","slug":"modelador-de-rizos-25-mm","status":"publish","type":"product","link":"https:\/\/www.sopro.pt\/es\/produto\/modelador-de-rizos-25-mm\/","title":{"rendered":"MODELADOR DE RIZOS (25 MM)"},"content":{"rendered":"<p><strong>Pantalla digital LCD<\/strong>: el control preciso de la temperatura es esencial para obtener resultados perfectos. La pantalla digital LCD permite ajustar la temperatura desde 80\u00baC hasta 230\u00baC de forma intuitiva.<\/p>\n<p><strong>Apagado autom\u00e1tico<\/strong>: Para garantizar la seguridad y el ahorro de energ\u00eda, el moldeador se apaga autom\u00e1ticamente despu\u00e9s de 60 minutos de inactividad.<\/p>\n<p><strong>Cable giratorio de 3 metros<\/strong>: El cable giratorio proporciona libertad de movimiento, lo que hace que el proceso de rizado sea m\u00e1s f\u00e1cil y conveniente.<\/p>\n<p><strong>Punta aislante<\/strong>: La punta aislante anti-quemaduras garantiza la seguridad durante el uso, permitiendo un manejo c\u00f3modo.<\/p>\n<p><strong>Soporte de metal integrado<\/strong>: El soporte de metal integrado ofrece una soluci\u00f3n pr\u00e1ctica para colocar de forma segura el moldeador entre usos.<\/p>\n<p><strong>Pinza con muelle<\/strong>: La pinza con muelle sujeta las puntas del cabello firmemente en su lugar, lo que facilita la creaci\u00f3n de rizos perfectos.<\/p>\n<p><strong>Revestimiento cer\u00e1mico<\/strong>: El revestimiento cer\u00e1mico no s\u00f3lo protege el cabello del calor excesivo sino que tambi\u00e9n proporciona brillo y flexibilidad.<\/p>\n<p><strong>Especificaciones T\u00e9cnicas:<\/strong><\/p>\n<ul>\n<li>Potencia: 45-65 W<\/li>\n<li>Voltaje: 100-240 V<\/li>\n<li>Frecuencia: 50-60 Hz<\/li>\n<\/ul>\n<p>Mejora tu estilo con el rizador de cabello profesional, la elecci\u00f3n perfecta para estilistas y entusiastas que buscan resultados excepcionales. \ud83d\udc81\u200d\u2640\ufe0f\u2728<\/p>\n","protected":false},"excerpt":{"rendered":"<p><strong>Rizos Perfectos con Facilidad<\/strong><\/p>\n<p>La herramienta esencial para crear rizos impresionantes y duraderos. Con un dise\u00f1o avanzado y caracter\u00edsticas innovadoras, este moldeador ofrece la flexibilidad y el rendimiento necesarios para lograr una variedad de estilos.<\/p>\n","protected":false},"featured_media":10392,"template":"","meta":[],"product_brand":[],"product_cat":[166,160,158],"product_tag":[],"class_list":{"0":"post-10798","1":"product","2":"type-product","3":"status-publish","4":"has-post-thumbnail","6":"product_cat-rulos","7":"product_cat-peluqueria","8":"product_cat-todas-las-categorias","10":"first","11":"instock","12":"shipping-taxable","13":"purchasable","14":"product-type-simple","15":"wpzoom-wc-spi-has-enabled"},"yoast_head":"<!-- This site is optimized with the Yoast SEO plugin v27.3 - https:\/\/yoast.com\/product\/yoast-seo-wordpress\/ -->\n<title>MODELADOR DE RIZOS (25 MM) - Sopro - Equipamentos el\u00e9tricos para cabeleireiro<\/title>\n<meta name=\"description\" content=\"Professional - Equipamentos el\u00e9tricos para cabeleireiro. A Sopro \u00e9 uma marca Portuguesa de equipamentos el\u00e9tricos do setor profissional de cabeleireiro.\" \/>\n<meta name=\"robots\" content=\"index, follow, max-snippet:-1, max-image-preview:large, max-video-preview:-1\" \/>\n<link rel=\"canonical\" href=\"https:\/\/www.sopro.pt\/es\/produto\/modelador-de-rizos-25-mm\/\" \/>\n<meta property=\"og:locale\" content=\"es_ES\" \/>\n<meta property=\"og:type\" content=\"article\" \/>\n<meta property=\"og:title\" content=\"MODELADOR DE RIZOS (25 MM) - Sopro - Equipamentos el\u00e9tricos para cabeleireiro\" \/>\n<meta property=\"og:description\" content=\"Professional - Equipamentos el\u00e9tricos para cabeleireiro. A Sopro \u00e9 uma marca Portuguesa de equipamentos el\u00e9tricos do setor profissional de cabeleireiro.\" \/>\n<meta property=\"og:url\" content=\"https:\/\/www.sopro.pt\/es\/produto\/modelador-de-rizos-25-mm\/\" \/>\n<meta property=\"og:site_name\" content=\"Sopro - Equipamentos el\u00e9tricos para cabeleireiro\" \/>\n<meta property=\"article:publisher\" content=\"https:\/\/www.facebook.com\/soproprofessionals\/\" \/>\n<meta property=\"article:modified_time\" content=\"2024-05-02T14:58:55+00:00\" \/>\n<meta property=\"og:image\" content=\"https:\/\/www.sopro.pt\/wp-content\/uploads\/2023\/06\/SOPRO-MODELADOR-25-600x600-1.png\" \/>\n\t<meta property=\"og:image:width\" content=\"600\" \/>\n\t<meta property=\"og:image:height\" content=\"600\" \/>\n\t<meta property=\"og:image:type\" content=\"image\/png\" \/>\n<meta name=\"twitter:card\" content=\"summary_large_image\" \/>\n<meta name=\"twitter:label1\" content=\"Tiempo de lectura\" \/>\n\t<meta name=\"twitter:data1\" content=\"1 minuto\" \/>\n<script type=\"application\/ld+json\" class=\"yoast-schema-graph\">{\"@context\":\"https:\\\/\\\/schema.org\",\"@graph\":[{\"@type\":\"WebPage\",\"@id\":\"https:\\\/\\\/www.sopro.pt\\\/es\\\/produto\\\/modelador-de-rizos-25-mm\\\/\",\"url\":\"https:\\\/\\\/www.sopro.pt\\\/es\\\/produto\\\/modelador-de-rizos-25-mm\\\/\",\"name\":\"MODELADOR DE RIZOS (25 MM) - Sopro - Equipamentos el\u00e9tricos para cabeleireiro\",\"isPartOf\":{\"@id\":\"https:\\\/\\\/www.sopro.pt\\\/es\\\/#website\"},\"primaryImageOfPage\":{\"@id\":\"https:\\\/\\\/www.sopro.pt\\\/es\\\/produto\\\/modelador-de-rizos-25-mm\\\/#primaryimage\"},\"image\":{\"@id\":\"https:\\\/\\\/www.sopro.pt\\\/es\\\/produto\\\/modelador-de-rizos-25-mm\\\/#primaryimage\"},\"thumbnailUrl\":\"https:\\\/\\\/www.sopro.pt\\\/wp-content\\\/uploads\\\/2023\\\/06\\\/SOPRO-MODELADOR-25-600x600-1.png\",\"datePublished\":\"2023-06-30T11:03:13+00:00\",\"dateModified\":\"2024-05-02T14:58:55+00:00\",\"description\":\"Professional - Equipamentos el\u00e9tricos para cabeleireiro. A Sopro \u00e9 uma marca Portuguesa de equipamentos el\u00e9tricos do setor profissional de cabeleireiro.\",\"breadcrumb\":{\"@id\":\"https:\\\/\\\/www.sopro.pt\\\/es\\\/produto\\\/modelador-de-rizos-25-mm\\\/#breadcrumb\"},\"inLanguage\":\"es\",\"potentialAction\":[{\"@type\":\"ReadAction\",\"target\":[\"https:\\\/\\\/www.sopro.pt\\\/es\\\/produto\\\/modelador-de-rizos-25-mm\\\/\"]}]},{\"@type\":\"ImageObject\",\"inLanguage\":\"es\",\"@id\":\"https:\\\/\\\/www.sopro.pt\\\/es\\\/produto\\\/modelador-de-rizos-25-mm\\\/#primaryimage\",\"url\":\"https:\\\/\\\/www.sopro.pt\\\/wp-content\\\/uploads\\\/2023\\\/06\\\/SOPRO-MODELADOR-25-600x600-1.png\",\"contentUrl\":\"https:\\\/\\\/www.sopro.pt\\\/wp-content\\\/uploads\\\/2023\\\/06\\\/SOPRO-MODELADOR-25-600x600-1.png\",\"width\":600,\"height\":600,\"caption\":\"Modelador de Cabelo Sopro Professionals\"},{\"@type\":\"BreadcrumbList\",\"@id\":\"https:\\\/\\\/www.sopro.pt\\\/es\\\/produto\\\/modelador-de-rizos-25-mm\\\/#breadcrumb\",\"itemListElement\":[{\"@type\":\"ListItem\",\"position\":1,\"name\":\"In\u00edcio\",\"item\":\"https:\\\/\\\/www.sopro.pt\\\/es\\\/home-2\\\/\"},{\"@type\":\"ListItem\",\"position\":2,\"name\":\"Productos\",\"item\":\"https:\\\/\\\/www.sopro.pt\\\/es\\\/shop\\\/\"},{\"@type\":\"ListItem\",\"position\":3,\"name\":\"MODELADOR DE RIZOS (25 MM)\"}]},{\"@type\":\"WebSite\",\"@id\":\"https:\\\/\\\/www.sopro.pt\\\/es\\\/#website\",\"url\":\"https:\\\/\\\/www.sopro.pt\\\/es\\\/\",\"name\":\"Sopro Professionals\",\"description\":\"Professional - Equipamentos el\u00e9tricos para cabeleireiro. A Sopro \u00e9 uma marca Portuguesa de equipamentos el\u00e9tricos do setor profissional de cabeleireiro.\",\"publisher\":{\"@id\":\"https:\\\/\\\/www.sopro.pt\\\/es\\\/#organization\"},\"alternateName\":\"Sopro\",\"potentialAction\":[{\"@type\":\"SearchAction\",\"target\":{\"@type\":\"EntryPoint\",\"urlTemplate\":\"https:\\\/\\\/www.sopro.pt\\\/es\\\/?s={search_term_string}\"},\"query-input\":{\"@type\":\"PropertyValueSpecification\",\"valueRequired\":true,\"valueName\":\"search_term_string\"}}],\"inLanguage\":\"es\"},{\"@type\":\"Organization\",\"@id\":\"https:\\\/\\\/www.sopro.pt\\\/es\\\/#organization\",\"name\":\"Sopro Professionals\",\"url\":\"https:\\\/\\\/www.sopro.pt\\\/es\\\/\",\"logo\":{\"@type\":\"ImageObject\",\"inLanguage\":\"es\",\"@id\":\"https:\\\/\\\/www.sopro.pt\\\/es\\\/#\\\/schema\\\/logo\\\/image\\\/\",\"url\":\"https:\\\/\\\/www.sopro.pt\\\/wp-content\\\/uploads\\\/2024\\\/01\\\/SOPRO-PROFESSIONALS-FAVICON-web.svg\",\"contentUrl\":\"https:\\\/\\\/www.sopro.pt\\\/wp-content\\\/uploads\\\/2024\\\/01\\\/SOPRO-PROFESSIONALS-FAVICON-web.svg\",\"width\":512,\"height\":512,\"caption\":\"Sopro Professionals\"},\"image\":{\"@id\":\"https:\\\/\\\/www.sopro.pt\\\/es\\\/#\\\/schema\\\/logo\\\/image\\\/\"},\"sameAs\":[\"https:\\\/\\\/www.facebook.com\\\/soproprofessionals\\\/\",\"https:\\\/\\\/www.instagram.com\\\/sopro_professionals\\\/\"]}]}<\/script>\n<!-- \/ Yoast SEO plugin. -->","yoast_head_json":{"title":"MODELADOR DE RIZOS (25 MM) - Sopro - Equipamentos el\u00e9tricos para cabeleireiro","description":"Professional - Equipamentos el\u00e9tricos para cabeleireiro. A Sopro \u00e9 uma marca Portuguesa de equipamentos el\u00e9tricos do setor profissional de cabeleireiro.","robots":{"index":"index","follow":"follow","max-snippet":"max-snippet:-1","max-image-preview":"max-image-preview:large","max-video-preview":"max-video-preview:-1"},"canonical":"https:\/\/www.sopro.pt\/es\/produto\/modelador-de-rizos-25-mm\/","og_locale":"es_ES","og_type":"article","og_title":"MODELADOR DE RIZOS (25 MM) - Sopro - Equipamentos el\u00e9tricos para cabeleireiro","og_description":"Professional - Equipamentos el\u00e9tricos para cabeleireiro. A Sopro \u00e9 uma marca Portuguesa de equipamentos el\u00e9tricos do setor profissional de cabeleireiro.","og_url":"https:\/\/www.sopro.pt\/es\/produto\/modelador-de-rizos-25-mm\/","og_site_name":"Sopro - Equipamentos el\u00e9tricos para cabeleireiro","article_publisher":"https:\/\/www.facebook.com\/soproprofessionals\/","article_modified_time":"2024-05-02T14:58:55+00:00","og_image":[{"width":600,"height":600,"url":"https:\/\/www.sopro.pt\/wp-content\/uploads\/2023\/06\/SOPRO-MODELADOR-25-600x600-1.png","type":"image\/png"}],"twitter_card":"summary_large_image","twitter_misc":{"Tiempo de lectura":"1 minuto"},"schema":{"@context":"https:\/\/schema.org","@graph":[{"@type":"WebPage","@id":"https:\/\/www.sopro.pt\/es\/produto\/modelador-de-rizos-25-mm\/","url":"https:\/\/www.sopro.pt\/es\/produto\/modelador-de-rizos-25-mm\/","name":"MODELADOR DE RIZOS (25 MM) - Sopro - Equipamentos el\u00e9tricos para cabeleireiro","isPartOf":{"@id":"https:\/\/www.sopro.pt\/es\/#website"},"primaryImageOfPage":{"@id":"https:\/\/www.sopro.pt\/es\/produto\/modelador-de-rizos-25-mm\/#primaryimage"},"image":{"@id":"https:\/\/www.sopro.pt\/es\/produto\/modelador-de-rizos-25-mm\/#primaryimage"},"thumbnailUrl":"https:\/\/www.sopro.pt\/wp-content\/uploads\/2023\/06\/SOPRO-MODELADOR-25-600x600-1.png","datePublished":"2023-06-30T11:03:13+00:00","dateModified":"2024-05-02T14:58:55+00:00","description":"Professional - Equipamentos el\u00e9tricos para cabeleireiro. A Sopro \u00e9 uma marca Portuguesa de equipamentos el\u00e9tricos do setor profissional de cabeleireiro.","breadcrumb":{"@id":"https:\/\/www.sopro.pt\/es\/produto\/modelador-de-rizos-25-mm\/#breadcrumb"},"inLanguage":"es","potentialAction":[{"@type":"ReadAction","target":["https:\/\/www.sopro.pt\/es\/produto\/modelador-de-rizos-25-mm\/"]}]},{"@type":"ImageObject","inLanguage":"es","@id":"https:\/\/www.sopro.pt\/es\/produto\/modelador-de-rizos-25-mm\/#primaryimage","url":"https:\/\/www.sopro.pt\/wp-content\/uploads\/2023\/06\/SOPRO-MODELADOR-25-600x600-1.png","contentUrl":"https:\/\/www.sopro.pt\/wp-content\/uploads\/2023\/06\/SOPRO-MODELADOR-25-600x600-1.png","width":600,"height":600,"caption":"Modelador de Cabelo Sopro Professionals"},{"@type":"BreadcrumbList","@id":"https:\/\/www.sopro.pt\/es\/produto\/modelador-de-rizos-25-mm\/#breadcrumb","itemListElement":[{"@type":"ListItem","position":1,"name":"In\u00edcio","item":"https:\/\/www.sopro.pt\/es\/home-2\/"},{"@type":"ListItem","position":2,"name":"Productos","item":"https:\/\/www.sopro.pt\/es\/shop\/"},{"@type":"ListItem","position":3,"name":"MODELADOR DE RIZOS (25 MM)"}]},{"@type":"WebSite","@id":"https:\/\/www.sopro.pt\/es\/#website","url":"https:\/\/www.sopro.pt\/es\/","name":"Sopro Professionals","description":"Professional - Equipamentos el\u00e9tricos para cabeleireiro. A Sopro \u00e9 uma marca Portuguesa de equipamentos el\u00e9tricos do setor profissional de cabeleireiro.","publisher":{"@id":"https:\/\/www.sopro.pt\/es\/#organization"},"alternateName":"Sopro","potentialAction":[{"@type":"SearchAction","target":{"@type":"EntryPoint","urlTemplate":"https:\/\/www.sopro.pt\/es\/?s={search_term_string}"},"query-input":{"@type":"PropertyValueSpecification","valueRequired":true,"valueName":"search_term_string"}}],"inLanguage":"es"},{"@type":"Organization","@id":"https:\/\/www.sopro.pt\/es\/#organization","name":"Sopro Professionals","url":"https:\/\/www.sopro.pt\/es\/","logo":{"@type":"ImageObject","inLanguage":"es","@id":"https:\/\/www.sopro.pt\/es\/#\/schema\/logo\/image\/","url":"https:\/\/www.sopro.pt\/wp-content\/uploads\/2024\/01\/SOPRO-PROFESSIONALS-FAVICON-web.svg","contentUrl":"https:\/\/www.sopro.pt\/wp-content\/uploads\/2024\/01\/SOPRO-PROFESSIONALS-FAVICON-web.svg","width":512,"height":512,"caption":"Sopro Professionals"},"image":{"@id":"https:\/\/www.sopro.pt\/es\/#\/schema\/logo\/image\/"},"sameAs":["https:\/\/www.facebook.com\/soproprofessionals\/","https:\/\/www.instagram.com\/sopro_professionals\/"]}]}},"_links":{"self":[{"href":"https:\/\/www.sopro.pt\/es\/wp-json\/wp\/v2\/product\/10798","targetHints":{"allow":["GET"]}}],"collection":[{"href":"https:\/\/www.sopro.pt\/es\/wp-json\/wp\/v2\/product"}],"about":[{"href":"https:\/\/www.sopro.pt\/es\/wp-json\/wp\/v2\/types\/product"}],"version-history":[{"count":1,"href":"https:\/\/www.sopro.pt\/es\/wp-json\/wp\/v2\/product\/10798\/revisions"}],"predecessor-version":[{"id":10800,"href":"https:\/\/www.sopro.pt\/es\/wp-json\/wp\/v2\/product\/10798\/revisions\/10800"}],"wp:featuredmedia":[{"embeddable":true,"href":"https:\/\/www.sopro.pt\/es\/wp-json\/wp\/v2\/media\/10392"}],"wp:attachment":[{"href":"https:\/\/www.sopro.pt\/es\/wp-json\/wp\/v2\/media?parent=10798"}],"wp:term":[{"taxonomy":"product_brand","embeddable":true,"href":"https:\/\/www.sopro.pt\/es\/wp-json\/wp\/v2\/product_brand?post=10798"},{"taxonomy":"product_cat","embeddable":true,"href":"https:\/\/www.sopro.pt\/es\/wp-json\/wp\/v2\/product_cat?post=10798"},{"taxonomy":"product_tag","embeddable":true,"href":"https:\/\/www.sopro.pt\/es\/wp-json\/wp\/v2\/product_tag?post=10798"}],"curies":[{"name":"wp","href":"https:\/\/api.w.org\/{rel}","templated":true}]}}