{"id":10739,"date":"2024-02-14T16:59:45","date_gmt":"2024-02-14T16:59:45","guid":{"rendered":"https:\/\/www.sopro.pt\/produto\/plancha-special-pencil\/"},"modified":"2024-05-02T10:27:00","modified_gmt":"2024-05-02T10:27:00","slug":"plancha-special-pencil","status":"publish","type":"product","link":"https:\/\/www.sopro.pt\/es\/produto\/plancha-special-pencil\/","title":{"rendered":"PLANCHA SPECIAL PENCIL"},"content":{"rendered":"<p>Alcanza un control y una precisi\u00f3n incomparables en tu rutina de estilizaci\u00f3n con nuestra plancha de cabello Special Pencil. Dise\u00f1ada con precisi\u00f3n en mente, esta elegante herramienta ofrece una multitud de usos y ventajas.<\/p>\n<p><strong>Versatilidad Inigualable<\/strong>: El dise\u00f1o \u00fanico de nuestra plancha de cabello la hace perfecta para una variedad de t\u00e9cnicas de estilizaci\u00f3n, desde crear looks lisos y elegantes hasta esculpir rizos y ondas definidas con facilidad.<\/p>\n<p><strong>Maniobrabilidad sin Esfuerzo<\/strong>: Con su perfil delgado y construcci\u00f3n ligera, nuestra plancha de cabello ultrafina permite una maniobrabilidad sin esfuerzo, brind\u00e1ndote la libertad de estilizar con precisi\u00f3n y exactitud.<\/p>\n<p><strong>Perfecta para Trabajo Detallado<\/strong>: Las placas estrechas de 11 mm son ideales para trabajos detallados y estilizaci\u00f3n de cabellos cortos, barbas, flequillos o \u00e1reas de dif\u00edcil acceso con una precisi\u00f3n y control incomparables.<\/p>\n<p><strong>Suave en el Cabello<\/strong>: A pesar de su dise\u00f1o ultrafino, nuestra plancha de cabello est\u00e1 dise\u00f1ada para proporcionar una distribuci\u00f3n suave del calor, minimizando el da\u00f1o y garantizando un acabado suave y sedoso en cada uso.<\/p>\n<p><strong>Calentamiento R\u00e1pido<\/strong>: Equipada con tecnolog\u00eda de calentamiento avanzada, nuestra plancha se calienta r\u00e1pidamente, ahorr\u00e1ndote tiempo y permitiendo sesiones de estilizado eficientes siempre que surja la inspiraci\u00f3n.<\/p>\n<p>Eleva tu juego de estilizaci\u00f3n y desbloquea infinitas posibilidades creativas con nuestra plancha Special Pencil.<\/p>\n","protected":false},"excerpt":{"rendered":"<h5><span class=\"OYPEnA text-decoration-none text-strikethrough-none\">Precisi\u00f3n para el detalle y versatilidad en el peinado<\/span><\/h5>\n<p class=\"cvGsUA direction-ltr align-start para-style-body\"><span class=\"OYPEnA text-decoration-none text-strikethrough-none\">Placas de 11 mm ideales para trabajos detallados y estilizaci\u00f3n de cabellos cortos, barbas, franjas o \u00e1reas de dif\u00edcil alcance, con una precisi\u00f3n y control incomparables.<\/span><\/p>\n<p class=\"cvGsUA direction-ltr align-start para-style-body\"><span class=\"OYPEnA text-decoration-none text-strikethrough-none\">Display digital LCD.<\/span><\/p>\n<p class=\"cvGsUA direction-ltr align-start para-style-body\"><span class=\"OYPEnA text-decoration-none text-strikethrough-none\">3 opciones de protecci\u00f3n capilar: saludable, damnificado y fr\u00e1gil.<\/span><\/p>\n<p class=\"cvGsUA direction-ltr align-start para-style-body\"><span class=\"OYPEnA text-decoration-none text-strikethrough-none\">Control de temperatura inteligente (80\u00baC \u2013 230\u00baC).<\/span><\/p>\n<p class=\"cvGsUA direction-ltr align-start para-style-body\"><span class=\"OYPEnA text-decoration-none text-strikethrough-none\">Calentamiento r\u00e1pido para un uso eficiente y conveniente.<\/span><\/p>\n<p class=\"cvGsUA direction-ltr align-start para-style-body\"><span class=\"OYPEnA text-decoration-none text-strikethrough-none\">Cable rotativo de 3 m.<\/span><\/p>\n<p class=\"cvGsUA direction-ltr align-start para-style-body\"><span class=\"OYPEnA text-decoration-none text-strikethrough-none\">Protecci\u00f3n de apagado autom\u00e1tico despu\u00e9s de 60 min.<\/span><\/p>\n","protected":false},"featured_media":10442,"template":"","meta":[],"product_brand":[],"product_cat":[160,162,158],"product_tag":[],"class_list":{"0":"post-10739","1":"product","2":"type-product","3":"status-publish","4":"has-post-thumbnail","6":"product_cat-peluqueria","7":"product_cat-planchas","8":"product_cat-todas-las-categorias","10":"first","11":"instock","12":"shipping-taxable","13":"purchasable","14":"product-type-simple","15":"wpzoom-wc-spi-has-enabled"},"yoast_head":"<!-- This site is optimized with the Yoast SEO plugin v27.1.1 - https:\/\/yoast.com\/product\/yoast-seo-wordpress\/ -->\n<title>PLANCHA SPECIAL PENCIL - Sopro - Equipamentos el\u00e9tricos para cabeleireiro<\/title>\n<meta name=\"description\" content=\"Professional - Equipamentos el\u00e9tricos para cabeleireiro. A Sopro \u00e9 uma marca Portuguesa de equipamentos el\u00e9tricos do setor profissional de cabeleireiro.\" \/>\n<meta name=\"robots\" content=\"index, follow, max-snippet:-1, max-image-preview:large, max-video-preview:-1\" \/>\n<link rel=\"canonical\" href=\"https:\/\/www.sopro.pt\/es\/produto\/plancha-special-pencil\/\" \/>\n<meta property=\"og:locale\" content=\"es_ES\" \/>\n<meta property=\"og:type\" content=\"article\" \/>\n<meta property=\"og:title\" content=\"PLANCHA SPECIAL PENCIL - Sopro - Equipamentos el\u00e9tricos para cabeleireiro\" \/>\n<meta property=\"og:description\" content=\"Professional - Equipamentos el\u00e9tricos para cabeleireiro. A Sopro \u00e9 uma marca Portuguesa de equipamentos el\u00e9tricos do setor profissional de cabeleireiro.\" \/>\n<meta property=\"og:url\" content=\"https:\/\/www.sopro.pt\/es\/produto\/plancha-special-pencil\/\" \/>\n<meta property=\"og:site_name\" content=\"Sopro - Equipamentos el\u00e9tricos para cabeleireiro\" \/>\n<meta property=\"article:publisher\" content=\"https:\/\/www.facebook.com\/soproprofessionals\/\" \/>\n<meta property=\"article:modified_time\" content=\"2024-05-02T10:27:00+00:00\" \/>\n<meta property=\"og:image\" content=\"https:\/\/www.sopro.pt\/wp-content\/uploads\/2024\/02\/SOPRO-Professionals-Prancha-Special-Pencil.png\" \/>\n\t<meta property=\"og:image:width\" content=\"1080\" \/>\n\t<meta property=\"og:image:height\" content=\"1080\" \/>\n\t<meta property=\"og:image:type\" content=\"image\/png\" \/>\n<meta name=\"twitter:card\" content=\"summary_large_image\" \/>\n<meta name=\"twitter:label1\" content=\"Tiempo de lectura\" \/>\n\t<meta name=\"twitter:data1\" content=\"1 minuto\" \/>\n<script type=\"application\/ld+json\" class=\"yoast-schema-graph\">{\"@context\":\"https:\/\/schema.org\",\"@graph\":[{\"@type\":\"WebPage\",\"@id\":\"https:\/\/www.sopro.pt\/es\/produto\/plancha-special-pencil\/\",\"url\":\"https:\/\/www.sopro.pt\/es\/produto\/plancha-special-pencil\/\",\"name\":\"PLANCHA SPECIAL PENCIL - Sopro - Equipamentos el\u00e9tricos para cabeleireiro\",\"isPartOf\":{\"@id\":\"https:\/\/www.sopro.pt\/es\/#website\"},\"primaryImageOfPage\":{\"@id\":\"https:\/\/www.sopro.pt\/es\/produto\/plancha-special-pencil\/#primaryimage\"},\"image\":{\"@id\":\"https:\/\/www.sopro.pt\/es\/produto\/plancha-special-pencil\/#primaryimage\"},\"thumbnailUrl\":\"https:\/\/www.sopro.pt\/wp-content\/uploads\/2024\/02\/SOPRO-Professionals-Prancha-Special-Pencil.png\",\"datePublished\":\"2024-02-14T16:59:45+00:00\",\"dateModified\":\"2024-05-02T10:27:00+00:00\",\"description\":\"Professional - Equipamentos el\u00e9tricos para cabeleireiro. A Sopro \u00e9 uma marca Portuguesa de equipamentos el\u00e9tricos do setor profissional de cabeleireiro.\",\"breadcrumb\":{\"@id\":\"https:\/\/www.sopro.pt\/es\/produto\/plancha-special-pencil\/#breadcrumb\"},\"inLanguage\":\"es\",\"potentialAction\":[{\"@type\":\"ReadAction\",\"target\":[\"https:\/\/www.sopro.pt\/es\/produto\/plancha-special-pencil\/\"]}]},{\"@type\":\"ImageObject\",\"inLanguage\":\"es\",\"@id\":\"https:\/\/www.sopro.pt\/es\/produto\/plancha-special-pencil\/#primaryimage\",\"url\":\"https:\/\/www.sopro.pt\/wp-content\/uploads\/2024\/02\/SOPRO-Professionals-Prancha-Special-Pencil.png\",\"contentUrl\":\"https:\/\/www.sopro.pt\/wp-content\/uploads\/2024\/02\/SOPRO-Professionals-Prancha-Special-Pencil.png\",\"width\":1080,\"height\":1080},{\"@type\":\"BreadcrumbList\",\"@id\":\"https:\/\/www.sopro.pt\/es\/produto\/plancha-special-pencil\/#breadcrumb\",\"itemListElement\":[{\"@type\":\"ListItem\",\"position\":1,\"name\":\"In\u00edcio\",\"item\":\"https:\/\/www.sopro.pt\/es\/home-2\/\"},{\"@type\":\"ListItem\",\"position\":2,\"name\":\"Productos\",\"item\":\"https:\/\/www.sopro.pt\/es\/shop\/\"},{\"@type\":\"ListItem\",\"position\":3,\"name\":\"PLANCHA SPECIAL PENCIL\"}]},{\"@type\":\"WebSite\",\"@id\":\"https:\/\/www.sopro.pt\/es\/#website\",\"url\":\"https:\/\/www.sopro.pt\/es\/\",\"name\":\"Sopro Professionals\",\"description\":\"Professional - Equipamentos el\u00e9tricos para cabeleireiro. A Sopro \u00e9 uma marca Portuguesa de equipamentos el\u00e9tricos do setor profissional de cabeleireiro.\",\"publisher\":{\"@id\":\"https:\/\/www.sopro.pt\/es\/#organization\"},\"alternateName\":\"Sopro\",\"potentialAction\":[{\"@type\":\"SearchAction\",\"target\":{\"@type\":\"EntryPoint\",\"urlTemplate\":\"https:\/\/www.sopro.pt\/es\/?s={search_term_string}\"},\"query-input\":{\"@type\":\"PropertyValueSpecification\",\"valueRequired\":true,\"valueName\":\"search_term_string\"}}],\"inLanguage\":\"es\"},{\"@type\":\"Organization\",\"@id\":\"https:\/\/www.sopro.pt\/es\/#organization\",\"name\":\"Sopro Professionals\",\"url\":\"https:\/\/www.sopro.pt\/es\/\",\"logo\":{\"@type\":\"ImageObject\",\"inLanguage\":\"es\",\"@id\":\"https:\/\/www.sopro.pt\/es\/#\/schema\/logo\/image\/\",\"url\":\"https:\/\/www.sopro.pt\/wp-content\/uploads\/2024\/01\/SOPRO-PROFESSIONALS-FAVICON-web.svg\",\"contentUrl\":\"https:\/\/www.sopro.pt\/wp-content\/uploads\/2024\/01\/SOPRO-PROFESSIONALS-FAVICON-web.svg\",\"width\":512,\"height\":512,\"caption\":\"Sopro Professionals\"},\"image\":{\"@id\":\"https:\/\/www.sopro.pt\/es\/#\/schema\/logo\/image\/\"},\"sameAs\":[\"https:\/\/www.facebook.com\/soproprofessionals\/\",\"https:\/\/www.instagram.com\/sopro_professionals\/\"]}]}<\/script>\n<!-- \/ Yoast SEO plugin. -->","yoast_head_json":{"title":"PLANCHA SPECIAL PENCIL - Sopro - Equipamentos el\u00e9tricos para cabeleireiro","description":"Professional - Equipamentos el\u00e9tricos para cabeleireiro. A Sopro \u00e9 uma marca Portuguesa de equipamentos el\u00e9tricos do setor profissional de cabeleireiro.","robots":{"index":"index","follow":"follow","max-snippet":"max-snippet:-1","max-image-preview":"max-image-preview:large","max-video-preview":"max-video-preview:-1"},"canonical":"https:\/\/www.sopro.pt\/es\/produto\/plancha-special-pencil\/","og_locale":"es_ES","og_type":"article","og_title":"PLANCHA SPECIAL PENCIL - Sopro - Equipamentos el\u00e9tricos para cabeleireiro","og_description":"Professional - Equipamentos el\u00e9tricos para cabeleireiro. A Sopro \u00e9 uma marca Portuguesa de equipamentos el\u00e9tricos do setor profissional de cabeleireiro.","og_url":"https:\/\/www.sopro.pt\/es\/produto\/plancha-special-pencil\/","og_site_name":"Sopro - Equipamentos el\u00e9tricos para cabeleireiro","article_publisher":"https:\/\/www.facebook.com\/soproprofessionals\/","article_modified_time":"2024-05-02T10:27:00+00:00","og_image":[{"width":1080,"height":1080,"url":"https:\/\/www.sopro.pt\/wp-content\/uploads\/2024\/02\/SOPRO-Professionals-Prancha-Special-Pencil.png","type":"image\/png"}],"twitter_card":"summary_large_image","twitter_misc":{"Tiempo de lectura":"1 minuto"},"schema":{"@context":"https:\/\/schema.org","@graph":[{"@type":"WebPage","@id":"https:\/\/www.sopro.pt\/es\/produto\/plancha-special-pencil\/","url":"https:\/\/www.sopro.pt\/es\/produto\/plancha-special-pencil\/","name":"PLANCHA SPECIAL PENCIL - Sopro - Equipamentos el\u00e9tricos para cabeleireiro","isPartOf":{"@id":"https:\/\/www.sopro.pt\/es\/#website"},"primaryImageOfPage":{"@id":"https:\/\/www.sopro.pt\/es\/produto\/plancha-special-pencil\/#primaryimage"},"image":{"@id":"https:\/\/www.sopro.pt\/es\/produto\/plancha-special-pencil\/#primaryimage"},"thumbnailUrl":"https:\/\/www.sopro.pt\/wp-content\/uploads\/2024\/02\/SOPRO-Professionals-Prancha-Special-Pencil.png","datePublished":"2024-02-14T16:59:45+00:00","dateModified":"2024-05-02T10:27:00+00:00","description":"Professional - Equipamentos el\u00e9tricos para cabeleireiro. A Sopro \u00e9 uma marca Portuguesa de equipamentos el\u00e9tricos do setor profissional de cabeleireiro.","breadcrumb":{"@id":"https:\/\/www.sopro.pt\/es\/produto\/plancha-special-pencil\/#breadcrumb"},"inLanguage":"es","potentialAction":[{"@type":"ReadAction","target":["https:\/\/www.sopro.pt\/es\/produto\/plancha-special-pencil\/"]}]},{"@type":"ImageObject","inLanguage":"es","@id":"https:\/\/www.sopro.pt\/es\/produto\/plancha-special-pencil\/#primaryimage","url":"https:\/\/www.sopro.pt\/wp-content\/uploads\/2024\/02\/SOPRO-Professionals-Prancha-Special-Pencil.png","contentUrl":"https:\/\/www.sopro.pt\/wp-content\/uploads\/2024\/02\/SOPRO-Professionals-Prancha-Special-Pencil.png","width":1080,"height":1080},{"@type":"BreadcrumbList","@id":"https:\/\/www.sopro.pt\/es\/produto\/plancha-special-pencil\/#breadcrumb","itemListElement":[{"@type":"ListItem","position":1,"name":"In\u00edcio","item":"https:\/\/www.sopro.pt\/es\/home-2\/"},{"@type":"ListItem","position":2,"name":"Productos","item":"https:\/\/www.sopro.pt\/es\/shop\/"},{"@type":"ListItem","position":3,"name":"PLANCHA SPECIAL PENCIL"}]},{"@type":"WebSite","@id":"https:\/\/www.sopro.pt\/es\/#website","url":"https:\/\/www.sopro.pt\/es\/","name":"Sopro Professionals","description":"Professional - Equipamentos el\u00e9tricos para cabeleireiro. A Sopro \u00e9 uma marca Portuguesa de equipamentos el\u00e9tricos do setor profissional de cabeleireiro.","publisher":{"@id":"https:\/\/www.sopro.pt\/es\/#organization"},"alternateName":"Sopro","potentialAction":[{"@type":"SearchAction","target":{"@type":"EntryPoint","urlTemplate":"https:\/\/www.sopro.pt\/es\/?s={search_term_string}"},"query-input":{"@type":"PropertyValueSpecification","valueRequired":true,"valueName":"search_term_string"}}],"inLanguage":"es"},{"@type":"Organization","@id":"https:\/\/www.sopro.pt\/es\/#organization","name":"Sopro Professionals","url":"https:\/\/www.sopro.pt\/es\/","logo":{"@type":"ImageObject","inLanguage":"es","@id":"https:\/\/www.sopro.pt\/es\/#\/schema\/logo\/image\/","url":"https:\/\/www.sopro.pt\/wp-content\/uploads\/2024\/01\/SOPRO-PROFESSIONALS-FAVICON-web.svg","contentUrl":"https:\/\/www.sopro.pt\/wp-content\/uploads\/2024\/01\/SOPRO-PROFESSIONALS-FAVICON-web.svg","width":512,"height":512,"caption":"Sopro Professionals"},"image":{"@id":"https:\/\/www.sopro.pt\/es\/#\/schema\/logo\/image\/"},"sameAs":["https:\/\/www.facebook.com\/soproprofessionals\/","https:\/\/www.instagram.com\/sopro_professionals\/"]}]}},"_links":{"self":[{"href":"https:\/\/www.sopro.pt\/es\/wp-json\/wp\/v2\/product\/10739","targetHints":{"allow":["GET"]}}],"collection":[{"href":"https:\/\/www.sopro.pt\/es\/wp-json\/wp\/v2\/product"}],"about":[{"href":"https:\/\/www.sopro.pt\/es\/wp-json\/wp\/v2\/types\/product"}],"version-history":[{"count":1,"href":"https:\/\/www.sopro.pt\/es\/wp-json\/wp\/v2\/product\/10739\/revisions"}],"predecessor-version":[{"id":10741,"href":"https:\/\/www.sopro.pt\/es\/wp-json\/wp\/v2\/product\/10739\/revisions\/10741"}],"wp:featuredmedia":[{"embeddable":true,"href":"https:\/\/www.sopro.pt\/es\/wp-json\/wp\/v2\/media\/10442"}],"wp:attachment":[{"href":"https:\/\/www.sopro.pt\/es\/wp-json\/wp\/v2\/media?parent=10739"}],"wp:term":[{"taxonomy":"product_brand","embeddable":true,"href":"https:\/\/www.sopro.pt\/es\/wp-json\/wp\/v2\/product_brand?post=10739"},{"taxonomy":"product_cat","embeddable":true,"href":"https:\/\/www.sopro.pt\/es\/wp-json\/wp\/v2\/product_cat?post=10739"},{"taxonomy":"product_tag","embeddable":true,"href":"https:\/\/www.sopro.pt\/es\/wp-json\/wp\/v2\/product_tag?post=10739"}],"curies":[{"name":"wp","href":"https:\/\/api.w.org\/{rel}","templated":true}]}}