{"id":12354,"date":"2025-08-21T11:36:00","date_gmt":"2025-08-21T11:36:00","guid":{"rendered":"https:\/\/www.sopro.pt\/produto\/camara-de-analise-capilar-premium-ai\/"},"modified":"2025-08-21T11:36:00","modified_gmt":"2025-08-21T11:36:00","slug":"camara-de-analise-capilar-premium-ai","status":"publish","type":"product","link":"https:\/\/www.sopro.pt\/en\/produto\/camara-de-analise-capilar-premium-ai\/","title":{"rendered":"Premium AI Scalp Analyzer"},"content":{"rendered":"<ul>\n<li aria-setsize=\"-1\" data-leveltext=\"\uf0b7\" data-font=\"Symbol\" data-listid=\"24\" data-list-defn-props=\"{\"335552541\":1,\"335559683\":0,\"335559684\":-2,\"335559685\":720,\"335559991\":360,\"469769226\":\"Symbol\",\"469769242\":[8226],\"469777803\":\"left\",\"469777804\":\"\uf0b7\",\"469777815\":\"hybridMultilevel\"}\" data-aria-posinset=\"1\" data-aria-level=\"1\"><b><span data-contrast=\"none\">Ultra-HD Image<\/span><\/b><span data-contrast=\"none\">: 16-million-pixel lens captures every detail with exceptional clarity.<\/span><span data-ccp-props=\"{\"134233117\":false,\"134233118\":false,\"335551550\":0,\"335551620\":0,\"335559738\":240,\"335559739\":240}\"> <\/span><\/li>\n<\/ul>\n<ul>\n<li aria-setsize=\"-1\" data-leveltext=\"\uf0b7\" data-font=\"Symbol\" data-listid=\"24\" data-list-defn-props=\"{\"335552541\":1,\"335559683\":0,\"335559684\":-2,\"335559685\":720,\"335559991\":360,\"469769226\":\"Symbol\",\"469769242\":[8226],\"469777803\":\"left\",\"469777804\":\"\uf0b7\",\"469777815\":\"hybridMultilevel\"}\" data-aria-posinset=\"2\" data-aria-level=\"1\"><b><span data-contrast=\"none\">Tri-Spectral Technology<\/span><\/b><span data-contrast=\"none\">: Observation with natural light, cross-polarized light, and UV light (365 nm) for a complete view of hair health.<\/span><span data-ccp-props=\"{\"134233117\":false,\"134233118\":false,\"335551550\":0,\"335551620\":0,\"335559738\":240,\"335559739\":240}\"> <\/span><\/li>\n<\/ul>\n<ul>\n<li aria-setsize=\"-1\" data-leveltext=\"\uf0b7\" data-font=\"Symbol\" data-listid=\"24\" data-list-defn-props=\"{\"335552541\":1,\"335559683\":0,\"335559684\":-2,\"335559685\":720,\"335559991\":360,\"469769226\":\"Symbol\",\"469769242\":[8226],\"469777803\":\"left\",\"469777804\":\"\uf0b7\",\"469777815\":\"hybridMultilevel\"}\" data-aria-posinset=\"3\" data-aria-level=\"1\"><b><span data-contrast=\"none\">Variable Magnification (10X\u2013200X)<\/span><\/b><span data-contrast=\"none\">: Detailed analysis from the surface to the deepest layers of the scalp.<\/span><span data-ccp-props=\"{\"134233117\":false,\"134233118\":false,\"335551550\":0,\"335551620\":0,\"335559738\":240,\"335559739\":240}\"> <\/span><\/li>\n<\/ul>\n<ul>\n<li aria-setsize=\"-1\" data-leveltext=\"\uf0b7\" data-font=\"Symbol\" data-listid=\"24\" data-list-defn-props=\"{\"335552541\":1,\"335559683\":0,\"335559684\":-2,\"335559685\":720,\"335559991\":360,\"469769226\":\"Symbol\",\"469769242\":[8226],\"469777803\":\"left\",\"469777804\":\"\uf0b7\",\"469777815\":\"hybridMultilevel\"}\" data-aria-posinset=\"4\" data-aria-level=\"1\"><b><span data-contrast=\"none\">Quantitative Analysis with AI<\/span><\/b><span data-contrast=\"none\">: Measures follicle density and hair thickness, and identifies issues such as oiliness, dandruff, sensitivity, and thinning.<\/span><span data-ccp-props=\"{\"134233117\":false,\"134233118\":false,\"335551550\":0,\"335551620\":0,\"335559738\":240,\"335559739\":240}\"> <\/span><\/li>\n<\/ul>\n<ul>\n<li aria-setsize=\"-1\" data-leveltext=\"\uf0b7\" data-font=\"Symbol\" data-listid=\"24\" data-list-defn-props=\"{\"335552541\":1,\"335559683\":0,\"335559684\":-2,\"335559685\":720,\"335559991\":360,\"469769226\":\"Symbol\",\"469769242\":[8226],\"469777803\":\"left\",\"469777804\":\"\uf0b7\",\"469777815\":\"hybridMultilevel\"}\" data-aria-posinset=\"5\" data-aria-level=\"1\"><b><span data-contrast=\"none\">Complete and Personalized Reports<\/span><\/b><span data-contrast=\"none\">: Real-time preview, image capture, result comparison, and treatment or product recommendations.<\/span><span data-ccp-props=\"{\"134233117\":false,\"134233118\":false,\"335551550\":0,\"335551620\":0,\"335559738\":240,\"335559739\":240}\"> <\/span><\/li>\n<\/ul>\n<ul>\n<li aria-setsize=\"-1\" data-leveltext=\"\uf0b7\" data-font=\"Symbol\" data-listid=\"24\" data-list-defn-props=\"{\"335552541\":1,\"335559683\":0,\"335559684\":-2,\"335559685\":720,\"335559991\":360,\"469769226\":\"Symbol\",\"469769242\":[8226],\"469777803\":\"left\",\"469777804\":\"\uf0b7\",\"469777815\":\"hybridMultilevel\"}\" data-aria-posinset=\"6\" data-aria-level=\"1\"><b><span data-contrast=\"none\">Easy Sharing via QR Code<\/span><\/b><span data-contrast=\"none\">: Reports can be automatically sent to the client <\/span><b><span data-contrast=\"none\">via a QR code generated on the spot<\/span><\/b><span data-contrast=\"none\">, allowing quick and secure access to information.<\/span><span data-ccp-props=\"{\"134233117\":false,\"134233118\":false,\"335551550\":0,\"335551620\":0,\"335559738\":240,\"335559739\":240}\"> <\/span><\/li>\n<\/ul>\n<ul>\n<li aria-setsize=\"-1\" data-leveltext=\"\uf0b7\" data-font=\"Symbol\" data-listid=\"24\" data-list-defn-props=\"{\"335552541\":1,\"335559683\":0,\"335559684\":-2,\"335559685\":720,\"335559991\":360,\"469769226\":\"Symbol\",\"469769242\":[8226],\"469777803\":\"left\",\"469777804\":\"\uf0b7\",\"469777815\":\"hybridMultilevel\"}\" data-aria-posinset=\"7\" data-aria-level=\"1\"><b><span data-contrast=\"none\">Simple Configuration for Product Recommendations<\/span><\/b><span data-contrast=\"none\">: Ability to program appropriate product suggestions for each case, easily integrating the diagnosis with the care plan.<\/span><span data-ccp-props=\"{\"134233117\":false,\"134233118\":false,\"335551550\":0,\"335551620\":0,\"335559738\":240,\"335559739\":240}\"> <\/span><\/li>\n<\/ul>\n<ul>\n<li aria-setsize=\"-1\" data-leveltext=\"\uf0b7\" data-font=\"Symbol\" data-listid=\"24\" data-list-defn-props=\"{\"335552541\":1,\"335559683\":0,\"335559684\":-2,\"335559685\":720,\"335559991\":360,\"469769226\":\"Symbol\",\"469769242\":[8226],\"469777803\":\"left\",\"469777804\":\"\uf0b7\",\"469777815\":\"hybridMultilevel\"}\" data-aria-posinset=\"8\" data-aria-level=\"1\"><b><span data-contrast=\"none\">Cloud Storage<\/span><\/b><span data-contrast=\"none\">: Maximum data security and easy access to client\/patient records.<\/span><span data-ccp-props=\"{\"134233117\":false,\"134233118\":false,\"335551550\":0,\"335551620\":0,\"335559738\":240,\"335559739\":240}\"> <\/span><\/li>\n<\/ul>\n<ul>\n<li aria-setsize=\"-1\" data-leveltext=\"\uf0b7\" data-font=\"Symbol\" data-listid=\"24\" data-list-defn-props=\"{\"335552541\":1,\"335559683\":0,\"335559684\":-2,\"335559685\":720,\"335559991\":360,\"469769226\":\"Symbol\",\"469769242\":[8226],\"469777803\":\"left\",\"469777804\":\"\uf0b7\",\"469777815\":\"hybridMultilevel\"}\" data-aria-posinset=\"9\" data-aria-level=\"1\"><b><span data-contrast=\"none\">Ergonomic Design<\/span><\/b><span data-contrast=\"none\">: Comfortable and easy to use.<\/span><\/li>\n<\/ul>\n<p aria-level=\"3\"><b><span data-contrast=\"none\">Advantages<\/span><\/b><span data-ccp-props=\"{\"134233117\":false,\"134233118\":false,\"134245418\":true,\"134245529\":true,\"335551550\":0,\"335551620\":0,\"335559738\":281,\"335559739\":281}\"> <\/span><\/p>\n<ul>\n<li aria-setsize=\"-1\" data-leveltext=\"\uf0b7\" data-font=\"Symbol\" data-listid=\"25\" data-list-defn-props=\"{\"134225954\":true,\"134225961\":true,\"335552541\":1,\"335559683\":0,\"335559684\":-2,\"335559685\":720,\"335559991\":360,\"469769226\":\"Symbol\",\"469769242\":[8226],\"469777803\":\"left\",\"469777804\":\"\uf0b7\",\"469777815\":\"hybridMultilevel\"}\" data-aria-posinset=\"1\" data-aria-level=\"1\"><b><span data-contrast=\"none\">Professional and Accurate Scalp Hair Analysis<\/span><\/b><span data-ccp-props=\"{\"134233117\":false,\"134233118\":false,\"335551550\":0,\"335551620\":0,\"335559738\":240,\"335559739\":240}\"> <\/span><\/li>\n<\/ul>\n<ul>\n<li aria-setsize=\"-1\" data-leveltext=\"\uf0b7\" data-font=\"Symbol\" data-listid=\"25\" data-list-defn-props=\"{\"134225954\":true,\"134225961\":true,\"335552541\":1,\"335559683\":0,\"335559684\":-2,\"335559685\":720,\"335559991\":360,\"469769226\":\"Symbol\",\"469769242\":[8226],\"469777803\":\"left\",\"469777804\":\"\uf0b7\",\"469777815\":\"hybridMultilevel\"}\" data-aria-posinset=\"2\" data-aria-level=\"1\"><b><span data-contrast=\"none\">Completely Non-Invasive<\/span><\/b><span data-contrast=\"none\"> \u2013 no cutting, scraping, or biopsies<\/span><span data-ccp-props=\"{\"134233117\":false,\"134233118\":false,\"335551550\":0,\"335551620\":0,\"335559738\":240,\"335559739\":240}\"> <\/span><\/li>\n<\/ul>\n<ul>\n<li aria-setsize=\"-1\" data-leveltext=\"\uf0b7\" data-font=\"Symbol\" data-listid=\"25\" data-list-defn-props=\"{\"134225954\":true,\"134225961\":true,\"335552541\":1,\"335559683\":0,\"335559684\":-2,\"335559685\":720,\"335559991\":360,\"469769226\":\"Symbol\",\"469769242\":[8226],\"469777803\":\"left\",\"469777804\":\"\uf0b7\",\"469777815\":\"hybridMultilevel\"}\" data-aria-posinset=\"3\" data-aria-level=\"1\"><b><span data-contrast=\"none\">Personalized Recommendations<\/span><\/b><span data-contrast=\"none\"> for each client<\/span><span data-ccp-props=\"{\"134233117\":false,\"134233118\":false,\"335551550\":0,\"335551620\":0,\"335559738\":240,\"335559739\":240}\"> <\/span><\/li>\n<\/ul>\n<ul>\n<li aria-setsize=\"-1\" data-leveltext=\"\uf0b7\" data-font=\"Symbol\" data-listid=\"25\" data-list-defn-props=\"{\"134225954\":true,\"134225961\":true,\"335552541\":1,\"335559683\":0,\"335559684\":-2,\"335559685\":720,\"335559991\":360,\"469769226\":\"Symbol\",\"469769242\":[8226],\"469777803\":\"left\",\"469777804\":\"\uf0b7\",\"469777815\":\"hybridMultilevel\"}\" data-aria-posinset=\"4\" data-aria-level=\"1\"><b><span data-contrast=\"none\">Efficient Workflow<\/span><\/b><span data-contrast=\"none\"> and reports ready for digital sharing<\/span><span data-ccp-props=\"{\"134233117\":false,\"134233118\":false,\"335551550\":0,\"335551620\":0,\"335559738\":240,\"335559739\":240}\"> <\/span><\/li>\n<\/ul>\n<ul>\n<li aria-setsize=\"-1\" data-leveltext=\"\uf0b7\" data-font=\"Symbol\" data-listid=\"25\" data-list-defn-props=\"{\"134225954\":true,\"134225961\":true,\"335552541\":1,\"335559683\":0,\"335559684\":-2,\"335559685\":720,\"335559991\":360,\"469769226\":\"Symbol\",\"469769242\":[8226],\"469777803\":\"left\",\"469777804\":\"\uf0b7\",\"469777815\":\"hybridMultilevel\"}\" data-aria-posinset=\"5\" data-aria-level=\"1\"><b><span data-contrast=\"none\">Versatile Application<\/span><\/b><span data-contrast=\"none\">: iIdeal for advanced hairdressers, trichologists, dermatology clinics, hair health centers, and hair transplant institutions.<\/span><span data-ccp-props=\"{\"134233117\":false,\"134233118\":false,\"335551550\":0,\"335551620\":0,\"335559738\":240,\"335559739\":240}\"> <\/span><\/li>\n<\/ul>\n<p><span data-contrast=\"none\">With the Premium AI Camera, hair analysis reaches a new level of excellence, allowing you to create truly personalized protocols and treatments.<\/span><span data-ccp-props=\"{\"134233117\":false,\"134233118\":false,\"335551550\":0,\"335551620\":0,\"335559738\":240,\"335559739\":240}\"> <\/span><\/p>\n","protected":false},"excerpt":{"rendered":"<p><span data-contrast=\"none\">In your salon, every client deserves more than one treatment \u2014 they deserve a moment of discovery, confidence, and transformation.<\/span><br \/>\n<span data-contrast=\"none\">With the Premium AI Camera, hair analysis becomes an exclusive ritual, revealing what the eye can&#8217;t see and guiding you toward perfect care.<\/span><span data-ccp-props=\"{\"134233117\":false,\"134233118\":false,\"335551550\":0,\"335551620\":0,\"335559738\":240,\"335559739\":240}\"> <\/span><\/p>\n<p><b><span data-contrast=\"none\">Why <\/span><\/b><b><span data-contrast=\"none\">you&#8217;ll fall in love with this experience:<\/span><\/b><span data-ccp-props=\"{\"134233117\":false,\"134233118\":false,\"335551550\":0,\"335551620\":0,\"335559738\":240,\"335559739\":240}\"> <\/span><\/p>\n<ul>\n<li aria-setsize=\"-1\" data-leveltext=\"\uf0b7\" data-font=\"Symbol\" data-listid=\"23\" data-list-defn-props=\"{\"335552541\":1,\"335559683\":0,\"335559684\":-2,\"335559685\":720,\"335559991\":360,\"469769226\":\"Symbol\",\"469769242\":[8226],\"469777803\":\"left\",\"469777804\":\"\uf0b7\",\"469777815\":\"hybridMultilevel\"}\" data-aria-posinset=\"1\" data-aria-level=\"1\"><span data-contrast=\"none\">It shows the client, clearly and in detail, the true condition of the hair and scalp.<\/span><span data-ccp-props=\"{\"134233117\":false,\"134233118\":false,\"335551550\":0,\"335551620\":0,\"335559738\":240,\"335559739\":240}\"> <\/span><\/li>\n<\/ul>\n<ul>\n<li aria-setsize=\"-1\" data-leveltext=\"\uf0b7\" data-font=\"Symbol\" data-listid=\"23\" data-list-defn-props=\"{\"335552541\":1,\"335559683\":0,\"335559684\":-2,\"335559685\":720,\"335559991\":360,\"469769226\":\"Symbol\",\"469769242\":[8226],\"469777803\":\"left\",\"469777804\":\"\uf0b7\",\"469777815\":\"hybridMultilevel\"}\" data-aria-posinset=\"2\" data-aria-level=\"1\"><span data-contrast=\"none\">Instant reports <\/span><b><span data-contrast=\"none\">shared via QR Code<\/span><\/b><span data-contrast=\"none\">, that reinforce trust and loyalty<\/span><span data-ccp-props=\"{\"134233117\":false,\"134233118\":false,\"335551550\":0,\"335551620\":0,\"335559738\":240,\"335559739\":240}\"> <\/span><\/li>\n<\/ul>\n<ul>\n<li aria-setsize=\"-1\" data-leveltext=\"\uf0b7\" data-font=\"Symbol\" data-listid=\"23\" data-list-defn-props=\"{\"335552541\":1,\"335559683\":0,\"335559684\":-2,\"335559685\":720,\"335559991\":360,\"469769226\":\"Symbol\",\"469769242\":[8226],\"469777803\":\"left\",\"469777804\":\"\uf0b7\",\"469777815\":\"hybridMultilevel\"}\" data-aria-posinset=\"3\" data-aria-level=\"1\"><span data-contrast=\"none\">Automatic suggestions of products and treatments adapted to each case<\/span><span data-ccp-props=\"{\"134233117\":false,\"134233118\":false,\"335551550\":0,\"335551620\":0,\"335559738\":240,\"335559739\":240}\"> <\/span><\/li>\n<\/ul>\n<ul>\n<li aria-setsize=\"-1\" data-leveltext=\"\uf0b7\" data-font=\"Symbol\" data-listid=\"23\" data-list-defn-props=\"{\"335552541\":1,\"335559683\":0,\"335559684\":-2,\"335559685\":720,\"335559991\":360,\"469769226\":\"Symbol\",\"469769242\":[8226],\"469777803\":\"left\",\"469777804\":\"\uf0b7\",\"469777815\":\"hybridMultilevel\"}\" data-aria-posinset=\"4\" data-aria-level=\"1\"><span data-contrast=\"none\">Discreet, easy-to-configure technology that increases the perceived value of your service<\/span><span data-ccp-props=\"{\"134233117\":false,\"134233118\":false,\"335551550\":0,\"335551620\":0,\"335559738\":240,\"335559739\":240}\"> <\/span><\/li>\n<\/ul>\n<p><span data-contrast=\"none\">More than just technology, it&#8217;s a new way to create connections, inspire change, and value your talent.<\/span><\/p>\n<p><span data-contrast=\"none\">\ud83d\udc8e <\/span><b><span data-contrast=\"none\">Turn every analysis into an unforgettable moment<\/span><\/b><\/p>\n","protected":false},"featured_media":12338,"template":"","meta":[],"product_brand":[],"product_cat":[157],"product_tag":[],"class_list":{"0":"post-12354","1":"product","2":"type-product","3":"status-publish","4":"has-post-thumbnail","6":"product_cat-all-categories","8":"first","9":"instock","10":"shipping-taxable","11":"purchasable","12":"product-type-simple","13":"wpzoom-wc-spi-has-enabled"},"yoast_head":"<!-- This site is optimized with the Yoast SEO plugin v27.3 - https:\/\/yoast.com\/product\/yoast-seo-wordpress\/ -->\n<title>Premium AI Scalp Analyzer - Sopro - Equipamentos el\u00e9tricos para cabeleireiro<\/title>\n<meta name=\"description\" content=\"Professional - Equipamentos el\u00e9tricos para cabeleireiro. A Sopro \u00e9 uma marca Portuguesa de equipamentos el\u00e9tricos do setor profissional de cabeleireiro.\" \/>\n<meta name=\"robots\" content=\"index, follow, max-snippet:-1, max-image-preview:large, max-video-preview:-1\" \/>\n<link rel=\"canonical\" href=\"https:\/\/www.sopro.pt\/en\/produto\/camara-de-analise-capilar-premium-ai\/\" \/>\n<meta property=\"og:locale\" content=\"en_US\" \/>\n<meta property=\"og:type\" content=\"article\" \/>\n<meta property=\"og:title\" content=\"Premium AI Scalp Analyzer - Sopro - Equipamentos el\u00e9tricos para cabeleireiro\" \/>\n<meta property=\"og:description\" content=\"Professional - Equipamentos el\u00e9tricos para cabeleireiro. A Sopro \u00e9 uma marca Portuguesa de equipamentos el\u00e9tricos do setor profissional de cabeleireiro.\" \/>\n<meta property=\"og:url\" content=\"https:\/\/www.sopro.pt\/en\/produto\/camara-de-analise-capilar-premium-ai\/\" \/>\n<meta property=\"og:site_name\" content=\"Sopro - Equipamentos el\u00e9tricos para cabeleireiro\" \/>\n<meta property=\"article:publisher\" content=\"https:\/\/www.facebook.com\/soproprofessionals\/\" \/>\n<meta property=\"og:image\" content=\"https:\/\/www.sopro.pt\/wp-content\/uploads\/2025\/08\/SoproProfessionals-CamaraPremiumAI-1.webp\" \/>\n\t<meta property=\"og:image:width\" content=\"1080\" \/>\n\t<meta property=\"og:image:height\" content=\"1080\" \/>\n\t<meta property=\"og:image:type\" content=\"image\/jpeg\" \/>\n<meta name=\"twitter:card\" content=\"summary_large_image\" \/>\n<meta name=\"twitter:label1\" content=\"Est. reading time\" \/>\n\t<meta name=\"twitter:data1\" content=\"1 minute\" \/>\n<script type=\"application\/ld+json\" class=\"yoast-schema-graph\">{\"@context\":\"https:\\\/\\\/schema.org\",\"@graph\":[{\"@type\":\"WebPage\",\"@id\":\"https:\\\/\\\/www.sopro.pt\\\/en\\\/produto\\\/camara-de-analise-capilar-premium-ai\\\/\",\"url\":\"https:\\\/\\\/www.sopro.pt\\\/en\\\/produto\\\/camara-de-analise-capilar-premium-ai\\\/\",\"name\":\"Premium AI Scalp Analyzer - Sopro - Equipamentos el\u00e9tricos para cabeleireiro\",\"isPartOf\":{\"@id\":\"https:\\\/\\\/www.sopro.pt\\\/en\\\/#website\"},\"primaryImageOfPage\":{\"@id\":\"https:\\\/\\\/www.sopro.pt\\\/en\\\/produto\\\/camara-de-analise-capilar-premium-ai\\\/#primaryimage\"},\"image\":{\"@id\":\"https:\\\/\\\/www.sopro.pt\\\/en\\\/produto\\\/camara-de-analise-capilar-premium-ai\\\/#primaryimage\"},\"thumbnailUrl\":\"https:\\\/\\\/www.sopro.pt\\\/wp-content\\\/uploads\\\/2025\\\/08\\\/SoproProfessionals-CamaraPremiumAI-1.webp\",\"datePublished\":\"2025-08-21T11:36:00+00:00\",\"description\":\"Professional - Equipamentos el\u00e9tricos para cabeleireiro. A Sopro \u00e9 uma marca Portuguesa de equipamentos el\u00e9tricos do setor profissional de cabeleireiro.\",\"breadcrumb\":{\"@id\":\"https:\\\/\\\/www.sopro.pt\\\/en\\\/produto\\\/camara-de-analise-capilar-premium-ai\\\/#breadcrumb\"},\"inLanguage\":\"en-US\",\"potentialAction\":[{\"@type\":\"ReadAction\",\"target\":[\"https:\\\/\\\/www.sopro.pt\\\/en\\\/produto\\\/camara-de-analise-capilar-premium-ai\\\/\"]}]},{\"@type\":\"ImageObject\",\"inLanguage\":\"en-US\",\"@id\":\"https:\\\/\\\/www.sopro.pt\\\/en\\\/produto\\\/camara-de-analise-capilar-premium-ai\\\/#primaryimage\",\"url\":\"https:\\\/\\\/www.sopro.pt\\\/wp-content\\\/uploads\\\/2025\\\/08\\\/SoproProfessionals-CamaraPremiumAI-1.webp\",\"contentUrl\":\"https:\\\/\\\/www.sopro.pt\\\/wp-content\\\/uploads\\\/2025\\\/08\\\/SoproProfessionals-CamaraPremiumAI-1.webp\",\"width\":1080,\"height\":1080,\"caption\":\"Premium AI Scalp Analyzer\"},{\"@type\":\"BreadcrumbList\",\"@id\":\"https:\\\/\\\/www.sopro.pt\\\/en\\\/produto\\\/camara-de-analise-capilar-premium-ai\\\/#breadcrumb\",\"itemListElement\":[{\"@type\":\"ListItem\",\"position\":1,\"name\":\"In\u00edcio\",\"item\":\"https:\\\/\\\/www.sopro.pt\\\/en\\\/home-2\\\/\"},{\"@type\":\"ListItem\",\"position\":2,\"name\":\"Products\",\"item\":\"https:\\\/\\\/www.sopro.pt\\\/en\\\/shop\\\/\"},{\"@type\":\"ListItem\",\"position\":3,\"name\":\"Premium AI Scalp Analyzer\"}]},{\"@type\":\"WebSite\",\"@id\":\"https:\\\/\\\/www.sopro.pt\\\/en\\\/#website\",\"url\":\"https:\\\/\\\/www.sopro.pt\\\/en\\\/\",\"name\":\"Sopro Professionals\",\"description\":\"Professional - Equipamentos el\u00e9tricos para cabeleireiro. A Sopro \u00e9 uma marca Portuguesa de equipamentos el\u00e9tricos do setor profissional de cabeleireiro.\",\"publisher\":{\"@id\":\"https:\\\/\\\/www.sopro.pt\\\/en\\\/#organization\"},\"alternateName\":\"Sopro\",\"potentialAction\":[{\"@type\":\"SearchAction\",\"target\":{\"@type\":\"EntryPoint\",\"urlTemplate\":\"https:\\\/\\\/www.sopro.pt\\\/en\\\/?s={search_term_string}\"},\"query-input\":{\"@type\":\"PropertyValueSpecification\",\"valueRequired\":true,\"valueName\":\"search_term_string\"}}],\"inLanguage\":\"en-US\"},{\"@type\":\"Organization\",\"@id\":\"https:\\\/\\\/www.sopro.pt\\\/en\\\/#organization\",\"name\":\"Sopro Professionals\",\"url\":\"https:\\\/\\\/www.sopro.pt\\\/en\\\/\",\"logo\":{\"@type\":\"ImageObject\",\"inLanguage\":\"en-US\",\"@id\":\"https:\\\/\\\/www.sopro.pt\\\/en\\\/#\\\/schema\\\/logo\\\/image\\\/\",\"url\":\"https:\\\/\\\/www.sopro.pt\\\/wp-content\\\/uploads\\\/2024\\\/01\\\/SOPRO-PROFESSIONALS-FAVICON-web.svg\",\"contentUrl\":\"https:\\\/\\\/www.sopro.pt\\\/wp-content\\\/uploads\\\/2024\\\/01\\\/SOPRO-PROFESSIONALS-FAVICON-web.svg\",\"width\":512,\"height\":512,\"caption\":\"Sopro Professionals\"},\"image\":{\"@id\":\"https:\\\/\\\/www.sopro.pt\\\/en\\\/#\\\/schema\\\/logo\\\/image\\\/\"},\"sameAs\":[\"https:\\\/\\\/www.facebook.com\\\/soproprofessionals\\\/\",\"https:\\\/\\\/www.instagram.com\\\/sopro_professionals\\\/\"]}]}<\/script>\n<!-- \/ Yoast SEO plugin. -->","yoast_head_json":{"title":"Premium AI Scalp Analyzer - Sopro - Equipamentos el\u00e9tricos para cabeleireiro","description":"Professional - Equipamentos el\u00e9tricos para cabeleireiro. A Sopro \u00e9 uma marca Portuguesa de equipamentos el\u00e9tricos do setor profissional de cabeleireiro.","robots":{"index":"index","follow":"follow","max-snippet":"max-snippet:-1","max-image-preview":"max-image-preview:large","max-video-preview":"max-video-preview:-1"},"canonical":"https:\/\/www.sopro.pt\/en\/produto\/camara-de-analise-capilar-premium-ai\/","og_locale":"en_US","og_type":"article","og_title":"Premium AI Scalp Analyzer - Sopro - Equipamentos el\u00e9tricos para cabeleireiro","og_description":"Professional - Equipamentos el\u00e9tricos para cabeleireiro. A Sopro \u00e9 uma marca Portuguesa de equipamentos el\u00e9tricos do setor profissional de cabeleireiro.","og_url":"https:\/\/www.sopro.pt\/en\/produto\/camara-de-analise-capilar-premium-ai\/","og_site_name":"Sopro - Equipamentos el\u00e9tricos para cabeleireiro","article_publisher":"https:\/\/www.facebook.com\/soproprofessionals\/","og_image":[{"width":1080,"height":1080,"url":"https:\/\/www.sopro.pt\/wp-content\/uploads\/2025\/08\/SoproProfessionals-CamaraPremiumAI-1.webp","type":"image\/jpeg"}],"twitter_card":"summary_large_image","twitter_misc":{"Est. reading time":"1 minute"},"schema":{"@context":"https:\/\/schema.org","@graph":[{"@type":"WebPage","@id":"https:\/\/www.sopro.pt\/en\/produto\/camara-de-analise-capilar-premium-ai\/","url":"https:\/\/www.sopro.pt\/en\/produto\/camara-de-analise-capilar-premium-ai\/","name":"Premium AI Scalp Analyzer - Sopro - Equipamentos el\u00e9tricos para cabeleireiro","isPartOf":{"@id":"https:\/\/www.sopro.pt\/en\/#website"},"primaryImageOfPage":{"@id":"https:\/\/www.sopro.pt\/en\/produto\/camara-de-analise-capilar-premium-ai\/#primaryimage"},"image":{"@id":"https:\/\/www.sopro.pt\/en\/produto\/camara-de-analise-capilar-premium-ai\/#primaryimage"},"thumbnailUrl":"https:\/\/www.sopro.pt\/wp-content\/uploads\/2025\/08\/SoproProfessionals-CamaraPremiumAI-1.webp","datePublished":"2025-08-21T11:36:00+00:00","description":"Professional - Equipamentos el\u00e9tricos para cabeleireiro. A Sopro \u00e9 uma marca Portuguesa de equipamentos el\u00e9tricos do setor profissional de cabeleireiro.","breadcrumb":{"@id":"https:\/\/www.sopro.pt\/en\/produto\/camara-de-analise-capilar-premium-ai\/#breadcrumb"},"inLanguage":"en-US","potentialAction":[{"@type":"ReadAction","target":["https:\/\/www.sopro.pt\/en\/produto\/camara-de-analise-capilar-premium-ai\/"]}]},{"@type":"ImageObject","inLanguage":"en-US","@id":"https:\/\/www.sopro.pt\/en\/produto\/camara-de-analise-capilar-premium-ai\/#primaryimage","url":"https:\/\/www.sopro.pt\/wp-content\/uploads\/2025\/08\/SoproProfessionals-CamaraPremiumAI-1.webp","contentUrl":"https:\/\/www.sopro.pt\/wp-content\/uploads\/2025\/08\/SoproProfessionals-CamaraPremiumAI-1.webp","width":1080,"height":1080,"caption":"Premium AI Scalp Analyzer"},{"@type":"BreadcrumbList","@id":"https:\/\/www.sopro.pt\/en\/produto\/camara-de-analise-capilar-premium-ai\/#breadcrumb","itemListElement":[{"@type":"ListItem","position":1,"name":"In\u00edcio","item":"https:\/\/www.sopro.pt\/en\/home-2\/"},{"@type":"ListItem","position":2,"name":"Products","item":"https:\/\/www.sopro.pt\/en\/shop\/"},{"@type":"ListItem","position":3,"name":"Premium AI Scalp Analyzer"}]},{"@type":"WebSite","@id":"https:\/\/www.sopro.pt\/en\/#website","url":"https:\/\/www.sopro.pt\/en\/","name":"Sopro Professionals","description":"Professional - Equipamentos el\u00e9tricos para cabeleireiro. A Sopro \u00e9 uma marca Portuguesa de equipamentos el\u00e9tricos do setor profissional de cabeleireiro.","publisher":{"@id":"https:\/\/www.sopro.pt\/en\/#organization"},"alternateName":"Sopro","potentialAction":[{"@type":"SearchAction","target":{"@type":"EntryPoint","urlTemplate":"https:\/\/www.sopro.pt\/en\/?s={search_term_string}"},"query-input":{"@type":"PropertyValueSpecification","valueRequired":true,"valueName":"search_term_string"}}],"inLanguage":"en-US"},{"@type":"Organization","@id":"https:\/\/www.sopro.pt\/en\/#organization","name":"Sopro Professionals","url":"https:\/\/www.sopro.pt\/en\/","logo":{"@type":"ImageObject","inLanguage":"en-US","@id":"https:\/\/www.sopro.pt\/en\/#\/schema\/logo\/image\/","url":"https:\/\/www.sopro.pt\/wp-content\/uploads\/2024\/01\/SOPRO-PROFESSIONALS-FAVICON-web.svg","contentUrl":"https:\/\/www.sopro.pt\/wp-content\/uploads\/2024\/01\/SOPRO-PROFESSIONALS-FAVICON-web.svg","width":512,"height":512,"caption":"Sopro Professionals"},"image":{"@id":"https:\/\/www.sopro.pt\/en\/#\/schema\/logo\/image\/"},"sameAs":["https:\/\/www.facebook.com\/soproprofessionals\/","https:\/\/www.instagram.com\/sopro_professionals\/"]}]}},"_links":{"self":[{"href":"https:\/\/www.sopro.pt\/en\/wp-json\/wp\/v2\/product\/12354","targetHints":{"allow":["GET"]}}],"collection":[{"href":"https:\/\/www.sopro.pt\/en\/wp-json\/wp\/v2\/product"}],"about":[{"href":"https:\/\/www.sopro.pt\/en\/wp-json\/wp\/v2\/types\/product"}],"version-history":[{"count":0,"href":"https:\/\/www.sopro.pt\/en\/wp-json\/wp\/v2\/product\/12354\/revisions"}],"wp:featuredmedia":[{"embeddable":true,"href":"https:\/\/www.sopro.pt\/en\/wp-json\/wp\/v2\/media\/12338"}],"wp:attachment":[{"href":"https:\/\/www.sopro.pt\/en\/wp-json\/wp\/v2\/media?parent=12354"}],"wp:term":[{"taxonomy":"product_brand","embeddable":true,"href":"https:\/\/www.sopro.pt\/en\/wp-json\/wp\/v2\/product_brand?post=12354"},{"taxonomy":"product_cat","embeddable":true,"href":"https:\/\/www.sopro.pt\/en\/wp-json\/wp\/v2\/product_cat?post=12354"},{"taxonomy":"product_tag","embeddable":true,"href":"https:\/\/www.sopro.pt\/en\/wp-json\/wp\/v2\/product_tag?post=12354"}],"curies":[{"name":"wp","href":"https:\/\/api.w.org\/{rel}","templated":true}]}}