{"id":11035,"date":"2021-06-14T14:49:24","date_gmt":"2021-06-14T14:49:24","guid":{"rendered":"https:\/\/www.sopro.pt\/produto\/eco-born-hair-dryer\/"},"modified":"2024-05-10T10:23:14","modified_gmt":"2024-05-10T10:23:14","slug":"eco-born-hair-dryer","status":"publish","type":"product","link":"https:\/\/www.sopro.pt\/en\/produto\/eco-born-hair-dryer\/","title":{"rendered":"ECO BORN HAIR DRYER"},"content":{"rendered":"<p><strong>Latest Generation Brushless Motor:<\/strong> The Eco Born&#8217;s motor uses brushless technology, providing exceptional power for fast and efficient drying.<\/p>\n<p><strong>Ergonomic and Compact Design:<\/strong> With an ergonomic structure, this dryer is light and easy to handle, offering comfort during prolonged use.<\/p>\n<p><strong>Resistance to High Temperatures:<\/strong> The dryer housing is designed to withstand high temperatures without deformation or risk of overheating.<\/p>\n<p><strong>Lightness for Comfort:<\/strong> At just 420g, the Eco Born Dryer relieves tension on wrists, arms and shoulders, providing a comfortable experience for the user.<\/p>\n<p><strong>Additional benefits:<\/strong><\/p>\n<ul>\n<li><strong>Professional Efficiency: <\/strong> Guarantees fast and effective drying, meeting the needs of the most demanding hair professionals.<\/li>\n<li><strong>2-Year Warranty:<\/strong> Offers confidence and peace of mind, confirming the durability and quality of the product.<\/li>\n<\/ul>\n<p>&nbsp;<\/p>\n<p><strong>Experience the Power and Comfort of Drying Hair with care<\/strong><\/p>\n<p>With the Eco Born Dryer, you not only get unparalleled performance, but also an ally for the daily care of your hair. Invest in the efficiency and comfort that this high-quality dryer offers. \ud83d\udca8\u2728<\/p>\n","protected":false},"excerpt":{"rendered":"<h5 class=\"elementor-heading-title elementor-size-default\">Ultralight with great performance<\/h5>\n<p>&nbsp;<\/p>\n<p>The Eco Born Dryer is a masterpiece of professional performance, created to provide ultra-fast drying for all hair types. Its power is increased by advanced brushless motor technology, ensuring efficiency and durability.<\/p>\n","protected":false},"featured_media":10235,"template":"","meta":[],"product_brand":[],"product_cat":[157,159,179],"product_tag":[],"class_list":{"0":"post-11035","1":"product","2":"type-product","3":"status-publish","4":"has-post-thumbnail","6":"product_cat-all-categories","7":"product_cat-cabeleireiro-en","8":"product_cat-hair-dryers","10":"first","11":"instock","12":"shipping-taxable","13":"purchasable","14":"product-type-simple"},"yoast_head":"<!-- This site is optimized with the Yoast SEO plugin v27.3 - https:\/\/yoast.com\/product\/yoast-seo-wordpress\/ -->\n<title>ECO BORN HAIR DRYER - Sopro - Equipamentos el\u00e9tricos para cabeleireiro<\/title>\n<meta name=\"description\" content=\"Professional - Equipamentos el\u00e9tricos para cabeleireiro. A Sopro \u00e9 uma marca Portuguesa de equipamentos el\u00e9tricos do setor profissional de cabeleireiro.\" \/>\n<meta name=\"robots\" content=\"index, follow, max-snippet:-1, max-image-preview:large, max-video-preview:-1\" \/>\n<link rel=\"canonical\" href=\"https:\/\/www.sopro.pt\/en\/produto\/eco-born-hair-dryer\/\" \/>\n<meta property=\"og:locale\" content=\"en_US\" \/>\n<meta property=\"og:type\" content=\"article\" \/>\n<meta property=\"og:title\" content=\"ECO BORN HAIR DRYER - Sopro - Equipamentos el\u00e9tricos para cabeleireiro\" \/>\n<meta property=\"og:description\" content=\"Professional - Equipamentos el\u00e9tricos para cabeleireiro. A Sopro \u00e9 uma marca Portuguesa de equipamentos el\u00e9tricos do setor profissional de cabeleireiro.\" \/>\n<meta property=\"og:url\" content=\"https:\/\/www.sopro.pt\/en\/produto\/eco-born-hair-dryer\/\" \/>\n<meta property=\"og:site_name\" content=\"Sopro - Equipamentos el\u00e9tricos para cabeleireiro\" \/>\n<meta property=\"article:publisher\" content=\"https:\/\/www.facebook.com\/soproprofessionals\/\" \/>\n<meta property=\"article:modified_time\" content=\"2024-05-10T10:23:14+00:00\" \/>\n<meta property=\"og:image\" content=\"https:\/\/www.sopro.pt\/wp-content\/uploads\/2021\/06\/SOPRO-SECADOR-ECO-BORN.png\" \/>\n\t<meta property=\"og:image:width\" content=\"1080\" \/>\n\t<meta property=\"og:image:height\" content=\"1080\" \/>\n\t<meta property=\"og:image:type\" content=\"image\/png\" \/>\n<meta name=\"twitter:card\" content=\"summary_large_image\" \/>\n<meta name=\"twitter:label1\" content=\"Est. reading time\" \/>\n\t<meta name=\"twitter:data1\" content=\"1 minute\" \/>\n<script type=\"application\/ld+json\" class=\"yoast-schema-graph\">{\"@context\":\"https:\\\/\\\/schema.org\",\"@graph\":[{\"@type\":\"WebPage\",\"@id\":\"https:\\\/\\\/www.sopro.pt\\\/en\\\/produto\\\/eco-born-hair-dryer\\\/\",\"url\":\"https:\\\/\\\/www.sopro.pt\\\/en\\\/produto\\\/eco-born-hair-dryer\\\/\",\"name\":\"ECO BORN HAIR DRYER - Sopro - Equipamentos el\u00e9tricos para cabeleireiro\",\"isPartOf\":{\"@id\":\"https:\\\/\\\/www.sopro.pt\\\/en\\\/#website\"},\"primaryImageOfPage\":{\"@id\":\"https:\\\/\\\/www.sopro.pt\\\/en\\\/produto\\\/eco-born-hair-dryer\\\/#primaryimage\"},\"image\":{\"@id\":\"https:\\\/\\\/www.sopro.pt\\\/en\\\/produto\\\/eco-born-hair-dryer\\\/#primaryimage\"},\"thumbnailUrl\":\"https:\\\/\\\/www.sopro.pt\\\/wp-content\\\/uploads\\\/2021\\\/06\\\/SOPRO-SECADOR-ECO-BORN.png\",\"datePublished\":\"2021-06-14T14:49:24+00:00\",\"dateModified\":\"2024-05-10T10:23:14+00:00\",\"description\":\"Professional - Equipamentos el\u00e9tricos para cabeleireiro. A Sopro \u00e9 uma marca Portuguesa de equipamentos el\u00e9tricos do setor profissional de cabeleireiro.\",\"breadcrumb\":{\"@id\":\"https:\\\/\\\/www.sopro.pt\\\/en\\\/produto\\\/eco-born-hair-dryer\\\/#breadcrumb\"},\"inLanguage\":\"en-US\",\"potentialAction\":[{\"@type\":\"ReadAction\",\"target\":[\"https:\\\/\\\/www.sopro.pt\\\/en\\\/produto\\\/eco-born-hair-dryer\\\/\"]}]},{\"@type\":\"ImageObject\",\"inLanguage\":\"en-US\",\"@id\":\"https:\\\/\\\/www.sopro.pt\\\/en\\\/produto\\\/eco-born-hair-dryer\\\/#primaryimage\",\"url\":\"https:\\\/\\\/www.sopro.pt\\\/wp-content\\\/uploads\\\/2021\\\/06\\\/SOPRO-SECADOR-ECO-BORN.png\",\"contentUrl\":\"https:\\\/\\\/www.sopro.pt\\\/wp-content\\\/uploads\\\/2021\\\/06\\\/SOPRO-SECADOR-ECO-BORN.png\",\"width\":1080,\"height\":1080,\"caption\":\"Secador de Cabelo Eco Born - Sopro Professionals\"},{\"@type\":\"BreadcrumbList\",\"@id\":\"https:\\\/\\\/www.sopro.pt\\\/en\\\/produto\\\/eco-born-hair-dryer\\\/#breadcrumb\",\"itemListElement\":[{\"@type\":\"ListItem\",\"position\":1,\"name\":\"In\u00edcio\",\"item\":\"https:\\\/\\\/www.sopro.pt\\\/en\\\/home-2\\\/\"},{\"@type\":\"ListItem\",\"position\":2,\"name\":\"Products\",\"item\":\"https:\\\/\\\/www.sopro.pt\\\/en\\\/shop\\\/\"},{\"@type\":\"ListItem\",\"position\":3,\"name\":\"ECO BORN HAIR DRYER\"}]},{\"@type\":\"WebSite\",\"@id\":\"https:\\\/\\\/www.sopro.pt\\\/en\\\/#website\",\"url\":\"https:\\\/\\\/www.sopro.pt\\\/en\\\/\",\"name\":\"Sopro Professionals\",\"description\":\"Professional - Equipamentos el\u00e9tricos para cabeleireiro. A Sopro \u00e9 uma marca Portuguesa de equipamentos el\u00e9tricos do setor profissional de cabeleireiro.\",\"publisher\":{\"@id\":\"https:\\\/\\\/www.sopro.pt\\\/en\\\/#organization\"},\"alternateName\":\"Sopro\",\"potentialAction\":[{\"@type\":\"SearchAction\",\"target\":{\"@type\":\"EntryPoint\",\"urlTemplate\":\"https:\\\/\\\/www.sopro.pt\\\/en\\\/?s={search_term_string}\"},\"query-input\":{\"@type\":\"PropertyValueSpecification\",\"valueRequired\":true,\"valueName\":\"search_term_string\"}}],\"inLanguage\":\"en-US\"},{\"@type\":\"Organization\",\"@id\":\"https:\\\/\\\/www.sopro.pt\\\/en\\\/#organization\",\"name\":\"Sopro Professionals\",\"url\":\"https:\\\/\\\/www.sopro.pt\\\/en\\\/\",\"logo\":{\"@type\":\"ImageObject\",\"inLanguage\":\"en-US\",\"@id\":\"https:\\\/\\\/www.sopro.pt\\\/en\\\/#\\\/schema\\\/logo\\\/image\\\/\",\"url\":\"https:\\\/\\\/www.sopro.pt\\\/wp-content\\\/uploads\\\/2024\\\/01\\\/SOPRO-PROFESSIONALS-FAVICON-web.svg\",\"contentUrl\":\"https:\\\/\\\/www.sopro.pt\\\/wp-content\\\/uploads\\\/2024\\\/01\\\/SOPRO-PROFESSIONALS-FAVICON-web.svg\",\"width\":512,\"height\":512,\"caption\":\"Sopro Professionals\"},\"image\":{\"@id\":\"https:\\\/\\\/www.sopro.pt\\\/en\\\/#\\\/schema\\\/logo\\\/image\\\/\"},\"sameAs\":[\"https:\\\/\\\/www.facebook.com\\\/soproprofessionals\\\/\",\"https:\\\/\\\/www.instagram.com\\\/sopro_professionals\\\/\"]}]}<\/script>\n<!-- \/ Yoast SEO plugin. -->","yoast_head_json":{"title":"ECO BORN HAIR DRYER - Sopro - Equipamentos el\u00e9tricos para cabeleireiro","description":"Professional - Equipamentos el\u00e9tricos para cabeleireiro. A Sopro \u00e9 uma marca Portuguesa de equipamentos el\u00e9tricos do setor profissional de cabeleireiro.","robots":{"index":"index","follow":"follow","max-snippet":"max-snippet:-1","max-image-preview":"max-image-preview:large","max-video-preview":"max-video-preview:-1"},"canonical":"https:\/\/www.sopro.pt\/en\/produto\/eco-born-hair-dryer\/","og_locale":"en_US","og_type":"article","og_title":"ECO BORN HAIR DRYER - Sopro - Equipamentos el\u00e9tricos para cabeleireiro","og_description":"Professional - Equipamentos el\u00e9tricos para cabeleireiro. A Sopro \u00e9 uma marca Portuguesa de equipamentos el\u00e9tricos do setor profissional de cabeleireiro.","og_url":"https:\/\/www.sopro.pt\/en\/produto\/eco-born-hair-dryer\/","og_site_name":"Sopro - Equipamentos el\u00e9tricos para cabeleireiro","article_publisher":"https:\/\/www.facebook.com\/soproprofessionals\/","article_modified_time":"2024-05-10T10:23:14+00:00","og_image":[{"width":1080,"height":1080,"url":"https:\/\/www.sopro.pt\/wp-content\/uploads\/2021\/06\/SOPRO-SECADOR-ECO-BORN.png","type":"image\/png"}],"twitter_card":"summary_large_image","twitter_misc":{"Est. reading time":"1 minute"},"schema":{"@context":"https:\/\/schema.org","@graph":[{"@type":"WebPage","@id":"https:\/\/www.sopro.pt\/en\/produto\/eco-born-hair-dryer\/","url":"https:\/\/www.sopro.pt\/en\/produto\/eco-born-hair-dryer\/","name":"ECO BORN HAIR DRYER - Sopro - Equipamentos el\u00e9tricos para cabeleireiro","isPartOf":{"@id":"https:\/\/www.sopro.pt\/en\/#website"},"primaryImageOfPage":{"@id":"https:\/\/www.sopro.pt\/en\/produto\/eco-born-hair-dryer\/#primaryimage"},"image":{"@id":"https:\/\/www.sopro.pt\/en\/produto\/eco-born-hair-dryer\/#primaryimage"},"thumbnailUrl":"https:\/\/www.sopro.pt\/wp-content\/uploads\/2021\/06\/SOPRO-SECADOR-ECO-BORN.png","datePublished":"2021-06-14T14:49:24+00:00","dateModified":"2024-05-10T10:23:14+00:00","description":"Professional - Equipamentos el\u00e9tricos para cabeleireiro. A Sopro \u00e9 uma marca Portuguesa de equipamentos el\u00e9tricos do setor profissional de cabeleireiro.","breadcrumb":{"@id":"https:\/\/www.sopro.pt\/en\/produto\/eco-born-hair-dryer\/#breadcrumb"},"inLanguage":"en-US","potentialAction":[{"@type":"ReadAction","target":["https:\/\/www.sopro.pt\/en\/produto\/eco-born-hair-dryer\/"]}]},{"@type":"ImageObject","inLanguage":"en-US","@id":"https:\/\/www.sopro.pt\/en\/produto\/eco-born-hair-dryer\/#primaryimage","url":"https:\/\/www.sopro.pt\/wp-content\/uploads\/2021\/06\/SOPRO-SECADOR-ECO-BORN.png","contentUrl":"https:\/\/www.sopro.pt\/wp-content\/uploads\/2021\/06\/SOPRO-SECADOR-ECO-BORN.png","width":1080,"height":1080,"caption":"Secador de Cabelo Eco Born - Sopro Professionals"},{"@type":"BreadcrumbList","@id":"https:\/\/www.sopro.pt\/en\/produto\/eco-born-hair-dryer\/#breadcrumb","itemListElement":[{"@type":"ListItem","position":1,"name":"In\u00edcio","item":"https:\/\/www.sopro.pt\/en\/home-2\/"},{"@type":"ListItem","position":2,"name":"Products","item":"https:\/\/www.sopro.pt\/en\/shop\/"},{"@type":"ListItem","position":3,"name":"ECO BORN HAIR DRYER"}]},{"@type":"WebSite","@id":"https:\/\/www.sopro.pt\/en\/#website","url":"https:\/\/www.sopro.pt\/en\/","name":"Sopro Professionals","description":"Professional - Equipamentos el\u00e9tricos para cabeleireiro. A Sopro \u00e9 uma marca Portuguesa de equipamentos el\u00e9tricos do setor profissional de cabeleireiro.","publisher":{"@id":"https:\/\/www.sopro.pt\/en\/#organization"},"alternateName":"Sopro","potentialAction":[{"@type":"SearchAction","target":{"@type":"EntryPoint","urlTemplate":"https:\/\/www.sopro.pt\/en\/?s={search_term_string}"},"query-input":{"@type":"PropertyValueSpecification","valueRequired":true,"valueName":"search_term_string"}}],"inLanguage":"en-US"},{"@type":"Organization","@id":"https:\/\/www.sopro.pt\/en\/#organization","name":"Sopro Professionals","url":"https:\/\/www.sopro.pt\/en\/","logo":{"@type":"ImageObject","inLanguage":"en-US","@id":"https:\/\/www.sopro.pt\/en\/#\/schema\/logo\/image\/","url":"https:\/\/www.sopro.pt\/wp-content\/uploads\/2024\/01\/SOPRO-PROFESSIONALS-FAVICON-web.svg","contentUrl":"https:\/\/www.sopro.pt\/wp-content\/uploads\/2024\/01\/SOPRO-PROFESSIONALS-FAVICON-web.svg","width":512,"height":512,"caption":"Sopro Professionals"},"image":{"@id":"https:\/\/www.sopro.pt\/en\/#\/schema\/logo\/image\/"},"sameAs":["https:\/\/www.facebook.com\/soproprofessionals\/","https:\/\/www.instagram.com\/sopro_professionals\/"]}]}},"_links":{"self":[{"href":"https:\/\/www.sopro.pt\/en\/wp-json\/wp\/v2\/product\/11035","targetHints":{"allow":["GET"]}}],"collection":[{"href":"https:\/\/www.sopro.pt\/en\/wp-json\/wp\/v2\/product"}],"about":[{"href":"https:\/\/www.sopro.pt\/en\/wp-json\/wp\/v2\/types\/product"}],"version-history":[{"count":1,"href":"https:\/\/www.sopro.pt\/en\/wp-json\/wp\/v2\/product\/11035\/revisions"}],"predecessor-version":[{"id":11037,"href":"https:\/\/www.sopro.pt\/en\/wp-json\/wp\/v2\/product\/11035\/revisions\/11037"}],"wp:featuredmedia":[{"embeddable":true,"href":"https:\/\/www.sopro.pt\/en\/wp-json\/wp\/v2\/media\/10235"}],"wp:attachment":[{"href":"https:\/\/www.sopro.pt\/en\/wp-json\/wp\/v2\/media?parent=11035"}],"wp:term":[{"taxonomy":"product_brand","embeddable":true,"href":"https:\/\/www.sopro.pt\/en\/wp-json\/wp\/v2\/product_brand?post=11035"},{"taxonomy":"product_cat","embeddable":true,"href":"https:\/\/www.sopro.pt\/en\/wp-json\/wp\/v2\/product_cat?post=11035"},{"taxonomy":"product_tag","embeddable":true,"href":"https:\/\/www.sopro.pt\/en\/wp-json\/wp\/v2\/product_tag?post=11035"}],"curies":[{"name":"wp","href":"https:\/\/api.w.org\/{rel}","templated":true}]}}