{"id":10979,"date":"2021-07-12T15:58:40","date_gmt":"2021-07-12T15:58:40","guid":{"rendered":"https:\/\/www.sopro.pt\/produto\/contouring-machine-gtx\/"},"modified":"2024-05-09T13:53:01","modified_gmt":"2024-05-09T13:53:01","slug":"contouring-machine-gtx","status":"publish","type":"product","link":"https:\/\/www.sopro.pt\/en\/produto\/contouring-machine-gtx\/","title":{"rendered":"CONTOURING MACHINE GTX"},"content":{"rendered":"<p><strong>Stainless Steel Blade:<\/strong> Provides precise and long-lasting cuts, ensuring a smooth contouring experience.<\/p>\n<p><strong>Low Noise Technology:<\/strong> Quiet operation for a more comfortable and quiet working environment.<\/p>\n<p><strong>360\u00b0 vision:<\/strong> Ergonomic design allows easy handling and full control to create perfect contours.<\/p>\n<p><strong>Serrated Handle:<\/strong> Provides greater grip and comfort during prolonged use.<\/p>\n<p><strong>DC motor with 6000 RPM:<\/strong> Ideal power for fast and efficient results.<\/p>\n<p><strong>Long-lasting Lithium Battery:<\/strong> Cordless runtime of up to 3 hours, providing convenience and mobility.<\/p>\n<p><strong>Quick Charging Time:<\/strong> Approximately 3 hours to recharge the machine between uses.<\/p>\n<p><strong>4 Cutting Guides:<\/strong> Versatility to create different styles and lengths.<\/p>\n<p>Ensure exceptional professional performance with the GTX Contouring Machine. A reliable choice for hairdressers seeking quality and precision. \ud83d\udc88\u2702\ufe0f<\/p>\n","protected":false},"excerpt":{"rendered":"<p><strong>Professional Performance with Innovative Design<\/strong><\/p>\n<p>Our GTX Contouring Machine has been carefully designed to meet the demands of hairdressing professionals. With a combination of high-performance features, this machine offers precision and versatility for the most demanding styles.<\/p>\n","protected":false},"featured_media":10171,"template":"","meta":[],"product_brand":[],"product_cat":[157,201,202],"product_tag":[],"class_list":{"0":"post-10979","1":"product","2":"type-product","3":"status-publish","4":"has-post-thumbnail","6":"product_cat-all-categories","7":"product_cat-cutting-and-contour-machines","8":"product_cat-cutting-and-contour-machines-en","10":"first","11":"instock","12":"shipping-taxable","13":"purchasable","14":"product-type-simple"},"yoast_head":"<!-- This site is optimized with the Yoast SEO plugin v27.3 - https:\/\/yoast.com\/product\/yoast-seo-wordpress\/ -->\n<title>CONTOURING MACHINE GTX - Sopro - Equipamentos el\u00e9tricos para cabeleireiro<\/title>\n<meta name=\"description\" content=\"Professional - Equipamentos el\u00e9tricos para cabeleireiro. A Sopro \u00e9 uma marca Portuguesa de equipamentos el\u00e9tricos do setor profissional de cabeleireiro.\" \/>\n<meta name=\"robots\" content=\"index, follow, max-snippet:-1, max-image-preview:large, max-video-preview:-1\" \/>\n<link rel=\"canonical\" href=\"https:\/\/www.sopro.pt\/en\/produto\/contouring-machine-gtx\/\" \/>\n<meta property=\"og:locale\" content=\"en_US\" \/>\n<meta property=\"og:type\" content=\"article\" \/>\n<meta property=\"og:title\" content=\"CONTOURING MACHINE GTX - Sopro - Equipamentos el\u00e9tricos para cabeleireiro\" \/>\n<meta property=\"og:description\" content=\"Professional - Equipamentos el\u00e9tricos para cabeleireiro. A Sopro \u00e9 uma marca Portuguesa de equipamentos el\u00e9tricos do setor profissional de cabeleireiro.\" \/>\n<meta property=\"og:url\" content=\"https:\/\/www.sopro.pt\/en\/produto\/contouring-machine-gtx\/\" \/>\n<meta property=\"og:site_name\" content=\"Sopro - Equipamentos el\u00e9tricos para cabeleireiro\" \/>\n<meta property=\"article:publisher\" content=\"https:\/\/www.facebook.com\/soproprofessionals\/\" \/>\n<meta property=\"article:modified_time\" content=\"2024-05-09T13:53:01+00:00\" \/>\n<meta property=\"og:image\" content=\"https:\/\/www.sopro.pt\/wp-content\/uploads\/2021\/07\/SOPRO-Maquina-de-Contornos-GTX.png\" \/>\n\t<meta property=\"og:image:width\" content=\"1080\" \/>\n\t<meta property=\"og:image:height\" content=\"1080\" \/>\n\t<meta property=\"og:image:type\" content=\"image\/png\" \/>\n<meta name=\"twitter:card\" content=\"summary_large_image\" \/>\n<meta name=\"twitter:label1\" content=\"Est. reading time\" \/>\n\t<meta name=\"twitter:data1\" content=\"1 minute\" \/>\n<script type=\"application\/ld+json\" class=\"yoast-schema-graph\">{\"@context\":\"https:\\\/\\\/schema.org\",\"@graph\":[{\"@type\":\"WebPage\",\"@id\":\"https:\\\/\\\/www.sopro.pt\\\/en\\\/produto\\\/contouring-machine-gtx\\\/\",\"url\":\"https:\\\/\\\/www.sopro.pt\\\/en\\\/produto\\\/contouring-machine-gtx\\\/\",\"name\":\"CONTOURING MACHINE GTX - Sopro - Equipamentos el\u00e9tricos para cabeleireiro\",\"isPartOf\":{\"@id\":\"https:\\\/\\\/www.sopro.pt\\\/en\\\/#website\"},\"primaryImageOfPage\":{\"@id\":\"https:\\\/\\\/www.sopro.pt\\\/en\\\/produto\\\/contouring-machine-gtx\\\/#primaryimage\"},\"image\":{\"@id\":\"https:\\\/\\\/www.sopro.pt\\\/en\\\/produto\\\/contouring-machine-gtx\\\/#primaryimage\"},\"thumbnailUrl\":\"https:\\\/\\\/www.sopro.pt\\\/wp-content\\\/uploads\\\/2021\\\/07\\\/SOPRO-Maquina-de-Contornos-GTX.png\",\"datePublished\":\"2021-07-12T15:58:40+00:00\",\"dateModified\":\"2024-05-09T13:53:01+00:00\",\"description\":\"Professional - Equipamentos el\u00e9tricos para cabeleireiro. A Sopro \u00e9 uma marca Portuguesa de equipamentos el\u00e9tricos do setor profissional de cabeleireiro.\",\"breadcrumb\":{\"@id\":\"https:\\\/\\\/www.sopro.pt\\\/en\\\/produto\\\/contouring-machine-gtx\\\/#breadcrumb\"},\"inLanguage\":\"en-US\",\"potentialAction\":[{\"@type\":\"ReadAction\",\"target\":[\"https:\\\/\\\/www.sopro.pt\\\/en\\\/produto\\\/contouring-machine-gtx\\\/\"]}]},{\"@type\":\"ImageObject\",\"inLanguage\":\"en-US\",\"@id\":\"https:\\\/\\\/www.sopro.pt\\\/en\\\/produto\\\/contouring-machine-gtx\\\/#primaryimage\",\"url\":\"https:\\\/\\\/www.sopro.pt\\\/wp-content\\\/uploads\\\/2021\\\/07\\\/SOPRO-Maquina-de-Contornos-GTX.png\",\"contentUrl\":\"https:\\\/\\\/www.sopro.pt\\\/wp-content\\\/uploads\\\/2021\\\/07\\\/SOPRO-Maquina-de-Contornos-GTX.png\",\"width\":1080,\"height\":1080,\"caption\":\"M\u00e1quina de Contornos - barbeiro - Sopro Professionals\"},{\"@type\":\"BreadcrumbList\",\"@id\":\"https:\\\/\\\/www.sopro.pt\\\/en\\\/produto\\\/contouring-machine-gtx\\\/#breadcrumb\",\"itemListElement\":[{\"@type\":\"ListItem\",\"position\":1,\"name\":\"In\u00edcio\",\"item\":\"https:\\\/\\\/www.sopro.pt\\\/en\\\/home-2\\\/\"},{\"@type\":\"ListItem\",\"position\":2,\"name\":\"Products\",\"item\":\"https:\\\/\\\/www.sopro.pt\\\/en\\\/shop\\\/\"},{\"@type\":\"ListItem\",\"position\":3,\"name\":\"CONTOURING MACHINE GTX\"}]},{\"@type\":\"WebSite\",\"@id\":\"https:\\\/\\\/www.sopro.pt\\\/en\\\/#website\",\"url\":\"https:\\\/\\\/www.sopro.pt\\\/en\\\/\",\"name\":\"Sopro Professionals\",\"description\":\"Professional - Equipamentos el\u00e9tricos para cabeleireiro. A Sopro \u00e9 uma marca Portuguesa de equipamentos el\u00e9tricos do setor profissional de cabeleireiro.\",\"publisher\":{\"@id\":\"https:\\\/\\\/www.sopro.pt\\\/en\\\/#organization\"},\"alternateName\":\"Sopro\",\"potentialAction\":[{\"@type\":\"SearchAction\",\"target\":{\"@type\":\"EntryPoint\",\"urlTemplate\":\"https:\\\/\\\/www.sopro.pt\\\/en\\\/?s={search_term_string}\"},\"query-input\":{\"@type\":\"PropertyValueSpecification\",\"valueRequired\":true,\"valueName\":\"search_term_string\"}}],\"inLanguage\":\"en-US\"},{\"@type\":\"Organization\",\"@id\":\"https:\\\/\\\/www.sopro.pt\\\/en\\\/#organization\",\"name\":\"Sopro Professionals\",\"url\":\"https:\\\/\\\/www.sopro.pt\\\/en\\\/\",\"logo\":{\"@type\":\"ImageObject\",\"inLanguage\":\"en-US\",\"@id\":\"https:\\\/\\\/www.sopro.pt\\\/en\\\/#\\\/schema\\\/logo\\\/image\\\/\",\"url\":\"https:\\\/\\\/www.sopro.pt\\\/wp-content\\\/uploads\\\/2024\\\/01\\\/SOPRO-PROFESSIONALS-FAVICON-web.svg\",\"contentUrl\":\"https:\\\/\\\/www.sopro.pt\\\/wp-content\\\/uploads\\\/2024\\\/01\\\/SOPRO-PROFESSIONALS-FAVICON-web.svg\",\"width\":512,\"height\":512,\"caption\":\"Sopro Professionals\"},\"image\":{\"@id\":\"https:\\\/\\\/www.sopro.pt\\\/en\\\/#\\\/schema\\\/logo\\\/image\\\/\"},\"sameAs\":[\"https:\\\/\\\/www.facebook.com\\\/soproprofessionals\\\/\",\"https:\\\/\\\/www.instagram.com\\\/sopro_professionals\\\/\"]}]}<\/script>\n<!-- \/ Yoast SEO plugin. -->","yoast_head_json":{"title":"CONTOURING MACHINE GTX - Sopro - Equipamentos el\u00e9tricos para cabeleireiro","description":"Professional - Equipamentos el\u00e9tricos para cabeleireiro. A Sopro \u00e9 uma marca Portuguesa de equipamentos el\u00e9tricos do setor profissional de cabeleireiro.","robots":{"index":"index","follow":"follow","max-snippet":"max-snippet:-1","max-image-preview":"max-image-preview:large","max-video-preview":"max-video-preview:-1"},"canonical":"https:\/\/www.sopro.pt\/en\/produto\/contouring-machine-gtx\/","og_locale":"en_US","og_type":"article","og_title":"CONTOURING MACHINE GTX - Sopro - Equipamentos el\u00e9tricos para cabeleireiro","og_description":"Professional - Equipamentos el\u00e9tricos para cabeleireiro. A Sopro \u00e9 uma marca Portuguesa de equipamentos el\u00e9tricos do setor profissional de cabeleireiro.","og_url":"https:\/\/www.sopro.pt\/en\/produto\/contouring-machine-gtx\/","og_site_name":"Sopro - Equipamentos el\u00e9tricos para cabeleireiro","article_publisher":"https:\/\/www.facebook.com\/soproprofessionals\/","article_modified_time":"2024-05-09T13:53:01+00:00","og_image":[{"width":1080,"height":1080,"url":"https:\/\/www.sopro.pt\/wp-content\/uploads\/2021\/07\/SOPRO-Maquina-de-Contornos-GTX.png","type":"image\/png"}],"twitter_card":"summary_large_image","twitter_misc":{"Est. reading time":"1 minute"},"schema":{"@context":"https:\/\/schema.org","@graph":[{"@type":"WebPage","@id":"https:\/\/www.sopro.pt\/en\/produto\/contouring-machine-gtx\/","url":"https:\/\/www.sopro.pt\/en\/produto\/contouring-machine-gtx\/","name":"CONTOURING MACHINE GTX - Sopro - Equipamentos el\u00e9tricos para cabeleireiro","isPartOf":{"@id":"https:\/\/www.sopro.pt\/en\/#website"},"primaryImageOfPage":{"@id":"https:\/\/www.sopro.pt\/en\/produto\/contouring-machine-gtx\/#primaryimage"},"image":{"@id":"https:\/\/www.sopro.pt\/en\/produto\/contouring-machine-gtx\/#primaryimage"},"thumbnailUrl":"https:\/\/www.sopro.pt\/wp-content\/uploads\/2021\/07\/SOPRO-Maquina-de-Contornos-GTX.png","datePublished":"2021-07-12T15:58:40+00:00","dateModified":"2024-05-09T13:53:01+00:00","description":"Professional - Equipamentos el\u00e9tricos para cabeleireiro. A Sopro \u00e9 uma marca Portuguesa de equipamentos el\u00e9tricos do setor profissional de cabeleireiro.","breadcrumb":{"@id":"https:\/\/www.sopro.pt\/en\/produto\/contouring-machine-gtx\/#breadcrumb"},"inLanguage":"en-US","potentialAction":[{"@type":"ReadAction","target":["https:\/\/www.sopro.pt\/en\/produto\/contouring-machine-gtx\/"]}]},{"@type":"ImageObject","inLanguage":"en-US","@id":"https:\/\/www.sopro.pt\/en\/produto\/contouring-machine-gtx\/#primaryimage","url":"https:\/\/www.sopro.pt\/wp-content\/uploads\/2021\/07\/SOPRO-Maquina-de-Contornos-GTX.png","contentUrl":"https:\/\/www.sopro.pt\/wp-content\/uploads\/2021\/07\/SOPRO-Maquina-de-Contornos-GTX.png","width":1080,"height":1080,"caption":"M\u00e1quina de Contornos - barbeiro - Sopro Professionals"},{"@type":"BreadcrumbList","@id":"https:\/\/www.sopro.pt\/en\/produto\/contouring-machine-gtx\/#breadcrumb","itemListElement":[{"@type":"ListItem","position":1,"name":"In\u00edcio","item":"https:\/\/www.sopro.pt\/en\/home-2\/"},{"@type":"ListItem","position":2,"name":"Products","item":"https:\/\/www.sopro.pt\/en\/shop\/"},{"@type":"ListItem","position":3,"name":"CONTOURING MACHINE GTX"}]},{"@type":"WebSite","@id":"https:\/\/www.sopro.pt\/en\/#website","url":"https:\/\/www.sopro.pt\/en\/","name":"Sopro Professionals","description":"Professional - Equipamentos el\u00e9tricos para cabeleireiro. A Sopro \u00e9 uma marca Portuguesa de equipamentos el\u00e9tricos do setor profissional de cabeleireiro.","publisher":{"@id":"https:\/\/www.sopro.pt\/en\/#organization"},"alternateName":"Sopro","potentialAction":[{"@type":"SearchAction","target":{"@type":"EntryPoint","urlTemplate":"https:\/\/www.sopro.pt\/en\/?s={search_term_string}"},"query-input":{"@type":"PropertyValueSpecification","valueRequired":true,"valueName":"search_term_string"}}],"inLanguage":"en-US"},{"@type":"Organization","@id":"https:\/\/www.sopro.pt\/en\/#organization","name":"Sopro Professionals","url":"https:\/\/www.sopro.pt\/en\/","logo":{"@type":"ImageObject","inLanguage":"en-US","@id":"https:\/\/www.sopro.pt\/en\/#\/schema\/logo\/image\/","url":"https:\/\/www.sopro.pt\/wp-content\/uploads\/2024\/01\/SOPRO-PROFESSIONALS-FAVICON-web.svg","contentUrl":"https:\/\/www.sopro.pt\/wp-content\/uploads\/2024\/01\/SOPRO-PROFESSIONALS-FAVICON-web.svg","width":512,"height":512,"caption":"Sopro Professionals"},"image":{"@id":"https:\/\/www.sopro.pt\/en\/#\/schema\/logo\/image\/"},"sameAs":["https:\/\/www.facebook.com\/soproprofessionals\/","https:\/\/www.instagram.com\/sopro_professionals\/"]}]}},"_links":{"self":[{"href":"https:\/\/www.sopro.pt\/en\/wp-json\/wp\/v2\/product\/10979","targetHints":{"allow":["GET"]}}],"collection":[{"href":"https:\/\/www.sopro.pt\/en\/wp-json\/wp\/v2\/product"}],"about":[{"href":"https:\/\/www.sopro.pt\/en\/wp-json\/wp\/v2\/types\/product"}],"version-history":[{"count":1,"href":"https:\/\/www.sopro.pt\/en\/wp-json\/wp\/v2\/product\/10979\/revisions"}],"predecessor-version":[{"id":10982,"href":"https:\/\/www.sopro.pt\/en\/wp-json\/wp\/v2\/product\/10979\/revisions\/10982"}],"wp:featuredmedia":[{"embeddable":true,"href":"https:\/\/www.sopro.pt\/en\/wp-json\/wp\/v2\/media\/10171"}],"wp:attachment":[{"href":"https:\/\/www.sopro.pt\/en\/wp-json\/wp\/v2\/media?parent=10979"}],"wp:term":[{"taxonomy":"product_brand","embeddable":true,"href":"https:\/\/www.sopro.pt\/en\/wp-json\/wp\/v2\/product_brand?post=10979"},{"taxonomy":"product_cat","embeddable":true,"href":"https:\/\/www.sopro.pt\/en\/wp-json\/wp\/v2\/product_cat?post=10979"},{"taxonomy":"product_tag","embeddable":true,"href":"https:\/\/www.sopro.pt\/en\/wp-json\/wp\/v2\/product_tag?post=10979"}],"curies":[{"name":"wp","href":"https:\/\/api.w.org\/{rel}","templated":true}]}}