{"id":10958,"date":"2021-09-16T10:29:21","date_gmt":"2021-09-16T10:29:21","guid":{"rendered":"https:\/\/www.sopro.pt\/produto\/black-professional-cutting-machine-pb8000\/"},"modified":"2024-05-09T12:24:44","modified_gmt":"2024-05-09T12:24:44","slug":"black-professional-cutting-machine-pb8000","status":"publish","type":"product","link":"https:\/\/www.sopro.pt\/en\/produto\/black-professional-cutting-machine-pb8000\/","title":{"rendered":"BLACK PROFESSIONAL CUTTING MACHINE PB8000"},"content":{"rendered":"<p><strong>RECHARGEABLE PROFESSIONAL CUTTING MACHINE<\/strong><\/p>\n<p>&#8211; Ceramic blade<br \/>\n&#8211; Low noise technology<br \/>\n&#8211; DC Motor<br \/>\n&#8211; 2000 mAh high-performance battery<br \/>\n&#8211; Charging time: approximately 3 hours<br \/>\n&#8211; Working time with full charge: approximately 4 hours<br \/>\n&#8211; Weight: 200g<br \/>\n&#8211; Rotations: 6500 RPM \/MIN<br \/>\n&#8211; LED display with battery level indicator and revolutions per minute<br \/>\n&#8211; Comfortable and light<br \/>\n&#8211; Supplied with 4 cutting guides: 3mm | 6mm | 9mm | 12mm<br \/>\n&#8211; Includes lubricating oil, cleaning brush and charging base<\/p>\n","protected":false},"excerpt":{"rendered":"<p>RECHARGEABLE PROFESSIONAL CUTTING MACHINE &#8211; Ceramic blade &#8211; Low noise technology &#8211; DC Motor &#8211; 2000 mAh high-performance battery &#8211; Charging time: approximately 3 hours &#8211; Working time with full charge: approximately 4 hours &#8211; Weight: 200g &#8211; Rotations: 6500 RPM \/MIN &#8211; LED display with battery level indicator and revolutions per minute &#8211; Comfortable [&hellip;]<\/p>\n","protected":false},"featured_media":10151,"template":"","meta":[],"product_brand":[],"product_cat":[157,201,202],"product_tag":[],"class_list":{"0":"post-10958","1":"product","2":"type-product","3":"status-publish","4":"has-post-thumbnail","6":"product_cat-all-categories","7":"product_cat-cutting-and-contour-machines","8":"product_cat-cutting-and-contour-machines-en","10":"first","11":"instock","12":"shipping-taxable","13":"purchasable","14":"product-type-simple"},"yoast_head":"<!-- This site is optimized with the Yoast SEO plugin v27.3 - https:\/\/yoast.com\/product\/yoast-seo-wordpress\/ -->\n<title>BLACK PROFESSIONAL CUTTING MACHINE PB8000 - Sopro - Equipamentos el\u00e9tricos para cabeleireiro<\/title>\n<meta name=\"description\" content=\"- Ceramic blade - Low noise technology - DC motor - 2000 mAh high performance battery - Charging time: about 3 hours - Working time with full charge: about 4 hours - Weight: 200 g - Rotations: 6500 RPM \/MIN- LED display with battery level indicator and revolutions per minute- Comfortable and light- Supplied with 4 cutting guides: 3mm | 6mm | 9mm | 12mm- Includes lubricating oil, cleaning brush and charging base\" \/>\n<meta name=\"robots\" content=\"index, follow, max-snippet:-1, max-image-preview:large, max-video-preview:-1\" \/>\n<link rel=\"canonical\" href=\"https:\/\/www.sopro.pt\/en\/produto\/black-professional-cutting-machine-pb8000\/\" \/>\n<meta property=\"og:locale\" content=\"en_US\" \/>\n<meta property=\"og:type\" content=\"article\" \/>\n<meta property=\"og:title\" content=\"BLACK PROFESSIONAL CUTTING MACHINE PB8000 - Sopro - Equipamentos el\u00e9tricos para cabeleireiro\" \/>\n<meta property=\"og:description\" content=\"- Ceramic blade - Low noise technology - DC motor - 2000 mAh high performance battery - Charging time: about 3 hours - Working time with full charge: about 4 hours - Weight: 200 g - Rotations: 6500 RPM \/MIN- LED display with battery level indicator and revolutions per minute- Comfortable and light- Supplied with 4 cutting guides: 3mm | 6mm | 9mm | 12mm- Includes lubricating oil, cleaning brush and charging base\" \/>\n<meta property=\"og:url\" content=\"https:\/\/www.sopro.pt\/en\/produto\/black-professional-cutting-machine-pb8000\/\" \/>\n<meta property=\"og:site_name\" content=\"Sopro - Equipamentos el\u00e9tricos para cabeleireiro\" \/>\n<meta property=\"article:publisher\" content=\"https:\/\/www.facebook.com\/soproprofessionals\/\" \/>\n<meta property=\"article:modified_time\" content=\"2024-05-09T12:24:44+00:00\" \/>\n<meta property=\"og:image\" content=\"https:\/\/www.sopro.pt\/wp-content\/uploads\/2021\/09\/SOPRO-MAQUINA-DE-CORTE-PROFISSIONAL-PRETA-PB8000.png\" \/>\n\t<meta property=\"og:image:width\" content=\"1080\" \/>\n\t<meta property=\"og:image:height\" content=\"1080\" \/>\n\t<meta property=\"og:image:type\" content=\"image\/png\" \/>\n<meta name=\"twitter:card\" content=\"summary_large_image\" \/>\n<script type=\"application\/ld+json\" class=\"yoast-schema-graph\">{\"@context\":\"https:\\\/\\\/schema.org\",\"@graph\":[{\"@type\":\"WebPage\",\"@id\":\"https:\\\/\\\/www.sopro.pt\\\/en\\\/produto\\\/black-professional-cutting-machine-pb8000\\\/\",\"url\":\"https:\\\/\\\/www.sopro.pt\\\/en\\\/produto\\\/black-professional-cutting-machine-pb8000\\\/\",\"name\":\"BLACK PROFESSIONAL CUTTING MACHINE PB8000 - Sopro - Equipamentos el\u00e9tricos para cabeleireiro\",\"isPartOf\":{\"@id\":\"https:\\\/\\\/www.sopro.pt\\\/en\\\/#website\"},\"primaryImageOfPage\":{\"@id\":\"https:\\\/\\\/www.sopro.pt\\\/en\\\/produto\\\/black-professional-cutting-machine-pb8000\\\/#primaryimage\"},\"image\":{\"@id\":\"https:\\\/\\\/www.sopro.pt\\\/en\\\/produto\\\/black-professional-cutting-machine-pb8000\\\/#primaryimage\"},\"thumbnailUrl\":\"https:\\\/\\\/www.sopro.pt\\\/wp-content\\\/uploads\\\/2021\\\/09\\\/SOPRO-MAQUINA-DE-CORTE-PROFISSIONAL-PRETA-PB8000.png\",\"datePublished\":\"2021-09-16T10:29:21+00:00\",\"dateModified\":\"2024-05-09T12:24:44+00:00\",\"description\":\"- Ceramic blade - Low noise technology - DC motor - 2000 mAh high performance battery - Charging time: about 3 hours - Working time with full charge: about 4 hours - Weight: 200 g - Rotations: 6500 RPM \\\/MIN- LED display with battery level indicator and revolutions per minute- Comfortable and light- Supplied with 4 cutting guides: 3mm | 6mm | 9mm | 12mm- Includes lubricating oil, cleaning brush and charging base\",\"breadcrumb\":{\"@id\":\"https:\\\/\\\/www.sopro.pt\\\/en\\\/produto\\\/black-professional-cutting-machine-pb8000\\\/#breadcrumb\"},\"inLanguage\":\"en-US\",\"potentialAction\":[{\"@type\":\"ReadAction\",\"target\":[\"https:\\\/\\\/www.sopro.pt\\\/en\\\/produto\\\/black-professional-cutting-machine-pb8000\\\/\"]}]},{\"@type\":\"ImageObject\",\"inLanguage\":\"en-US\",\"@id\":\"https:\\\/\\\/www.sopro.pt\\\/en\\\/produto\\\/black-professional-cutting-machine-pb8000\\\/#primaryimage\",\"url\":\"https:\\\/\\\/www.sopro.pt\\\/wp-content\\\/uploads\\\/2021\\\/09\\\/SOPRO-MAQUINA-DE-CORTE-PROFISSIONAL-PRETA-PB8000.png\",\"contentUrl\":\"https:\\\/\\\/www.sopro.pt\\\/wp-content\\\/uploads\\\/2021\\\/09\\\/SOPRO-MAQUINA-DE-CORTE-PROFISSIONAL-PRETA-PB8000.png\",\"width\":1080,\"height\":1080,\"caption\":\"MAQUINA DE CORTE PROFISSIONAL PRETA\"},{\"@type\":\"BreadcrumbList\",\"@id\":\"https:\\\/\\\/www.sopro.pt\\\/en\\\/produto\\\/black-professional-cutting-machine-pb8000\\\/#breadcrumb\",\"itemListElement\":[{\"@type\":\"ListItem\",\"position\":1,\"name\":\"In\u00edcio\",\"item\":\"https:\\\/\\\/www.sopro.pt\\\/en\\\/home-2\\\/\"},{\"@type\":\"ListItem\",\"position\":2,\"name\":\"Products\",\"item\":\"https:\\\/\\\/www.sopro.pt\\\/en\\\/shop\\\/\"},{\"@type\":\"ListItem\",\"position\":3,\"name\":\"BLACK PROFESSIONAL CUTTING MACHINE PB8000\"}]},{\"@type\":\"WebSite\",\"@id\":\"https:\\\/\\\/www.sopro.pt\\\/en\\\/#website\",\"url\":\"https:\\\/\\\/www.sopro.pt\\\/en\\\/\",\"name\":\"Sopro Professionals\",\"description\":\"Professional - Equipamentos el\u00e9tricos para cabeleireiro. A Sopro \u00e9 uma marca Portuguesa de equipamentos el\u00e9tricos do setor profissional de cabeleireiro.\",\"publisher\":{\"@id\":\"https:\\\/\\\/www.sopro.pt\\\/en\\\/#organization\"},\"alternateName\":\"Sopro\",\"potentialAction\":[{\"@type\":\"SearchAction\",\"target\":{\"@type\":\"EntryPoint\",\"urlTemplate\":\"https:\\\/\\\/www.sopro.pt\\\/en\\\/?s={search_term_string}\"},\"query-input\":{\"@type\":\"PropertyValueSpecification\",\"valueRequired\":true,\"valueName\":\"search_term_string\"}}],\"inLanguage\":\"en-US\"},{\"@type\":\"Organization\",\"@id\":\"https:\\\/\\\/www.sopro.pt\\\/en\\\/#organization\",\"name\":\"Sopro Professionals\",\"url\":\"https:\\\/\\\/www.sopro.pt\\\/en\\\/\",\"logo\":{\"@type\":\"ImageObject\",\"inLanguage\":\"en-US\",\"@id\":\"https:\\\/\\\/www.sopro.pt\\\/en\\\/#\\\/schema\\\/logo\\\/image\\\/\",\"url\":\"https:\\\/\\\/www.sopro.pt\\\/wp-content\\\/uploads\\\/2024\\\/01\\\/SOPRO-PROFESSIONALS-FAVICON-web.svg\",\"contentUrl\":\"https:\\\/\\\/www.sopro.pt\\\/wp-content\\\/uploads\\\/2024\\\/01\\\/SOPRO-PROFESSIONALS-FAVICON-web.svg\",\"width\":512,\"height\":512,\"caption\":\"Sopro Professionals\"},\"image\":{\"@id\":\"https:\\\/\\\/www.sopro.pt\\\/en\\\/#\\\/schema\\\/logo\\\/image\\\/\"},\"sameAs\":[\"https:\\\/\\\/www.facebook.com\\\/soproprofessionals\\\/\",\"https:\\\/\\\/www.instagram.com\\\/sopro_professionals\\\/\"]}]}<\/script>\n<!-- \/ Yoast SEO plugin. -->","yoast_head_json":{"title":"BLACK PROFESSIONAL CUTTING MACHINE PB8000 - Sopro - Equipamentos el\u00e9tricos para cabeleireiro","description":"- Ceramic blade - Low noise technology - DC motor - 2000 mAh high performance battery - Charging time: about 3 hours - Working time with full charge: about 4 hours - Weight: 200 g - Rotations: 6500 RPM \/MIN- LED display with battery level indicator and revolutions per minute- Comfortable and light- Supplied with 4 cutting guides: 3mm | 6mm | 9mm | 12mm- Includes lubricating oil, cleaning brush and charging base","robots":{"index":"index","follow":"follow","max-snippet":"max-snippet:-1","max-image-preview":"max-image-preview:large","max-video-preview":"max-video-preview:-1"},"canonical":"https:\/\/www.sopro.pt\/en\/produto\/black-professional-cutting-machine-pb8000\/","og_locale":"en_US","og_type":"article","og_title":"BLACK PROFESSIONAL CUTTING MACHINE PB8000 - Sopro - Equipamentos el\u00e9tricos para cabeleireiro","og_description":"- Ceramic blade - Low noise technology - DC motor - 2000 mAh high performance battery - Charging time: about 3 hours - Working time with full charge: about 4 hours - Weight: 200 g - Rotations: 6500 RPM \/MIN- LED display with battery level indicator and revolutions per minute- Comfortable and light- Supplied with 4 cutting guides: 3mm | 6mm | 9mm | 12mm- Includes lubricating oil, cleaning brush and charging base","og_url":"https:\/\/www.sopro.pt\/en\/produto\/black-professional-cutting-machine-pb8000\/","og_site_name":"Sopro - Equipamentos el\u00e9tricos para cabeleireiro","article_publisher":"https:\/\/www.facebook.com\/soproprofessionals\/","article_modified_time":"2024-05-09T12:24:44+00:00","og_image":[{"width":1080,"height":1080,"url":"https:\/\/www.sopro.pt\/wp-content\/uploads\/2021\/09\/SOPRO-MAQUINA-DE-CORTE-PROFISSIONAL-PRETA-PB8000.png","type":"image\/png"}],"twitter_card":"summary_large_image","schema":{"@context":"https:\/\/schema.org","@graph":[{"@type":"WebPage","@id":"https:\/\/www.sopro.pt\/en\/produto\/black-professional-cutting-machine-pb8000\/","url":"https:\/\/www.sopro.pt\/en\/produto\/black-professional-cutting-machine-pb8000\/","name":"BLACK PROFESSIONAL CUTTING MACHINE PB8000 - Sopro - Equipamentos el\u00e9tricos para cabeleireiro","isPartOf":{"@id":"https:\/\/www.sopro.pt\/en\/#website"},"primaryImageOfPage":{"@id":"https:\/\/www.sopro.pt\/en\/produto\/black-professional-cutting-machine-pb8000\/#primaryimage"},"image":{"@id":"https:\/\/www.sopro.pt\/en\/produto\/black-professional-cutting-machine-pb8000\/#primaryimage"},"thumbnailUrl":"https:\/\/www.sopro.pt\/wp-content\/uploads\/2021\/09\/SOPRO-MAQUINA-DE-CORTE-PROFISSIONAL-PRETA-PB8000.png","datePublished":"2021-09-16T10:29:21+00:00","dateModified":"2024-05-09T12:24:44+00:00","description":"- Ceramic blade - Low noise technology - DC motor - 2000 mAh high performance battery - Charging time: about 3 hours - Working time with full charge: about 4 hours - Weight: 200 g - Rotations: 6500 RPM \/MIN- LED display with battery level indicator and revolutions per minute- Comfortable and light- Supplied with 4 cutting guides: 3mm | 6mm | 9mm | 12mm- Includes lubricating oil, cleaning brush and charging base","breadcrumb":{"@id":"https:\/\/www.sopro.pt\/en\/produto\/black-professional-cutting-machine-pb8000\/#breadcrumb"},"inLanguage":"en-US","potentialAction":[{"@type":"ReadAction","target":["https:\/\/www.sopro.pt\/en\/produto\/black-professional-cutting-machine-pb8000\/"]}]},{"@type":"ImageObject","inLanguage":"en-US","@id":"https:\/\/www.sopro.pt\/en\/produto\/black-professional-cutting-machine-pb8000\/#primaryimage","url":"https:\/\/www.sopro.pt\/wp-content\/uploads\/2021\/09\/SOPRO-MAQUINA-DE-CORTE-PROFISSIONAL-PRETA-PB8000.png","contentUrl":"https:\/\/www.sopro.pt\/wp-content\/uploads\/2021\/09\/SOPRO-MAQUINA-DE-CORTE-PROFISSIONAL-PRETA-PB8000.png","width":1080,"height":1080,"caption":"MAQUINA DE CORTE PROFISSIONAL PRETA"},{"@type":"BreadcrumbList","@id":"https:\/\/www.sopro.pt\/en\/produto\/black-professional-cutting-machine-pb8000\/#breadcrumb","itemListElement":[{"@type":"ListItem","position":1,"name":"In\u00edcio","item":"https:\/\/www.sopro.pt\/en\/home-2\/"},{"@type":"ListItem","position":2,"name":"Products","item":"https:\/\/www.sopro.pt\/en\/shop\/"},{"@type":"ListItem","position":3,"name":"BLACK PROFESSIONAL CUTTING MACHINE PB8000"}]},{"@type":"WebSite","@id":"https:\/\/www.sopro.pt\/en\/#website","url":"https:\/\/www.sopro.pt\/en\/","name":"Sopro Professionals","description":"Professional - Equipamentos el\u00e9tricos para cabeleireiro. A Sopro \u00e9 uma marca Portuguesa de equipamentos el\u00e9tricos do setor profissional de cabeleireiro.","publisher":{"@id":"https:\/\/www.sopro.pt\/en\/#organization"},"alternateName":"Sopro","potentialAction":[{"@type":"SearchAction","target":{"@type":"EntryPoint","urlTemplate":"https:\/\/www.sopro.pt\/en\/?s={search_term_string}"},"query-input":{"@type":"PropertyValueSpecification","valueRequired":true,"valueName":"search_term_string"}}],"inLanguage":"en-US"},{"@type":"Organization","@id":"https:\/\/www.sopro.pt\/en\/#organization","name":"Sopro Professionals","url":"https:\/\/www.sopro.pt\/en\/","logo":{"@type":"ImageObject","inLanguage":"en-US","@id":"https:\/\/www.sopro.pt\/en\/#\/schema\/logo\/image\/","url":"https:\/\/www.sopro.pt\/wp-content\/uploads\/2024\/01\/SOPRO-PROFESSIONALS-FAVICON-web.svg","contentUrl":"https:\/\/www.sopro.pt\/wp-content\/uploads\/2024\/01\/SOPRO-PROFESSIONALS-FAVICON-web.svg","width":512,"height":512,"caption":"Sopro Professionals"},"image":{"@id":"https:\/\/www.sopro.pt\/en\/#\/schema\/logo\/image\/"},"sameAs":["https:\/\/www.facebook.com\/soproprofessionals\/","https:\/\/www.instagram.com\/sopro_professionals\/"]}]}},"_links":{"self":[{"href":"https:\/\/www.sopro.pt\/en\/wp-json\/wp\/v2\/product\/10958","targetHints":{"allow":["GET"]}}],"collection":[{"href":"https:\/\/www.sopro.pt\/en\/wp-json\/wp\/v2\/product"}],"about":[{"href":"https:\/\/www.sopro.pt\/en\/wp-json\/wp\/v2\/types\/product"}],"version-history":[{"count":1,"href":"https:\/\/www.sopro.pt\/en\/wp-json\/wp\/v2\/product\/10958\/revisions"}],"predecessor-version":[{"id":10961,"href":"https:\/\/www.sopro.pt\/en\/wp-json\/wp\/v2\/product\/10958\/revisions\/10961"}],"wp:featuredmedia":[{"embeddable":true,"href":"https:\/\/www.sopro.pt\/en\/wp-json\/wp\/v2\/media\/10151"}],"wp:attachment":[{"href":"https:\/\/www.sopro.pt\/en\/wp-json\/wp\/v2\/media?parent=10958"}],"wp:term":[{"taxonomy":"product_brand","embeddable":true,"href":"https:\/\/www.sopro.pt\/en\/wp-json\/wp\/v2\/product_brand?post=10958"},{"taxonomy":"product_cat","embeddable":true,"href":"https:\/\/www.sopro.pt\/en\/wp-json\/wp\/v2\/product_cat?post=10958"},{"taxonomy":"product_tag","embeddable":true,"href":"https:\/\/www.sopro.pt\/en\/wp-json\/wp\/v2\/product_tag?post=10958"}],"curies":[{"name":"wp","href":"https:\/\/api.w.org\/{rel}","templated":true}]}}