{"id":10944,"date":"2022-04-19T07:36:08","date_gmt":"2022-04-19T07:36:08","guid":{"rendered":"https:\/\/www.sopro.pt\/produto\/hair-spa-kit-for-nano-mist\/"},"modified":"2024-05-09T11:42:41","modified_gmt":"2024-05-09T11:42:41","slug":"hair-spa-kit-for-nano-mist","status":"publish","type":"product","link":"https:\/\/www.sopro.pt\/en\/produto\/hair-spa-kit-for-nano-mist\/","title":{"rendered":"HAIR SPA KIT FOR NANO MIST\u00ae"},"content":{"rendered":"<p><strong><span class=\"notion-enable-hover\" data-token-index=\"0\">Kit Contents:<\/span><\/strong><\/p>\n<p><strong><span class=\"notion-enable-hover\" data-token-index=\"2\">Tube and Connection Accessories to the Nano Mist<\/span><span role=\"img\" aria-label=\"\u00ae\">\u00ae<\/span> <span class=\"notion-enable-hover\" data-token-index=\"4\">:<\/span><\/strong> The tube and accessories allow for an easy and safe connection with the Nano Mist<span role=\"img\" aria-label=\"\u00ae\">\u00ae<\/span> , ensuring uniform dispersion of the mist.<\/p>\n<p><strong><span class=\"notion-enable-hover\" data-token-index=\"6\">1 Special Cap:<\/span><\/strong> Made from high-quality materials, our cap is created to retain heat and moisture, maximizing the effectiveness of hair spa treatments and providing a relaxing experience for clients. The cap features a closure that maximizes comfort when applying treatments.<\/p>\n<p><strong><span class=\"notion-enable-hover\" data-token-index=\"8\"><span role=\"img\" aria-label=\"\u00ae\">1 Extra Regular Cap for Nano Mist\u00ae <\/span><\/span><\/strong><\/p>\n<p><strong><span class=\"notion-enable-hover\" data-token-index=\"10\">Hair Band:<\/span><\/strong> Keep your clients&#8217; hair out of their face during treatments with our comfortable, adjustable hair band, ensuring precise product application.<\/p>\n<p><strong><span class=\"notion-enable-hover\" data-token-index=\"12\">Massaging Comb with Product Applicator:<\/span><\/strong> Our massaging comb is designed to gently detangle hair while evenly distributing hair spa product, stimulating the scalp and providing an invigorating experience for clients.<\/p>\n<p>Elevate your clients&#8217; experience and differentiate your salon with the Nano Mist<span role=\"img\" aria-label=\"\u00ae\">\u00ae<\/span> Hair Spa Kit.<br \/>\nTransform hair treatments into moments of luxury and well-being, providing exceptional results with each visit.<\/p>\n","protected":false},"excerpt":{"rendered":"<p>Surprise your clients with a Hair Spa!<\/p>\n<p>Customers appreciate luxury services that provide relaxation. With this innovative kit, beauty professionals have a powerful tool at their disposal to offer high-quality hair spa treatments to their clients. The included tube allows you to create a relaxing spa environment, while the cap increases the effectiveness of the treatment, ensuring impressive results.<\/p>\n<p>Elevate your customers&#8217; experience and stand out in the market with the Nano Mist<span role=\"img\" aria-label=\"\u00ae\">\u00ae<\/span> Accessory Kit. Take advantage of this opportunity to offer exclusive and differentiated services, which will impress and build loyalty with your customers!<\/p>\n","protected":false},"featured_media":10475,"template":"","meta":[],"product_brand":[],"product_cat":[181],"product_tag":[],"class_list":{"0":"post-10944","1":"product","2":"type-product","3":"status-publish","4":"has-post-thumbnail","6":"product_cat-thermoestimulators","8":"first","9":"instock","10":"shipping-taxable","11":"purchasable","12":"product-type-simple","13":"wpzoom-wc-spi-has-enabled"},"yoast_head":"<!-- This site is optimized with the Yoast SEO plugin v27.3 - https:\/\/yoast.com\/product\/yoast-seo-wordpress\/ -->\n<title>HAIR SPA KIT FOR NANO MIST\u00ae - Sopro - Equipamentos el\u00e9tricos para cabeleireiro<\/title>\n<meta name=\"description\" content=\"Professional - Equipamentos el\u00e9tricos para cabeleireiro. A Sopro \u00e9 uma marca Portuguesa de equipamentos el\u00e9tricos do setor profissional de cabeleireiro.\" \/>\n<meta name=\"robots\" content=\"index, follow, max-snippet:-1, max-image-preview:large, max-video-preview:-1\" \/>\n<link rel=\"canonical\" href=\"https:\/\/www.sopro.pt\/en\/produto\/hair-spa-kit-for-nano-mist\/\" \/>\n<meta property=\"og:locale\" content=\"en_US\" \/>\n<meta property=\"og:type\" content=\"article\" \/>\n<meta property=\"og:title\" content=\"HAIR SPA KIT FOR NANO MIST\u00ae - Sopro - Equipamentos el\u00e9tricos para cabeleireiro\" \/>\n<meta property=\"og:description\" content=\"Professional - Equipamentos el\u00e9tricos para cabeleireiro. A Sopro \u00e9 uma marca Portuguesa de equipamentos el\u00e9tricos do setor profissional de cabeleireiro.\" \/>\n<meta property=\"og:url\" content=\"https:\/\/www.sopro.pt\/en\/produto\/hair-spa-kit-for-nano-mist\/\" \/>\n<meta property=\"og:site_name\" content=\"Sopro - Equipamentos el\u00e9tricos para cabeleireiro\" \/>\n<meta property=\"article:publisher\" content=\"https:\/\/www.facebook.com\/soproprofessionals\/\" \/>\n<meta property=\"article:modified_time\" content=\"2024-05-09T11:42:41+00:00\" \/>\n<meta property=\"og:image\" content=\"https:\/\/www.sopro.pt\/wp-content\/uploads\/2022\/04\/183.jpg\" \/>\n\t<meta property=\"og:image:width\" content=\"1080\" \/>\n\t<meta property=\"og:image:height\" content=\"1080\" \/>\n\t<meta property=\"og:image:type\" content=\"image\/jpeg\" \/>\n<meta name=\"twitter:card\" content=\"summary_large_image\" \/>\n<meta name=\"twitter:label1\" content=\"Est. reading time\" \/>\n\t<meta name=\"twitter:data1\" content=\"1 minute\" \/>\n<script type=\"application\/ld+json\" class=\"yoast-schema-graph\">{\"@context\":\"https:\\\/\\\/schema.org\",\"@graph\":[{\"@type\":\"WebPage\",\"@id\":\"https:\\\/\\\/www.sopro.pt\\\/en\\\/produto\\\/hair-spa-kit-for-nano-mist\\\/\",\"url\":\"https:\\\/\\\/www.sopro.pt\\\/en\\\/produto\\\/hair-spa-kit-for-nano-mist\\\/\",\"name\":\"HAIR SPA KIT FOR NANO MIST\u00ae - Sopro - Equipamentos el\u00e9tricos para cabeleireiro\",\"isPartOf\":{\"@id\":\"https:\\\/\\\/www.sopro.pt\\\/en\\\/#website\"},\"primaryImageOfPage\":{\"@id\":\"https:\\\/\\\/www.sopro.pt\\\/en\\\/produto\\\/hair-spa-kit-for-nano-mist\\\/#primaryimage\"},\"image\":{\"@id\":\"https:\\\/\\\/www.sopro.pt\\\/en\\\/produto\\\/hair-spa-kit-for-nano-mist\\\/#primaryimage\"},\"thumbnailUrl\":\"https:\\\/\\\/www.sopro.pt\\\/wp-content\\\/uploads\\\/2022\\\/04\\\/183.jpg\",\"datePublished\":\"2022-04-19T07:36:08+00:00\",\"dateModified\":\"2024-05-09T11:42:41+00:00\",\"description\":\"Professional - Equipamentos el\u00e9tricos para cabeleireiro. A Sopro \u00e9 uma marca Portuguesa de equipamentos el\u00e9tricos do setor profissional de cabeleireiro.\",\"breadcrumb\":{\"@id\":\"https:\\\/\\\/www.sopro.pt\\\/en\\\/produto\\\/hair-spa-kit-for-nano-mist\\\/#breadcrumb\"},\"inLanguage\":\"en-US\",\"potentialAction\":[{\"@type\":\"ReadAction\",\"target\":[\"https:\\\/\\\/www.sopro.pt\\\/en\\\/produto\\\/hair-spa-kit-for-nano-mist\\\/\"]}]},{\"@type\":\"ImageObject\",\"inLanguage\":\"en-US\",\"@id\":\"https:\\\/\\\/www.sopro.pt\\\/en\\\/produto\\\/hair-spa-kit-for-nano-mist\\\/#primaryimage\",\"url\":\"https:\\\/\\\/www.sopro.pt\\\/wp-content\\\/uploads\\\/2022\\\/04\\\/183.jpg\",\"contentUrl\":\"https:\\\/\\\/www.sopro.pt\\\/wp-content\\\/uploads\\\/2022\\\/04\\\/183.jpg\",\"width\":1080,\"height\":1080,\"caption\":\"KIT DE ACESS\u00d3RIOS PARA NANO MIST\"},{\"@type\":\"BreadcrumbList\",\"@id\":\"https:\\\/\\\/www.sopro.pt\\\/en\\\/produto\\\/hair-spa-kit-for-nano-mist\\\/#breadcrumb\",\"itemListElement\":[{\"@type\":\"ListItem\",\"position\":1,\"name\":\"In\u00edcio\",\"item\":\"https:\\\/\\\/www.sopro.pt\\\/en\\\/home-2\\\/\"},{\"@type\":\"ListItem\",\"position\":2,\"name\":\"Products\",\"item\":\"https:\\\/\\\/www.sopro.pt\\\/en\\\/shop\\\/\"},{\"@type\":\"ListItem\",\"position\":3,\"name\":\"HAIR SPA KIT FOR NANO MIST\u00ae\"}]},{\"@type\":\"WebSite\",\"@id\":\"https:\\\/\\\/www.sopro.pt\\\/en\\\/#website\",\"url\":\"https:\\\/\\\/www.sopro.pt\\\/en\\\/\",\"name\":\"Sopro Professionals\",\"description\":\"Professional - Equipamentos el\u00e9tricos para cabeleireiro. A Sopro \u00e9 uma marca Portuguesa de equipamentos el\u00e9tricos do setor profissional de cabeleireiro.\",\"publisher\":{\"@id\":\"https:\\\/\\\/www.sopro.pt\\\/en\\\/#organization\"},\"alternateName\":\"Sopro\",\"potentialAction\":[{\"@type\":\"SearchAction\",\"target\":{\"@type\":\"EntryPoint\",\"urlTemplate\":\"https:\\\/\\\/www.sopro.pt\\\/en\\\/?s={search_term_string}\"},\"query-input\":{\"@type\":\"PropertyValueSpecification\",\"valueRequired\":true,\"valueName\":\"search_term_string\"}}],\"inLanguage\":\"en-US\"},{\"@type\":\"Organization\",\"@id\":\"https:\\\/\\\/www.sopro.pt\\\/en\\\/#organization\",\"name\":\"Sopro Professionals\",\"url\":\"https:\\\/\\\/www.sopro.pt\\\/en\\\/\",\"logo\":{\"@type\":\"ImageObject\",\"inLanguage\":\"en-US\",\"@id\":\"https:\\\/\\\/www.sopro.pt\\\/en\\\/#\\\/schema\\\/logo\\\/image\\\/\",\"url\":\"https:\\\/\\\/www.sopro.pt\\\/wp-content\\\/uploads\\\/2024\\\/01\\\/SOPRO-PROFESSIONALS-FAVICON-web.svg\",\"contentUrl\":\"https:\\\/\\\/www.sopro.pt\\\/wp-content\\\/uploads\\\/2024\\\/01\\\/SOPRO-PROFESSIONALS-FAVICON-web.svg\",\"width\":512,\"height\":512,\"caption\":\"Sopro Professionals\"},\"image\":{\"@id\":\"https:\\\/\\\/www.sopro.pt\\\/en\\\/#\\\/schema\\\/logo\\\/image\\\/\"},\"sameAs\":[\"https:\\\/\\\/www.facebook.com\\\/soproprofessionals\\\/\",\"https:\\\/\\\/www.instagram.com\\\/sopro_professionals\\\/\"]}]}<\/script>\n<!-- \/ Yoast SEO plugin. -->","yoast_head_json":{"title":"HAIR SPA KIT FOR NANO MIST\u00ae - Sopro - Equipamentos el\u00e9tricos para cabeleireiro","description":"Professional - Equipamentos el\u00e9tricos para cabeleireiro. A Sopro \u00e9 uma marca Portuguesa de equipamentos el\u00e9tricos do setor profissional de cabeleireiro.","robots":{"index":"index","follow":"follow","max-snippet":"max-snippet:-1","max-image-preview":"max-image-preview:large","max-video-preview":"max-video-preview:-1"},"canonical":"https:\/\/www.sopro.pt\/en\/produto\/hair-spa-kit-for-nano-mist\/","og_locale":"en_US","og_type":"article","og_title":"HAIR SPA KIT FOR NANO MIST\u00ae - Sopro - Equipamentos el\u00e9tricos para cabeleireiro","og_description":"Professional - Equipamentos el\u00e9tricos para cabeleireiro. A Sopro \u00e9 uma marca Portuguesa de equipamentos el\u00e9tricos do setor profissional de cabeleireiro.","og_url":"https:\/\/www.sopro.pt\/en\/produto\/hair-spa-kit-for-nano-mist\/","og_site_name":"Sopro - Equipamentos el\u00e9tricos para cabeleireiro","article_publisher":"https:\/\/www.facebook.com\/soproprofessionals\/","article_modified_time":"2024-05-09T11:42:41+00:00","og_image":[{"width":1080,"height":1080,"url":"https:\/\/www.sopro.pt\/wp-content\/uploads\/2022\/04\/183.jpg","type":"image\/jpeg"}],"twitter_card":"summary_large_image","twitter_misc":{"Est. reading time":"1 minute"},"schema":{"@context":"https:\/\/schema.org","@graph":[{"@type":"WebPage","@id":"https:\/\/www.sopro.pt\/en\/produto\/hair-spa-kit-for-nano-mist\/","url":"https:\/\/www.sopro.pt\/en\/produto\/hair-spa-kit-for-nano-mist\/","name":"HAIR SPA KIT FOR NANO MIST\u00ae - Sopro - Equipamentos el\u00e9tricos para cabeleireiro","isPartOf":{"@id":"https:\/\/www.sopro.pt\/en\/#website"},"primaryImageOfPage":{"@id":"https:\/\/www.sopro.pt\/en\/produto\/hair-spa-kit-for-nano-mist\/#primaryimage"},"image":{"@id":"https:\/\/www.sopro.pt\/en\/produto\/hair-spa-kit-for-nano-mist\/#primaryimage"},"thumbnailUrl":"https:\/\/www.sopro.pt\/wp-content\/uploads\/2022\/04\/183.jpg","datePublished":"2022-04-19T07:36:08+00:00","dateModified":"2024-05-09T11:42:41+00:00","description":"Professional - Equipamentos el\u00e9tricos para cabeleireiro. A Sopro \u00e9 uma marca Portuguesa de equipamentos el\u00e9tricos do setor profissional de cabeleireiro.","breadcrumb":{"@id":"https:\/\/www.sopro.pt\/en\/produto\/hair-spa-kit-for-nano-mist\/#breadcrumb"},"inLanguage":"en-US","potentialAction":[{"@type":"ReadAction","target":["https:\/\/www.sopro.pt\/en\/produto\/hair-spa-kit-for-nano-mist\/"]}]},{"@type":"ImageObject","inLanguage":"en-US","@id":"https:\/\/www.sopro.pt\/en\/produto\/hair-spa-kit-for-nano-mist\/#primaryimage","url":"https:\/\/www.sopro.pt\/wp-content\/uploads\/2022\/04\/183.jpg","contentUrl":"https:\/\/www.sopro.pt\/wp-content\/uploads\/2022\/04\/183.jpg","width":1080,"height":1080,"caption":"KIT DE ACESS\u00d3RIOS PARA NANO MIST"},{"@type":"BreadcrumbList","@id":"https:\/\/www.sopro.pt\/en\/produto\/hair-spa-kit-for-nano-mist\/#breadcrumb","itemListElement":[{"@type":"ListItem","position":1,"name":"In\u00edcio","item":"https:\/\/www.sopro.pt\/en\/home-2\/"},{"@type":"ListItem","position":2,"name":"Products","item":"https:\/\/www.sopro.pt\/en\/shop\/"},{"@type":"ListItem","position":3,"name":"HAIR SPA KIT FOR NANO MIST\u00ae"}]},{"@type":"WebSite","@id":"https:\/\/www.sopro.pt\/en\/#website","url":"https:\/\/www.sopro.pt\/en\/","name":"Sopro Professionals","description":"Professional - Equipamentos el\u00e9tricos para cabeleireiro. A Sopro \u00e9 uma marca Portuguesa de equipamentos el\u00e9tricos do setor profissional de cabeleireiro.","publisher":{"@id":"https:\/\/www.sopro.pt\/en\/#organization"},"alternateName":"Sopro","potentialAction":[{"@type":"SearchAction","target":{"@type":"EntryPoint","urlTemplate":"https:\/\/www.sopro.pt\/en\/?s={search_term_string}"},"query-input":{"@type":"PropertyValueSpecification","valueRequired":true,"valueName":"search_term_string"}}],"inLanguage":"en-US"},{"@type":"Organization","@id":"https:\/\/www.sopro.pt\/en\/#organization","name":"Sopro Professionals","url":"https:\/\/www.sopro.pt\/en\/","logo":{"@type":"ImageObject","inLanguage":"en-US","@id":"https:\/\/www.sopro.pt\/en\/#\/schema\/logo\/image\/","url":"https:\/\/www.sopro.pt\/wp-content\/uploads\/2024\/01\/SOPRO-PROFESSIONALS-FAVICON-web.svg","contentUrl":"https:\/\/www.sopro.pt\/wp-content\/uploads\/2024\/01\/SOPRO-PROFESSIONALS-FAVICON-web.svg","width":512,"height":512,"caption":"Sopro Professionals"},"image":{"@id":"https:\/\/www.sopro.pt\/en\/#\/schema\/logo\/image\/"},"sameAs":["https:\/\/www.facebook.com\/soproprofessionals\/","https:\/\/www.instagram.com\/sopro_professionals\/"]}]}},"_links":{"self":[{"href":"https:\/\/www.sopro.pt\/en\/wp-json\/wp\/v2\/product\/10944","targetHints":{"allow":["GET"]}}],"collection":[{"href":"https:\/\/www.sopro.pt\/en\/wp-json\/wp\/v2\/product"}],"about":[{"href":"https:\/\/www.sopro.pt\/en\/wp-json\/wp\/v2\/types\/product"}],"version-history":[{"count":1,"href":"https:\/\/www.sopro.pt\/en\/wp-json\/wp\/v2\/product\/10944\/revisions"}],"predecessor-version":[{"id":10946,"href":"https:\/\/www.sopro.pt\/en\/wp-json\/wp\/v2\/product\/10944\/revisions\/10946"}],"wp:featuredmedia":[{"embeddable":true,"href":"https:\/\/www.sopro.pt\/en\/wp-json\/wp\/v2\/media\/10475"}],"wp:attachment":[{"href":"https:\/\/www.sopro.pt\/en\/wp-json\/wp\/v2\/media?parent=10944"}],"wp:term":[{"taxonomy":"product_brand","embeddable":true,"href":"https:\/\/www.sopro.pt\/en\/wp-json\/wp\/v2\/product_brand?post=10944"},{"taxonomy":"product_cat","embeddable":true,"href":"https:\/\/www.sopro.pt\/en\/wp-json\/wp\/v2\/product_cat?post=10944"},{"taxonomy":"product_tag","embeddable":true,"href":"https:\/\/www.sopro.pt\/en\/wp-json\/wp\/v2\/product_tag?post=10944"}],"curies":[{"name":"wp","href":"https:\/\/api.w.org\/{rel}","templated":true}]}}