{"id":10728,"date":"2024-04-10T14:08:42","date_gmt":"2024-04-10T14:08:42","guid":{"rendered":"https:\/\/www.sopro.pt\/produto\/portable-depilatory-wax-heater\/"},"modified":"2025-07-18T13:44:39","modified_gmt":"2025-07-18T13:44:39","slug":"aquecedor-portatil-de-cera-depilatoria","status":"publish","type":"product","link":"https:\/\/www.sopro.pt\/en\/produto\/aquecedor-portatil-de-cera-depilatoria\/","title":{"rendered":"Portable Depilatory Wax Heater"},"content":{"rendered":"<p>Double Base with Roll-On with Temperature Regulation.<\/p>\n<p>A professional system that allows working with all types of wax on the market, as the melting point varies depending on the manufacturer.<\/p>\n<p>Wax of Spanish origin melts at a low temperature of around 40\/50 degrees, while wax of Italian origin melts at higher temperatures, around 50\/60 degrees. Our equipment has a temperature regulator that allows the user to adapt the temperature to the most suitable melting point.*<\/p>\n<p>This electronic system allows for permanent energy reduction.<\/p>\n<p>*Does not include the wax.<\/p>\n<p>Roll-On Capacity: 100 \/ 110 ml<\/p>\n<p>Voltage: 220-240 V \/ 50 Hz<br \/>\n100-120 V \/ 60 Hz<\/p>\n<p>Power: 60 W<\/p>\n","protected":false},"excerpt":{"rendered":"<p><strong>Spring Sale!<\/strong><\/p>\n<p>Do not miss this opportunity of getting a Portable Depilatory Wax Heater with a great price!<br \/>\nWith easy roll-on application, double base, and temperature regulator, achieve efficient and hassle-free hair removal.<br \/>\nDon&#8217;t miss this opportunity!<\/p>\n<p>Available until 31\/12\/2025<\/p>\n","protected":false},"featured_media":10499,"template":"","meta":[],"product_brand":[],"product_cat":[157],"product_tag":[],"class_list":{"0":"post-10728","1":"product","2":"type-product","3":"status-publish","4":"has-post-thumbnail","6":"product_cat-all-categories","8":"first","9":"instock","10":"sale","11":"shipping-taxable","12":"purchasable","13":"product-type-simple","14":"wpzoom-wc-spi-has-enabled"},"yoast_head":"<!-- This site is optimized with the Yoast SEO plugin v27.3 - https:\/\/yoast.com\/product\/yoast-seo-wordpress\/ -->\n<title>Portable Depilatory Wax Heater - Sopro - Equipamentos el\u00e9tricos para cabeleireiro<\/title>\n<meta name=\"description\" content=\"Professional - Equipamentos el\u00e9tricos para cabeleireiro. A Sopro \u00e9 uma marca Portuguesa de equipamentos el\u00e9tricos do setor profissional de cabeleireiro.\" \/>\n<meta name=\"robots\" content=\"index, follow, max-snippet:-1, max-image-preview:large, max-video-preview:-1\" \/>\n<link rel=\"canonical\" href=\"https:\/\/www.sopro.pt\/en\/produto\/aquecedor-portatil-de-cera-depilatoria\/\" \/>\n<meta property=\"og:locale\" content=\"en_US\" \/>\n<meta property=\"og:type\" content=\"article\" \/>\n<meta property=\"og:title\" content=\"Portable Depilatory Wax Heater - Sopro - Equipamentos el\u00e9tricos para cabeleireiro\" \/>\n<meta property=\"og:description\" content=\"Professional - Equipamentos el\u00e9tricos para cabeleireiro. A Sopro \u00e9 uma marca Portuguesa de equipamentos el\u00e9tricos do setor profissional de cabeleireiro.\" \/>\n<meta property=\"og:url\" content=\"https:\/\/www.sopro.pt\/en\/produto\/aquecedor-portatil-de-cera-depilatoria\/\" \/>\n<meta property=\"og:site_name\" content=\"Sopro - Equipamentos el\u00e9tricos para cabeleireiro\" \/>\n<meta property=\"article:publisher\" content=\"https:\/\/www.facebook.com\/soproprofessionals\/\" \/>\n<meta property=\"article:modified_time\" content=\"2025-07-18T13:44:39+00:00\" \/>\n<meta property=\"og:image\" content=\"https:\/\/www.sopro.pt\/wp-content\/uploads\/2024\/04\/Sopro-Professionals-AQUECEDOR-PORTATIL-DE-CERA.jpg\" \/>\n\t<meta property=\"og:image:width\" content=\"1080\" \/>\n\t<meta property=\"og:image:height\" content=\"1080\" \/>\n\t<meta property=\"og:image:type\" content=\"image\/jpeg\" \/>\n<meta name=\"twitter:card\" content=\"summary_large_image\" \/>\n<script type=\"application\/ld+json\" class=\"yoast-schema-graph\">{\"@context\":\"https:\\\/\\\/schema.org\",\"@graph\":[{\"@type\":\"WebPage\",\"@id\":\"https:\\\/\\\/www.sopro.pt\\\/en\\\/produto\\\/aquecedor-portatil-de-cera-depilatoria\\\/\",\"url\":\"https:\\\/\\\/www.sopro.pt\\\/en\\\/produto\\\/aquecedor-portatil-de-cera-depilatoria\\\/\",\"name\":\"Portable Depilatory Wax Heater - Sopro - Equipamentos el\u00e9tricos para cabeleireiro\",\"isPartOf\":{\"@id\":\"https:\\\/\\\/www.sopro.pt\\\/en\\\/#website\"},\"primaryImageOfPage\":{\"@id\":\"https:\\\/\\\/www.sopro.pt\\\/en\\\/produto\\\/aquecedor-portatil-de-cera-depilatoria\\\/#primaryimage\"},\"image\":{\"@id\":\"https:\\\/\\\/www.sopro.pt\\\/en\\\/produto\\\/aquecedor-portatil-de-cera-depilatoria\\\/#primaryimage\"},\"thumbnailUrl\":\"https:\\\/\\\/www.sopro.pt\\\/wp-content\\\/uploads\\\/2024\\\/04\\\/Sopro-Professionals-AQUECEDOR-PORTATIL-DE-CERA.jpg\",\"datePublished\":\"2024-04-10T14:08:42+00:00\",\"dateModified\":\"2025-07-18T13:44:39+00:00\",\"description\":\"Professional - Equipamentos el\u00e9tricos para cabeleireiro. A Sopro \u00e9 uma marca Portuguesa de equipamentos el\u00e9tricos do setor profissional de cabeleireiro.\",\"breadcrumb\":{\"@id\":\"https:\\\/\\\/www.sopro.pt\\\/en\\\/produto\\\/aquecedor-portatil-de-cera-depilatoria\\\/#breadcrumb\"},\"inLanguage\":\"en-US\",\"potentialAction\":[{\"@type\":\"ReadAction\",\"target\":[\"https:\\\/\\\/www.sopro.pt\\\/en\\\/produto\\\/aquecedor-portatil-de-cera-depilatoria\\\/\"]}]},{\"@type\":\"ImageObject\",\"inLanguage\":\"en-US\",\"@id\":\"https:\\\/\\\/www.sopro.pt\\\/en\\\/produto\\\/aquecedor-portatil-de-cera-depilatoria\\\/#primaryimage\",\"url\":\"https:\\\/\\\/www.sopro.pt\\\/wp-content\\\/uploads\\\/2024\\\/04\\\/Sopro-Professionals-AQUECEDOR-PORTATIL-DE-CERA.jpg\",\"contentUrl\":\"https:\\\/\\\/www.sopro.pt\\\/wp-content\\\/uploads\\\/2024\\\/04\\\/Sopro-Professionals-AQUECEDOR-PORTATIL-DE-CERA.jpg\",\"width\":1080,\"height\":1080,\"caption\":\"Portable Depilatory Wax Heater \\\/ Roll On\"},{\"@type\":\"BreadcrumbList\",\"@id\":\"https:\\\/\\\/www.sopro.pt\\\/en\\\/produto\\\/aquecedor-portatil-de-cera-depilatoria\\\/#breadcrumb\",\"itemListElement\":[{\"@type\":\"ListItem\",\"position\":1,\"name\":\"In\u00edcio\",\"item\":\"https:\\\/\\\/www.sopro.pt\\\/en\\\/home-2\\\/\"},{\"@type\":\"ListItem\",\"position\":2,\"name\":\"Products\",\"item\":\"https:\\\/\\\/www.sopro.pt\\\/en\\\/shop\\\/\"},{\"@type\":\"ListItem\",\"position\":3,\"name\":\"Portable Depilatory Wax Heater\"}]},{\"@type\":\"WebSite\",\"@id\":\"https:\\\/\\\/www.sopro.pt\\\/en\\\/#website\",\"url\":\"https:\\\/\\\/www.sopro.pt\\\/en\\\/\",\"name\":\"Sopro Professionals\",\"description\":\"Professional - Equipamentos el\u00e9tricos para cabeleireiro. A Sopro \u00e9 uma marca Portuguesa de equipamentos el\u00e9tricos do setor profissional de cabeleireiro.\",\"publisher\":{\"@id\":\"https:\\\/\\\/www.sopro.pt\\\/en\\\/#organization\"},\"alternateName\":\"Sopro\",\"potentialAction\":[{\"@type\":\"SearchAction\",\"target\":{\"@type\":\"EntryPoint\",\"urlTemplate\":\"https:\\\/\\\/www.sopro.pt\\\/en\\\/?s={search_term_string}\"},\"query-input\":{\"@type\":\"PropertyValueSpecification\",\"valueRequired\":true,\"valueName\":\"search_term_string\"}}],\"inLanguage\":\"en-US\"},{\"@type\":\"Organization\",\"@id\":\"https:\\\/\\\/www.sopro.pt\\\/en\\\/#organization\",\"name\":\"Sopro Professionals\",\"url\":\"https:\\\/\\\/www.sopro.pt\\\/en\\\/\",\"logo\":{\"@type\":\"ImageObject\",\"inLanguage\":\"en-US\",\"@id\":\"https:\\\/\\\/www.sopro.pt\\\/en\\\/#\\\/schema\\\/logo\\\/image\\\/\",\"url\":\"https:\\\/\\\/www.sopro.pt\\\/wp-content\\\/uploads\\\/2024\\\/01\\\/SOPRO-PROFESSIONALS-FAVICON-web.svg\",\"contentUrl\":\"https:\\\/\\\/www.sopro.pt\\\/wp-content\\\/uploads\\\/2024\\\/01\\\/SOPRO-PROFESSIONALS-FAVICON-web.svg\",\"width\":512,\"height\":512,\"caption\":\"Sopro Professionals\"},\"image\":{\"@id\":\"https:\\\/\\\/www.sopro.pt\\\/en\\\/#\\\/schema\\\/logo\\\/image\\\/\"},\"sameAs\":[\"https:\\\/\\\/www.facebook.com\\\/soproprofessionals\\\/\",\"https:\\\/\\\/www.instagram.com\\\/sopro_professionals\\\/\"]}]}<\/script>\n<!-- \/ Yoast SEO plugin. -->","yoast_head_json":{"title":"Portable Depilatory Wax Heater - Sopro - Equipamentos el\u00e9tricos para cabeleireiro","description":"Professional - Equipamentos el\u00e9tricos para cabeleireiro. A Sopro \u00e9 uma marca Portuguesa de equipamentos el\u00e9tricos do setor profissional de cabeleireiro.","robots":{"index":"index","follow":"follow","max-snippet":"max-snippet:-1","max-image-preview":"max-image-preview:large","max-video-preview":"max-video-preview:-1"},"canonical":"https:\/\/www.sopro.pt\/en\/produto\/aquecedor-portatil-de-cera-depilatoria\/","og_locale":"en_US","og_type":"article","og_title":"Portable Depilatory Wax Heater - Sopro - Equipamentos el\u00e9tricos para cabeleireiro","og_description":"Professional - Equipamentos el\u00e9tricos para cabeleireiro. A Sopro \u00e9 uma marca Portuguesa de equipamentos el\u00e9tricos do setor profissional de cabeleireiro.","og_url":"https:\/\/www.sopro.pt\/en\/produto\/aquecedor-portatil-de-cera-depilatoria\/","og_site_name":"Sopro - Equipamentos el\u00e9tricos para cabeleireiro","article_publisher":"https:\/\/www.facebook.com\/soproprofessionals\/","article_modified_time":"2025-07-18T13:44:39+00:00","og_image":[{"width":1080,"height":1080,"url":"https:\/\/www.sopro.pt\/wp-content\/uploads\/2024\/04\/Sopro-Professionals-AQUECEDOR-PORTATIL-DE-CERA.jpg","type":"image\/jpeg"}],"twitter_card":"summary_large_image","schema":{"@context":"https:\/\/schema.org","@graph":[{"@type":"WebPage","@id":"https:\/\/www.sopro.pt\/en\/produto\/aquecedor-portatil-de-cera-depilatoria\/","url":"https:\/\/www.sopro.pt\/en\/produto\/aquecedor-portatil-de-cera-depilatoria\/","name":"Portable Depilatory Wax Heater - Sopro - Equipamentos el\u00e9tricos para cabeleireiro","isPartOf":{"@id":"https:\/\/www.sopro.pt\/en\/#website"},"primaryImageOfPage":{"@id":"https:\/\/www.sopro.pt\/en\/produto\/aquecedor-portatil-de-cera-depilatoria\/#primaryimage"},"image":{"@id":"https:\/\/www.sopro.pt\/en\/produto\/aquecedor-portatil-de-cera-depilatoria\/#primaryimage"},"thumbnailUrl":"https:\/\/www.sopro.pt\/wp-content\/uploads\/2024\/04\/Sopro-Professionals-AQUECEDOR-PORTATIL-DE-CERA.jpg","datePublished":"2024-04-10T14:08:42+00:00","dateModified":"2025-07-18T13:44:39+00:00","description":"Professional - Equipamentos el\u00e9tricos para cabeleireiro. A Sopro \u00e9 uma marca Portuguesa de equipamentos el\u00e9tricos do setor profissional de cabeleireiro.","breadcrumb":{"@id":"https:\/\/www.sopro.pt\/en\/produto\/aquecedor-portatil-de-cera-depilatoria\/#breadcrumb"},"inLanguage":"en-US","potentialAction":[{"@type":"ReadAction","target":["https:\/\/www.sopro.pt\/en\/produto\/aquecedor-portatil-de-cera-depilatoria\/"]}]},{"@type":"ImageObject","inLanguage":"en-US","@id":"https:\/\/www.sopro.pt\/en\/produto\/aquecedor-portatil-de-cera-depilatoria\/#primaryimage","url":"https:\/\/www.sopro.pt\/wp-content\/uploads\/2024\/04\/Sopro-Professionals-AQUECEDOR-PORTATIL-DE-CERA.jpg","contentUrl":"https:\/\/www.sopro.pt\/wp-content\/uploads\/2024\/04\/Sopro-Professionals-AQUECEDOR-PORTATIL-DE-CERA.jpg","width":1080,"height":1080,"caption":"Portable Depilatory Wax Heater \/ Roll On"},{"@type":"BreadcrumbList","@id":"https:\/\/www.sopro.pt\/en\/produto\/aquecedor-portatil-de-cera-depilatoria\/#breadcrumb","itemListElement":[{"@type":"ListItem","position":1,"name":"In\u00edcio","item":"https:\/\/www.sopro.pt\/en\/home-2\/"},{"@type":"ListItem","position":2,"name":"Products","item":"https:\/\/www.sopro.pt\/en\/shop\/"},{"@type":"ListItem","position":3,"name":"Portable Depilatory Wax Heater"}]},{"@type":"WebSite","@id":"https:\/\/www.sopro.pt\/en\/#website","url":"https:\/\/www.sopro.pt\/en\/","name":"Sopro Professionals","description":"Professional - Equipamentos el\u00e9tricos para cabeleireiro. A Sopro \u00e9 uma marca Portuguesa de equipamentos el\u00e9tricos do setor profissional de cabeleireiro.","publisher":{"@id":"https:\/\/www.sopro.pt\/en\/#organization"},"alternateName":"Sopro","potentialAction":[{"@type":"SearchAction","target":{"@type":"EntryPoint","urlTemplate":"https:\/\/www.sopro.pt\/en\/?s={search_term_string}"},"query-input":{"@type":"PropertyValueSpecification","valueRequired":true,"valueName":"search_term_string"}}],"inLanguage":"en-US"},{"@type":"Organization","@id":"https:\/\/www.sopro.pt\/en\/#organization","name":"Sopro Professionals","url":"https:\/\/www.sopro.pt\/en\/","logo":{"@type":"ImageObject","inLanguage":"en-US","@id":"https:\/\/www.sopro.pt\/en\/#\/schema\/logo\/image\/","url":"https:\/\/www.sopro.pt\/wp-content\/uploads\/2024\/01\/SOPRO-PROFESSIONALS-FAVICON-web.svg","contentUrl":"https:\/\/www.sopro.pt\/wp-content\/uploads\/2024\/01\/SOPRO-PROFESSIONALS-FAVICON-web.svg","width":512,"height":512,"caption":"Sopro Professionals"},"image":{"@id":"https:\/\/www.sopro.pt\/en\/#\/schema\/logo\/image\/"},"sameAs":["https:\/\/www.facebook.com\/soproprofessionals\/","https:\/\/www.instagram.com\/sopro_professionals\/"]}]}},"_links":{"self":[{"href":"https:\/\/www.sopro.pt\/en\/wp-json\/wp\/v2\/product\/10728","targetHints":{"allow":["GET"]}}],"collection":[{"href":"https:\/\/www.sopro.pt\/en\/wp-json\/wp\/v2\/product"}],"about":[{"href":"https:\/\/www.sopro.pt\/en\/wp-json\/wp\/v2\/types\/product"}],"version-history":[{"count":4,"href":"https:\/\/www.sopro.pt\/en\/wp-json\/wp\/v2\/product\/10728\/revisions"}],"predecessor-version":[{"id":12291,"href":"https:\/\/www.sopro.pt\/en\/wp-json\/wp\/v2\/product\/10728\/revisions\/12291"}],"wp:featuredmedia":[{"embeddable":true,"href":"https:\/\/www.sopro.pt\/en\/wp-json\/wp\/v2\/media\/10499"}],"wp:attachment":[{"href":"https:\/\/www.sopro.pt\/en\/wp-json\/wp\/v2\/media?parent=10728"}],"wp:term":[{"taxonomy":"product_brand","embeddable":true,"href":"https:\/\/www.sopro.pt\/en\/wp-json\/wp\/v2\/product_brand?post=10728"},{"taxonomy":"product_cat","embeddable":true,"href":"https:\/\/www.sopro.pt\/en\/wp-json\/wp\/v2\/product_cat?post=10728"},{"taxonomy":"product_tag","embeddable":true,"href":"https:\/\/www.sopro.pt\/en\/wp-json\/wp\/v2\/product_tag?post=10728"}],"curies":[{"name":"wp","href":"https:\/\/api.w.org\/{rel}","templated":true}]}}